{"id":12176,"date":"2019-09-22T05:37:28","date_gmt":"2019-09-22T11:37:28","guid":{"rendered":"https:\/\/avtech-hn.com\/blog\/?post_type=product&#038;p=12176"},"modified":"2022-07-16T00:00:14","modified_gmt":"2022-07-16T06:00:14","slug":"ampero-pedalera-multiefectos","status":"publish","type":"product","link":"https:\/\/avtech-hn.com\/blog\/product\/ampero-pedalera-multiefectos\/","title":{"rendered":"Pedalera Multiefectos &#8211; Hotone &#8211; Ampero"},"content":{"rendered":"\t\t<div data-elementor-type=\"wp-post\" data-elementor-id=\"12176\" class=\"elementor elementor-12176\">\n\t\t\t\t\t\t<div class=\"elementor-inner\">\n\t\t\t\t<div class=\"elementor-section-wrap\">\n\t\t\t\t\t\t\t\t\t<section class=\"elementor-section elementor-top-section elementor-element elementor-element-81535c0 elementor-section-boxed elementor-section-height-default elementor-section-height-default\" data-id=\"81535c0\" data-element_type=\"section\">\n\t\t\t\t\t\t<div class=\"elementor-container elementor-column-gap-default\">\n\t\t\t\t\t\t\t<div class=\"elementor-row\">\n\t\t\t\t\t<div class=\"elementor-column elementor-col-100 elementor-top-column elementor-element elementor-element-05a030c\" data-id=\"05a030c\" data-element_type=\"column\">\n\t\t\t<div class=\"elementor-column-wrap elementor-element-populated\">\n\t\t\t\t\t\t\t<div class=\"elementor-widget-wrap\">\n\t\t\t\t\t\t<div class=\"elementor-element elementor-element-59029e1 elementor-widget elementor-widget-video\" data-id=\"59029e1\" data-element_type=\"widget\" data-settings=\"{&quot;youtube_url&quot;:&quot;https:\\\/\\\/www.youtube.com\\\/watch?v=qMLt9s_BD-U&amp;t=6s&quot;,&quot;video_type&quot;:&quot;youtube&quot;,&quot;controls&quot;:&quot;yes&quot;}\" data-widget_type=\"video.default\">\n\t\t\t\t<div class=\"elementor-widget-container\">\n\t\t\t\t\t<div class=\"elementor-wrapper elementor-open-inline\">\n\t\t\t<div class=\"elementor-video\"><\/div>\t\t<\/div>\n\t\t\t\t<\/div>\n\t\t\t\t<\/div>\n\t\t\t\t\t\t<\/div>\n\t\t\t\t\t<\/div>\n\t\t<\/div>\n\t\t\t\t\t\t\t\t<\/div>\n\t\t\t\t\t<\/div>\n\t\t<\/section>\n\t\t\t\t\t\t\t\t\t<\/div>\n\t\t\t<\/div>\n\t\t\t\t\t<\/div>\n\t\t","protected":false},"excerpt":{"rendered":"<p>242 efectos<\/p>\n<p>Efectos de modelado que incluyen:<\/p>\n<p>64\u00a0 modelos de amplificadores<\/p>\n<p>60 modelos de cabina<\/p>\n<p>100 + modelos de pedales legendarios<\/p>\n<p>posici\u00f3n de micr\u00f3fono de pr\u00f3xima generaci\u00f3n y simulaciones de tipo de micr\u00f3fono<\/p>\n<p>Cargador IR personalizado por el usuario con soporte IR de terceros<\/p>\n<p>M\u00e1s de 50 efectos originales de Hotone (incluidos modelos de disco \/ din\u00e1mico \/ filtro \/ mod \/ delay \/ reverb de alta calidad y m\u00e1s)<\/p>\n","protected":false},"featured_media":17583,"comment_status":"open","ping_status":"closed","template":"","meta":[],"product_cat":[209],"product_tag":[58,202,57,224,59],"_links":{"self":[{"href":"https:\/\/avtech-hn.com\/blog\/wp-json\/wp\/v2\/product\/12176"}],"collection":[{"href":"https:\/\/avtech-hn.com\/blog\/wp-json\/wp\/v2\/product"}],"about":[{"href":"https:\/\/avtech-hn.com\/blog\/wp-json\/wp\/v2\/types\/product"}],"replies":[{"embeddable":true,"href":"https:\/\/avtech-hn.com\/blog\/wp-json\/wp\/v2\/comments?post=12176"}],"version-history":[{"count":17,"href":"https:\/\/avtech-hn.com\/blog\/wp-json\/wp\/v2\/product\/12176\/revisions"}],"predecessor-version":[{"id":33479,"href":"https:\/\/avtech-hn.com\/blog\/wp-json\/wp\/v2\/product\/12176\/revisions\/33479"}],"wp:featuredmedia":[{"embeddable":true,"href":"https:\/\/avtech-hn.com\/blog\/wp-json\/wp\/v2\/media\/17583"}],"wp:attachment":[{"href":"https:\/\/avtech-hn.com\/blog\/wp-json\/wp\/v2\/media?parent=12176"}],"wp:term":[{"taxonomy":"product_cat","embeddable":true,"href":"https:\/\/avtech-hn.com\/blog\/wp-json\/wp\/v2\/product_cat?post=12176"},{"taxonomy":"product_tag","embeddable":true,"href":"https:\/\/avtech-hn.com\/blog\/wp-json\/wp\/v2\/product_tag?post=12176"}],"curies":[{"name":"wp","href":"https:\/\/api.w.org\/{rel}","templated":true}]}}