{"id":12443,"date":"2019-09-23T21:03:35","date_gmt":"2019-09-24T03:03:35","guid":{"rendered":"https:\/\/avtech-hn.com\/blog\/?post_type=product&#038;p=12443"},"modified":"2020-11-18T17:03:54","modified_gmt":"2020-11-18T23:03:54","slug":"parlante-s8-2b","status":"publish","type":"product","link":"https:\/\/avtech-hn.com\/blog\/product\/parlante-s8-2b\/","title":{"rendered":"Parlante Ambiental &#8211; Electro-Voice &#8211; EVID S8 2B"},"content":{"rendered":"\t\t<div data-elementor-type=\"wp-post\" data-elementor-id=\"12443\" class=\"elementor elementor-12443\">\n\t\t\t\t\t\t<div class=\"elementor-inner\">\n\t\t\t\t<div class=\"elementor-section-wrap\">\n\t\t\t\t\t\t\t\t\t<section class=\"elementor-section elementor-top-section elementor-element elementor-element-33bd79a4 elementor-section-boxed elementor-section-height-default elementor-section-height-default\" data-id=\"33bd79a4\" data-element_type=\"section\">\n\t\t\t\t\t\t<div class=\"elementor-container elementor-column-gap-default\">\n\t\t\t\t\t\t\t<div class=\"elementor-row\">\n\t\t\t\t\t<div class=\"elementor-column elementor-col-100 elementor-top-column elementor-element elementor-element-38fdea0\" data-id=\"38fdea0\" data-element_type=\"column\">\n\t\t\t<div class=\"elementor-column-wrap elementor-element-populated\">\n\t\t\t\t\t\t\t<div class=\"elementor-widget-wrap\">\n\t\t\t\t\t\t<div class=\"elementor-element elementor-element-57a8daa2 elementor-widget elementor-widget-text-editor\" data-id=\"57a8daa2\" data-element_type=\"widget\" data-widget_type=\"text-editor.default\">\n\t\t\t\t<div class=\"elementor-widget-container\">\n\t\t\t\t\t\t\t\t<div class=\"elementor-text-editor elementor-clearfix\">\n\t\t\t\t<p id=\"tw-target-text\" class=\"tw-data-text tw-text-large tw-ta\" dir=\"ltr\" data-placeholder=\"Traducci\u00f3n\"><span lang=\"es\" tabindex=\"0\">El EVID-S8.2 de Electro-Voice es un altavoz de montaje en superficie de 8 \u00ab(203 mm) de alto rendimiento, dos v\u00edas, rango completo con excelente cobertura amplia y uniforme, y un rendimiento sobresaliente. <\/span><\/p><p class=\"tw-data-text tw-text-large tw-ta\" dir=\"ltr\" data-placeholder=\"Traducci\u00f3n\"><span lang=\"es\" tabindex=\"0\">Est\u00e1 dise\u00f1ado para fondo y m\u00fasica en primer plano, paginaci\u00f3n y refuerzo de sonido, y es ideal para una amplia variedad de aplicaciones interiores y exteriores, como restaurantes, bares, patios, tiendas, gimnasios, hoteles, parques tem\u00e1ticos, lugares de ocio y otros. de instalaci\u00f3n, resistente a la intemperie, aspecto moderno y delicado, y sus opciones de montaje flexibles, el EVID-S8.2 es la soluci\u00f3n perfecta para una amplia variedad de aplicaciones de montaje en superficie.<\/span><\/p>\t\t\t\t\t<\/div>\n\t\t\t\t\t\t<\/div>\n\t\t\t\t<\/div>\n\t\t\t\t\t\t<\/div>\n\t\t\t\t\t<\/div>\n\t\t<\/div>\n\t\t\t\t\t\t\t\t<\/div>\n\t\t\t\t\t<\/div>\n\t\t<\/section>\n\t\t\t\t\t\t\t\t\t<\/div>\n\t\t\t<\/div>\n\t\t\t\t\t<\/div>\n\t\t","protected":false},"excerpt":{"rendered":"<p>Parlantes de Pared Electro-Voice 8&#8243; par 8\u03a9, 2 v\u00edas<br \/>\nPrecio por par<\/p>\n","protected":false},"featured_media":12439,"comment_status":"open","ping_status":"closed","template":"","meta":[],"product_cat":[93],"product_tag":[53,55,75,72,54],"_links":{"self":[{"href":"https:\/\/avtech-hn.com\/blog\/wp-json\/wp\/v2\/product\/12443"}],"collection":[{"href":"https:\/\/avtech-hn.com\/blog\/wp-json\/wp\/v2\/product"}],"about":[{"href":"https:\/\/avtech-hn.com\/blog\/wp-json\/wp\/v2\/types\/product"}],"replies":[{"embeddable":true,"href":"https:\/\/avtech-hn.com\/blog\/wp-json\/wp\/v2\/comments?post=12443"}],"version-history":[{"count":21,"href":"https:\/\/avtech-hn.com\/blog\/wp-json\/wp\/v2\/product\/12443\/revisions"}],"predecessor-version":[{"id":26671,"href":"https:\/\/avtech-hn.com\/blog\/wp-json\/wp\/v2\/product\/12443\/revisions\/26671"}],"wp:featuredmedia":[{"embeddable":true,"href":"https:\/\/avtech-hn.com\/blog\/wp-json\/wp\/v2\/media\/12439"}],"wp:attachment":[{"href":"https:\/\/avtech-hn.com\/blog\/wp-json\/wp\/v2\/media?parent=12443"}],"wp:term":[{"taxonomy":"product_cat","embeddable":true,"href":"https:\/\/avtech-hn.com\/blog\/wp-json\/wp\/v2\/product_cat?post=12443"},{"taxonomy":"product_tag","embeddable":true,"href":"https:\/\/avtech-hn.com\/blog\/wp-json\/wp\/v2\/product_tag?post=12443"}],"curies":[{"name":"wp","href":"https:\/\/api.w.org\/{rel}","templated":true}]}}