{"id":12576,"date":"2019-09-24T02:34:48","date_gmt":"2019-09-24T08:34:48","guid":{"rendered":"https:\/\/avtech-hn.com\/blog\/?post_type=product&#038;p=12576"},"modified":"2021-05-16T19:11:24","modified_gmt":"2021-05-17T01:11:24","slug":"cuerdas-metal-para-guitarra-acustica-nickel-bronze","status":"publish","type":"product","link":"https:\/\/avtech-hn.com\/blog\/product\/cuerdas-metal-para-guitarra-acustica-nickel-bronze\/","title":{"rendered":"Set de Cuerdas &#8211; Nickel Bronze &#8211; Guitarra Ac\u00fastica &#8211; .011-.052"},"content":{"rendered":"\t\t<div data-elementor-type=\"wp-post\" data-elementor-id=\"12576\" class=\"elementor elementor-12576\">\n\t\t\t\t\t\t<div class=\"elementor-inner\">\n\t\t\t\t<div class=\"elementor-section-wrap\">\n\t\t\t\t\t\t\t\t\t<section class=\"elementor-section elementor-top-section elementor-element elementor-element-33bd79a4 elementor-section-boxed elementor-section-height-default elementor-section-height-default\" data-id=\"33bd79a4\" data-element_type=\"section\">\n\t\t\t\t\t\t<div class=\"elementor-container elementor-column-gap-default\">\n\t\t\t\t\t\t\t<div class=\"elementor-row\">\n\t\t\t\t\t<div class=\"elementor-column elementor-col-100 elementor-top-column elementor-element elementor-element-38fdea0\" data-id=\"38fdea0\" data-element_type=\"column\">\n\t\t\t<div class=\"elementor-column-wrap elementor-element-populated\">\n\t\t\t\t\t\t\t<div class=\"elementor-widget-wrap\">\n\t\t\t\t\t\t<div class=\"elementor-element elementor-element-57a8daa2 elementor-widget elementor-widget-text-editor\" data-id=\"57a8daa2\" data-element_type=\"widget\" data-widget_type=\"text-editor.default\">\n\t\t\t\t<div class=\"elementor-widget-container\">\n\t\t\t\t\t\t\t\t<div class=\"elementor-text-editor elementor-clearfix\">\n\t\t\t\t<p id=\"tw-target-text\" class=\"tw-data-text tw-text-large tw-ta\" dir=\"ltr\" data-placeholder=\"Traducci\u00f3n\"><span lang=\"es\" tabindex=\"0\">Nb1152 es un compromiso c\u00f3modo para los jugadores que desean la profundidad y la proyecci\u00f3n de las cuerdas inferiores de calibre ligero, pero un poco menos de tensi\u00f3n en las cuerdas altas para facilitar la flexi\u00f3n.<\/span><\/p><p class=\"tw-data-text tw-text-large tw-ta\" dir=\"ltr\" data-placeholder=\"Traducci\u00f3n\"><span lang=\"es\" tabindex=\"0\"> Las cuerdas de n\u00edquel bronce son las cuerdas ac\u00fasticas premium sin recubrimiento de D\u2019Addario. Con una combinaci\u00f3n innovadora de bronce fosforado niquelado envuelto en un n\u00facleo de acero NY de alto carbono, estas cuerdas resaltan las caracter\u00edsticas tonales \u00fanicas de cualquier guitarra, permitiendo que su voz natural brille realmente. <\/span><\/p><p class=\"tw-data-text tw-text-large tw-ta\" dir=\"ltr\" data-placeholder=\"Traducci\u00f3n\"><span lang=\"es\" tabindex=\"0\">El bronce de n\u00edquel ofrece una claridad, resonancia y proyecci\u00f3n inigualables, as\u00ed como un equilibrio sobresaliente y matices arm\u00f3nicamente ricos. Los jugadores tambi\u00e9n disfrutar\u00e1n de una estabilidad de afinaci\u00f3n mejorada y una mayor resistencia a la rotura, gracias a los n\u00facleos de acero y las cuerdas de acero liso de D\u2019Addario. D&#8217;Addario, el mayor fabricante mundial de cuerdas de instrumentos musicales, es conocido como la elecci\u00f3n de los jugadores con una reputaci\u00f3n de calidad y consistencia sin igual. <\/span><\/p><p class=\"tw-data-text tw-text-large tw-ta\" dir=\"ltr\" data-placeholder=\"Traducci\u00f3n\"><span lang=\"es\" tabindex=\"0\">El innovador embalaje ecol\u00f3gico de D&#8217;Addario reduce el desperdicio y brinda protecci\u00f3n contra la corrosi\u00f3n.<\/span><span lang=\"es\" tabindex=\"0\"> Todas las cuerdas D&#8217;Addario se fabrican en los EE. UU. Utilizando maquinaria patentada, controlada digitalmente y de vanguardia para un rendimiento inigualable, conjunto tras conjunto.<\/span><\/p>\t\t\t\t\t<\/div>\n\t\t\t\t\t\t<\/div>\n\t\t\t\t<\/div>\n\t\t\t\t\t\t<\/div>\n\t\t\t\t\t<\/div>\n\t\t<\/div>\n\t\t\t\t\t\t\t\t<\/div>\n\t\t\t\t\t<\/div>\n\t\t<\/section>\n\t\t\t\t\t\t\t\t\t<\/div>\n\t\t\t<\/div>\n\t\t\t\t\t<\/div>\n\t\t","protected":false},"excerpt":{"rendered":"<p id=\"tw-target-text\" class=\"tw-data-text tw-text-large tw-ta\" dir=\"ltr\" data-placeholder=\"Traducci\u00f3n\"><span lang=\"es\" tabindex=\"0\">Ofrece un espectro tonal completo, revelando las cualidades tonales \u00fanicas de su guitarra ac\u00fastica <\/span><\/p>\n<p class=\"tw-data-text tw-text-large tw-ta\" dir=\"ltr\" data-placeholder=\"Traducci\u00f3n\"><span lang=\"es\" tabindex=\"0\">Mayor resistencia a la corrosi\u00f3n para una cuerda sin recubrimiento de mayor duraci\u00f3n. <\/span><\/p>\n","protected":false},"featured_media":12577,"comment_status":"open","ping_status":"closed","template":"","meta":[],"product_cat":[87],"product_tag":[85,81,86],"_links":{"self":[{"href":"https:\/\/avtech-hn.com\/blog\/wp-json\/wp\/v2\/product\/12576"}],"collection":[{"href":"https:\/\/avtech-hn.com\/blog\/wp-json\/wp\/v2\/product"}],"about":[{"href":"https:\/\/avtech-hn.com\/blog\/wp-json\/wp\/v2\/types\/product"}],"replies":[{"embeddable":true,"href":"https:\/\/avtech-hn.com\/blog\/wp-json\/wp\/v2\/comments?post=12576"}],"version-history":[{"count":10,"href":"https:\/\/avtech-hn.com\/blog\/wp-json\/wp\/v2\/product\/12576\/revisions"}],"predecessor-version":[{"id":24174,"href":"https:\/\/avtech-hn.com\/blog\/wp-json\/wp\/v2\/product\/12576\/revisions\/24174"}],"wp:featuredmedia":[{"embeddable":true,"href":"https:\/\/avtech-hn.com\/blog\/wp-json\/wp\/v2\/media\/12577"}],"wp:attachment":[{"href":"https:\/\/avtech-hn.com\/blog\/wp-json\/wp\/v2\/media?parent=12576"}],"wp:term":[{"taxonomy":"product_cat","embeddable":true,"href":"https:\/\/avtech-hn.com\/blog\/wp-json\/wp\/v2\/product_cat?post=12576"},{"taxonomy":"product_tag","embeddable":true,"href":"https:\/\/avtech-hn.com\/blog\/wp-json\/wp\/v2\/product_tag?post=12576"}],"curies":[{"name":"wp","href":"https:\/\/api.w.org\/{rel}","templated":true}]}}