{"id":12818,"date":"2019-09-26T23:26:04","date_gmt":"2019-09-27T05:26:04","guid":{"rendered":"https:\/\/avtech-hn.com\/blog\/?post_type=product&#038;p=12818"},"modified":"2020-07-06T19:08:16","modified_gmt":"2020-07-07T01:08:16","slug":"cuerda-metal-para-guitarra-acustica-phosphor-bronze-0-81mm","status":"publish","type":"product","link":"https:\/\/avtech-hn.com\/blog\/product\/cuerda-metal-para-guitarra-acustica-phosphor-bronze-0-81mm\/","title":{"rendered":"Cuerda .032 &#8211; Phosphor Bronze &#8211; Guitarra Ac\u00fastica"},"content":{"rendered":"\t\t<div data-elementor-type=\"wp-post\" data-elementor-id=\"12818\" class=\"elementor elementor-12818\">\n\t\t\t\t\t\t<div class=\"elementor-inner\">\n\t\t\t\t<div class=\"elementor-section-wrap\">\n\t\t\t\t\t\t\t\t\t<section class=\"elementor-section elementor-top-section elementor-element elementor-element-33bd79a4 elementor-section-boxed elementor-section-height-default elementor-section-height-default\" data-id=\"33bd79a4\" data-element_type=\"section\">\n\t\t\t\t\t\t<div class=\"elementor-container elementor-column-gap-default\">\n\t\t\t\t\t\t\t<div class=\"elementor-row\">\n\t\t\t\t\t<div class=\"elementor-column elementor-col-100 elementor-top-column elementor-element elementor-element-38fdea0\" data-id=\"38fdea0\" data-element_type=\"column\">\n\t\t\t<div class=\"elementor-column-wrap elementor-element-populated\">\n\t\t\t\t\t\t\t<div class=\"elementor-widget-wrap\">\n\t\t\t\t\t\t<div class=\"elementor-element elementor-element-57a8daa2 elementor-widget elementor-widget-text-editor\" data-id=\"57a8daa2\" data-element_type=\"widget\" data-widget_type=\"text-editor.default\">\n\t\t\t\t<div class=\"elementor-widget-container\">\n\t\t\t\t\t\t\t\t<div class=\"elementor-text-editor elementor-clearfix\">\n\t\t\t\t<p>Phosphor Bronze se introdujo en la fabricaci\u00f3n de cuerdas por D\u2019Addario en 1974 y se ha convertido en sin\u00f3nimo de tono ac\u00fastico c\u00e1lido, brillante y bien equilibrado.<\/p><p>Las cuerdas D\u2019Addario Phosphor Bronze est\u00e1n enrolladas con precisi\u00f3n con bronce fosforoso resistente a la corrosi\u00f3n sobre un n\u00facleo de acero con alto contenido de carbono, cuidadosamente dibujado, hexagonal El resultado es un tono duradero y de sonido brillante con una excelente entonaci\u00f3n.<\/p><p>Las cuerdas EJ26, conocidas como Custom Light, son un calibre h\u00edbrido original D\u2019Addario y un compromiso c\u00f3modo para los jugadores que desean la profundidad y la proyecci\u00f3n de las cuerdas inferiores de calibre ligero, pero un poco menos tensi\u00f3n en las cuerdas altas para facilitar la flexi\u00f3n.<\/p>\t\t\t\t\t<\/div>\n\t\t\t\t\t\t<\/div>\n\t\t\t\t<\/div>\n\t\t\t\t\t\t<\/div>\n\t\t\t\t\t<\/div>\n\t\t<\/div>\n\t\t\t\t\t\t\t\t<\/div>\n\t\t\t\t\t<\/div>\n\t\t<\/section>\n\t\t\t\t\t\t\t\t\t<\/div>\n\t\t\t<\/div>\n\t\t\t\t\t<\/div>\n\t\t","protected":false},"excerpt":{"rendered":"<p id=\"tw-target-text\" class=\"tw-data-text tw-text-large tw-ta\" dir=\"ltr\" data-placeholder=\"Traducci\u00f3n\"><span lang=\"es\" tabindex=\"0\">D&#8217;Addario Phosphor Bronze Wound Acoustic Guitar String<br \/>\n0.81 mm<br \/>\nTono regular<\/span><\/p>\n<p class=\"tw-data-text tw-text-large tw-ta\" dir=\"ltr\" data-placeholder=\"Traducci\u00f3n\"><span lang=\"es\" tabindex=\"0\">N\u00facleo de acero bronce fosforozo y alambre de acero liso <\/span><\/p>\n","protected":false},"featured_media":12819,"comment_status":"open","ping_status":"closed","template":"","meta":[],"product_cat":[87],"product_tag":[85,81,86],"_links":{"self":[{"href":"https:\/\/avtech-hn.com\/blog\/wp-json\/wp\/v2\/product\/12818"}],"collection":[{"href":"https:\/\/avtech-hn.com\/blog\/wp-json\/wp\/v2\/product"}],"about":[{"href":"https:\/\/avtech-hn.com\/blog\/wp-json\/wp\/v2\/types\/product"}],"replies":[{"embeddable":true,"href":"https:\/\/avtech-hn.com\/blog\/wp-json\/wp\/v2\/comments?post=12818"}],"version-history":[{"count":7,"href":"https:\/\/avtech-hn.com\/blog\/wp-json\/wp\/v2\/product\/12818\/revisions"}],"predecessor-version":[{"id":23397,"href":"https:\/\/avtech-hn.com\/blog\/wp-json\/wp\/v2\/product\/12818\/revisions\/23397"}],"wp:featuredmedia":[{"embeddable":true,"href":"https:\/\/avtech-hn.com\/blog\/wp-json\/wp\/v2\/media\/12819"}],"wp:attachment":[{"href":"https:\/\/avtech-hn.com\/blog\/wp-json\/wp\/v2\/media?parent=12818"}],"wp:term":[{"taxonomy":"product_cat","embeddable":true,"href":"https:\/\/avtech-hn.com\/blog\/wp-json\/wp\/v2\/product_cat?post=12818"},{"taxonomy":"product_tag","embeddable":true,"href":"https:\/\/avtech-hn.com\/blog\/wp-json\/wp\/v2\/product_tag?post=12818"}],"curies":[{"name":"wp","href":"https:\/\/api.w.org\/{rel}","templated":true}]}}