{"id":12856,"date":"2019-09-27T00:36:50","date_gmt":"2019-09-26T22:36:50","guid":{"rendered":"https:\/\/avtech-hn.com\/blog\/?post_type=product&#038;p=12856"},"modified":"2020-07-06T15:22:28","modified_gmt":"2020-07-06T21:22:28","slug":"cuerdas-metal-para-guitarra-electrica-nyckel-wound-0-66mm","status":"publish","type":"product","link":"https:\/\/avtech-hn.com\/blog\/product\/cuerdas-metal-para-guitarra-electrica-nyckel-wound-0-66mm\/","title":{"rendered":"Cuerda .026 &#8211; Nickel Wound &#8211; Guitarra El\u00e9ctrica"},"content":{"rendered":"\t\t<div data-elementor-type=\"wp-post\" data-elementor-id=\"12856\" class=\"elementor elementor-12856\">\n\t\t\t\t\t\t<div class=\"elementor-inner\">\n\t\t\t\t<div class=\"elementor-section-wrap\">\n\t\t\t\t\t\t\t\t\t<section class=\"elementor-section elementor-top-section elementor-element elementor-element-33bd79a4 elementor-section-boxed elementor-section-height-default elementor-section-height-default\" data-id=\"33bd79a4\" data-element_type=\"section\">\n\t\t\t\t\t\t<div class=\"elementor-container elementor-column-gap-default\">\n\t\t\t\t\t\t\t<div class=\"elementor-row\">\n\t\t\t\t\t<div class=\"elementor-column elementor-col-100 elementor-top-column elementor-element elementor-element-38fdea0\" data-id=\"38fdea0\" data-element_type=\"column\">\n\t\t\t<div class=\"elementor-column-wrap elementor-element-populated\">\n\t\t\t\t\t\t\t<div class=\"elementor-widget-wrap\">\n\t\t\t\t\t\t<div class=\"elementor-element elementor-element-57a8daa2 elementor-widget elementor-widget-text-editor\" data-id=\"57a8daa2\" data-element_type=\"widget\" data-widget_type=\"text-editor.default\">\n\t\t\t\t<div class=\"elementor-widget-container\">\n\t\t\t\t\t\t\t\t<div class=\"elementor-text-editor elementor-clearfix\">\n\t\t\t\t<p id=\"tw-target-text\" class=\"tw-data-text tw-text-large tw-ta\" dir=\"ltr\" data-placeholder=\"Traducci\u00f3n\"><span lang=\"es\" tabindex=\"0\">Cuerda de guitarra el\u00e9ctrica simple D\u2019Addario NW XL Nickel Wound, las cuerdas de guitarra el\u00e9ctrica m\u00e1s populares de D\u2019Addario, est\u00e1n enrolladas con precisi\u00f3n con acero niquelado sobre un n\u00facleo de acero de alto carbono cuidadosamente dibujado, de forma hexagonal. <\/span><\/p><p class=\"tw-data-text tw-text-large tw-ta\" dir=\"ltr\" data-placeholder=\"Traducci\u00f3n\"><span lang=\"es\" tabindex=\"0\">El resultado, cuerdas con un tono brillante distintivo de larga duraci\u00f3n y excelente entonaci\u00f3n, es ideal para la m\u00e1s amplia variedad de guitarras y estilos musicales.<\/span><\/p>\t\t\t\t\t<\/div>\n\t\t\t\t\t\t<\/div>\n\t\t\t\t<\/div>\n\t\t\t\t\t\t<\/div>\n\t\t\t\t\t<\/div>\n\t\t<\/div>\n\t\t\t\t\t\t\t\t<\/div>\n\t\t\t\t\t<\/div>\n\t\t<\/section>\n\t\t\t\t\t\t\t\t\t<\/div>\n\t\t\t<\/div>\n\t\t\t\t\t<\/div>\n\t\t","protected":false},"excerpt":{"rendered":"<p id=\"tw-target-text\" class=\"tw-data-text tw-text-large tw-ta\" dir=\"ltr\" data-placeholder=\"Traducci\u00f3n\"><span lang=\"es\" tabindex=\"0\">Cuerdas de guitarra el\u00e9ctrica cinta plana<br \/>\n<\/span><\/p>\n<p dir=\"ltr\" data-placeholder=\"Traducci\u00f3n\">0.66mm<\/p>\n<p class=\"tw-data-text tw-text-large tw-ta\" dir=\"ltr\" data-placeholder=\"Traducci\u00f3n\"><span lang=\"es\" tabindex=\"0\">Revestimientos de acero niquelado sobre n\u00facleos hexagonales pulidos lisos Bobinados de cinta plana <\/span><\/p>\n<p class=\"tw-data-text tw-text-large tw-ta\" dir=\"ltr\" data-placeholder=\"Traducci\u00f3n\"><span lang=\"es\" tabindex=\"0\">Tono brillante<\/span><\/p>\n","protected":false},"featured_media":12857,"comment_status":"open","ping_status":"closed","template":"","meta":[],"product_cat":[90],"product_tag":[85,81,91],"_links":{"self":[{"href":"https:\/\/avtech-hn.com\/blog\/wp-json\/wp\/v2\/product\/12856"}],"collection":[{"href":"https:\/\/avtech-hn.com\/blog\/wp-json\/wp\/v2\/product"}],"about":[{"href":"https:\/\/avtech-hn.com\/blog\/wp-json\/wp\/v2\/types\/product"}],"replies":[{"embeddable":true,"href":"https:\/\/avtech-hn.com\/blog\/wp-json\/wp\/v2\/comments?post=12856"}],"version-history":[{"count":8,"href":"https:\/\/avtech-hn.com\/blog\/wp-json\/wp\/v2\/product\/12856\/revisions"}],"predecessor-version":[{"id":23370,"href":"https:\/\/avtech-hn.com\/blog\/wp-json\/wp\/v2\/product\/12856\/revisions\/23370"}],"wp:featuredmedia":[{"embeddable":true,"href":"https:\/\/avtech-hn.com\/blog\/wp-json\/wp\/v2\/media\/12857"}],"wp:attachment":[{"href":"https:\/\/avtech-hn.com\/blog\/wp-json\/wp\/v2\/media?parent=12856"}],"wp:term":[{"taxonomy":"product_cat","embeddable":true,"href":"https:\/\/avtech-hn.com\/blog\/wp-json\/wp\/v2\/product_cat?post=12856"},{"taxonomy":"product_tag","embeddable":true,"href":"https:\/\/avtech-hn.com\/blog\/wp-json\/wp\/v2\/product_tag?post=12856"}],"curies":[{"name":"wp","href":"https:\/\/api.w.org\/{rel}","templated":true}]}}