{"id":13342,"date":"2019-10-07T23:52:33","date_gmt":"2019-10-08T05:52:33","guid":{"rendered":"https:\/\/avtech-hn.com\/blog\/?post_type=product&#038;p=13342"},"modified":"2022-08-30T10:28:34","modified_gmt":"2022-08-30T16:28:34","slug":"ride-18-hcs","status":"publish","type":"product","link":"https:\/\/avtech-hn.com\/blog\/product\/ride-18-hcs\/","title":{"rendered":"Ride 20&#8243; &#8211; Meinl &#8211; HCS"},"content":{"rendered":"\t\t<div data-elementor-type=\"wp-post\" data-elementor-id=\"13342\" class=\"elementor elementor-13342\">\n\t\t\t\t\t\t<div class=\"elementor-inner\">\n\t\t\t\t<div class=\"elementor-section-wrap\">\n\t\t\t\t\t\t\t\t\t<section class=\"elementor-section elementor-top-section elementor-element elementor-element-33bd79a4 elementor-section-boxed elementor-section-height-default elementor-section-height-default\" data-id=\"33bd79a4\" data-element_type=\"section\">\n\t\t\t\t\t\t<div class=\"elementor-container elementor-column-gap-default\">\n\t\t\t\t\t\t\t<div class=\"elementor-row\">\n\t\t\t\t\t<div class=\"elementor-column elementor-col-100 elementor-top-column elementor-element elementor-element-38fdea0\" data-id=\"38fdea0\" data-element_type=\"column\">\n\t\t\t<div class=\"elementor-column-wrap elementor-element-populated\">\n\t\t\t\t\t\t\t<div class=\"elementor-widget-wrap\">\n\t\t\t\t\t\t<div class=\"elementor-element elementor-element-57a8daa2 elementor-widget elementor-widget-text-editor\" data-id=\"57a8daa2\" data-element_type=\"widget\" data-widget_type=\"text-editor.default\">\n\t\t\t\t<div class=\"elementor-widget-container\">\n\t\t\t\t\t\t\t\t<div class=\"elementor-text-editor elementor-clearfix\">\n\t\t\t\t<p>Meinl Percussion es una empresa fabricante de platillos e instrumentos de percusi\u00f3n, con sede en Gutenstetten, Alemania. Su marca principal es Meinl. Fue fundada en 1951 por Roland Meinl.<\/p><p>Son conocidos por sus\u00a0congas\u00a0en\u00a0fibra de vidrio\u00a0y gongs de\u00a0contrachapado, probando su efectividad en el mundo musical.<br \/>MEINL Percussion se ha dedicado a ofrecer una amplia gama de productos que satisfacen casi todas las necesidades, manteniendo los m\u00e1s altos est\u00e1ndares de calidad y sostenibilidad.<\/p><p>Pero una amplia variedad de instrumentos es solo un aspecto, MEINL Percussion pudo celebrar el gran \u00e9xito a trav\u00e9s de muchas personas entusiastas, desarrolladores de productos, especialistas en marketing, expertos en ventas, patrocinadores, etc.<\/p>\t\t\t\t\t<\/div>\n\t\t\t\t\t\t<\/div>\n\t\t\t\t<\/div>\n\t\t\t\t\t\t<\/div>\n\t\t\t\t\t<\/div>\n\t\t<\/div>\n\t\t\t\t\t\t\t\t<\/div>\n\t\t\t\t\t<\/div>\n\t\t<\/section>\n\t\t\t\t\t\t\t\t\t<\/div>\n\t\t\t<\/div>\n\t\t\t\t\t<\/div>\n\t\t","protected":false},"excerpt":{"rendered":"<p class=\"product__name\">Meinl HCS Series<br \/>\nRide Cymbal &#8211; 20&#8243; HCS<\/p>\n<p id=\"tw-target-text\" class=\"tw-data-text tw-text-large tw-ta\" dir=\"ltr\" data-placeholder=\"Traducci\u00f3n\"><span lang=\"es\" tabindex=\"0\">Los platillos Meinl HCS est\u00e1n fabricados en Alemania con una duradera aleaci\u00f3n de lat\u00f3n MS63, que soporta la fuerza de sus palos mientras mantiene excelentes tonos y tonos musicales.<\/span><\/p>\n<p class=\"tw-data-text tw-text-large tw-ta\" dir=\"ltr\" data-placeholder=\"Traducci\u00f3n\"><span lang=\"es\" tabindex=\"0\">Adem\u00e1s de eso, sus precios realistas hacen que los platillos HCS sean la elecci\u00f3n perfecta para principiantes que est\u00e1n construyendo su primer kit.<\/span><\/p>\n","protected":false},"featured_media":13348,"comment_status":"open","ping_status":"closed","template":"","meta":[],"product_cat":[113],"product_tag":[126,114,115,129],"_links":{"self":[{"href":"https:\/\/avtech-hn.com\/blog\/wp-json\/wp\/v2\/product\/13342"}],"collection":[{"href":"https:\/\/avtech-hn.com\/blog\/wp-json\/wp\/v2\/product"}],"about":[{"href":"https:\/\/avtech-hn.com\/blog\/wp-json\/wp\/v2\/types\/product"}],"replies":[{"embeddable":true,"href":"https:\/\/avtech-hn.com\/blog\/wp-json\/wp\/v2\/comments?post=13342"}],"version-history":[{"count":6,"href":"https:\/\/avtech-hn.com\/blog\/wp-json\/wp\/v2\/product\/13342\/revisions"}],"predecessor-version":[{"id":25154,"href":"https:\/\/avtech-hn.com\/blog\/wp-json\/wp\/v2\/product\/13342\/revisions\/25154"}],"wp:featuredmedia":[{"embeddable":true,"href":"https:\/\/avtech-hn.com\/blog\/wp-json\/wp\/v2\/media\/13348"}],"wp:attachment":[{"href":"https:\/\/avtech-hn.com\/blog\/wp-json\/wp\/v2\/media?parent=13342"}],"wp:term":[{"taxonomy":"product_cat","embeddable":true,"href":"https:\/\/avtech-hn.com\/blog\/wp-json\/wp\/v2\/product_cat?post=13342"},{"taxonomy":"product_tag","embeddable":true,"href":"https:\/\/avtech-hn.com\/blog\/wp-json\/wp\/v2\/product_tag?post=13342"}],"curies":[{"name":"wp","href":"https:\/\/api.w.org\/{rel}","templated":true}]}}