{"id":13686,"date":"2019-10-16T06:26:46","date_gmt":"2019-10-16T12:26:46","guid":{"rendered":"https:\/\/avtech-hn.com\/blog\/?post_type=product&#038;p=13686"},"modified":"2023-01-03T15:07:05","modified_gmt":"2023-01-03T21:07:05","slug":"cable-para-microfono-planetwaves-50ft","status":"publish","type":"product","link":"https:\/\/avtech-hn.com\/blog\/product\/cable-para-microfono-planetwaves-50ft\/","title":{"rendered":"Cable para microfono &#8211; 50 pies &#8211; PlanetWaves"},"content":{"rendered":"\t\t<div data-elementor-type=\"wp-post\" data-elementor-id=\"13686\" class=\"elementor elementor-13686\">\n\t\t\t\t\t\t<div class=\"elementor-inner\">\n\t\t\t\t<div class=\"elementor-section-wrap\">\n\t\t\t\t\t\t\t\t\t<section class=\"elementor-section elementor-top-section elementor-element elementor-element-33bd79a4 elementor-section-boxed elementor-section-height-default elementor-section-height-default\" data-id=\"33bd79a4\" data-element_type=\"section\">\n\t\t\t\t\t\t<div class=\"elementor-container elementor-column-gap-default\">\n\t\t\t\t\t\t\t<div class=\"elementor-row\">\n\t\t\t\t\t<div class=\"elementor-column elementor-col-100 elementor-top-column elementor-element elementor-element-38fdea0\" data-id=\"38fdea0\" data-element_type=\"column\">\n\t\t\t<div class=\"elementor-column-wrap elementor-element-populated\">\n\t\t\t\t\t\t\t<div class=\"elementor-widget-wrap\">\n\t\t\t\t\t\t<div class=\"elementor-element elementor-element-57a8daa2 elementor-widget elementor-widget-text-editor\" data-id=\"57a8daa2\" data-element_type=\"widget\" data-widget_type=\"text-editor.default\">\n\t\t\t\t<div class=\"elementor-widget-container\">\n\t\t\t\t\t\t\t\t<div class=\"elementor-text-editor elementor-clearfix\">\n\t\t\t\t<p id=\"tw-target-text\" class=\"tw-data-text tw-text-large tw-ta\" dir=\"ltr\" data-placeholder=\"Traducci\u00f3n\">Collar\u00edn moldeado flexibleque proporciona alivio de tensi\u00f3n excelente, 95% de blindaje, conectores de bronce niquelado, resistencia a la corrosi\u00f3n, conectores XLR macho a XLR hembra para E\/S sim\u00e9tricas.<\/p>\t\t\t\t\t<\/div>\n\t\t\t\t\t\t<\/div>\n\t\t\t\t<\/div>\n\t\t\t\t\t\t<\/div>\n\t\t\t\t\t<\/div>\n\t\t<\/div>\n\t\t\t\t\t\t\t\t<\/div>\n\t\t\t\t\t<\/div>\n\t\t<\/section>\n\t\t\t\t\t\t\t\t\t<\/div>\n\t\t\t<\/div>\n\t\t\t\t\t<\/div>\n\t\t","protected":false},"excerpt":{"rendered":"<p dir=\"ltr\" data-placeholder=\"Traducci\u00f3n\">Cable para micr\u00f3fono XLR<\/p>\n<p dir=\"ltr\" data-placeholder=\"Traducci\u00f3n\">Serie Classic de Planet Waves<\/p>\n<p dir=\"ltr\" data-placeholder=\"Traducci\u00f3n\">50 pies (15.24 m), calidad y sonido<\/p>\n<p dir=\"ltr\" data-placeholder=\"Traducci\u00f3n\">ideal para tramos largos<\/p>\n<p><a href=\"https:\/\/avtech-hn.com\/blog\/12518-2\/\"><img decoding=\"async\" loading=\"lazy\" class=\"alignnone wp-image-12293\" src=\"https:\/\/avtech-hn.com\/blog\/wp-content\/uploads\/2019\/09\/Daddario-300x300.jpg\" alt=\"\" width=\"110\" height=\"110\" srcset=\"https:\/\/avtech-hn.com\/blog\/wp-content\/uploads\/2019\/09\/Daddario-300x300.jpg 300w, https:\/\/avtech-hn.com\/blog\/wp-content\/uploads\/2019\/09\/Daddario-200x200.jpg 200w, https:\/\/avtech-hn.com\/blog\/wp-content\/uploads\/2019\/09\/Daddario-100x100.jpg 100w, https:\/\/avtech-hn.com\/blog\/wp-content\/uploads\/2019\/09\/Daddario-500x500.jpg 500w, https:\/\/avtech-hn.com\/blog\/wp-content\/uploads\/2019\/09\/Daddario-150x150.jpg 150w, https:\/\/avtech-hn.com\/blog\/wp-content\/uploads\/2019\/09\/Daddario-262x262.jpg 262w, https:\/\/avtech-hn.com\/blog\/wp-content\/uploads\/2019\/09\/Daddario-555x555.jpg 555w, https:\/\/avtech-hn.com\/blog\/wp-content\/uploads\/2019\/09\/Daddario-160x160.jpg 160w, https:\/\/avtech-hn.com\/blog\/wp-content\/uploads\/2019\/09\/Daddario.jpg 600w\" sizes=\"(max-width: 110px) 100vw, 110px\" \/><\/a><\/p>\n","protected":false},"featured_media":13689,"comment_status":"open","ping_status":"closed","template":"","meta":[],"product_cat":[408],"product_tag":[177,176,175],"_links":{"self":[{"href":"https:\/\/avtech-hn.com\/blog\/wp-json\/wp\/v2\/product\/13686"}],"collection":[{"href":"https:\/\/avtech-hn.com\/blog\/wp-json\/wp\/v2\/product"}],"about":[{"href":"https:\/\/avtech-hn.com\/blog\/wp-json\/wp\/v2\/types\/product"}],"replies":[{"embeddable":true,"href":"https:\/\/avtech-hn.com\/blog\/wp-json\/wp\/v2\/comments?post=13686"}],"version-history":[{"count":7,"href":"https:\/\/avtech-hn.com\/blog\/wp-json\/wp\/v2\/product\/13686\/revisions"}],"predecessor-version":[{"id":29632,"href":"https:\/\/avtech-hn.com\/blog\/wp-json\/wp\/v2\/product\/13686\/revisions\/29632"}],"wp:featuredmedia":[{"embeddable":true,"href":"https:\/\/avtech-hn.com\/blog\/wp-json\/wp\/v2\/media\/13689"}],"wp:attachment":[{"href":"https:\/\/avtech-hn.com\/blog\/wp-json\/wp\/v2\/media?parent=13686"}],"wp:term":[{"taxonomy":"product_cat","embeddable":true,"href":"https:\/\/avtech-hn.com\/blog\/wp-json\/wp\/v2\/product_cat?post=13686"},{"taxonomy":"product_tag","embeddable":true,"href":"https:\/\/avtech-hn.com\/blog\/wp-json\/wp\/v2\/product_tag?post=13686"}],"curies":[{"name":"wp","href":"https:\/\/api.w.org\/{rel}","templated":true}]}}