{"id":13703,"date":"2019-10-16T09:04:04","date_gmt":"2019-10-16T15:04:04","guid":{"rendered":"https:\/\/avtech-hn.com\/blog\/?post_type=product&#038;p=13703"},"modified":"2020-07-20T20:47:55","modified_gmt":"2020-07-21T02:47:55","slug":"pin-de-soporte-para-correa-de-guitarra-planetwaves","status":"publish","type":"product","link":"https:\/\/avtech-hn.com\/blog\/product\/pin-de-soporte-para-correa-de-guitarra-planetwaves\/","title":{"rendered":"Set 2 Pines &#8211; Color negro &#8211; Para fajas de guitarra"},"content":{"rendered":"\t\t<div data-elementor-type=\"wp-post\" data-elementor-id=\"13703\" class=\"elementor elementor-13703\">\n\t\t\t\t\t\t<div class=\"elementor-inner\">\n\t\t\t\t<div class=\"elementor-section-wrap\">\n\t\t\t\t\t\t\t\t\t<section class=\"elementor-section elementor-top-section elementor-element elementor-element-33bd79a4 elementor-section-boxed elementor-section-height-default elementor-section-height-default\" data-id=\"33bd79a4\" data-element_type=\"section\">\n\t\t\t\t\t\t<div class=\"elementor-container elementor-column-gap-default\">\n\t\t\t\t\t\t\t<div class=\"elementor-row\">\n\t\t\t\t\t<div class=\"elementor-column elementor-col-100 elementor-top-column elementor-element elementor-element-38fdea0\" data-id=\"38fdea0\" data-element_type=\"column\">\n\t\t\t<div class=\"elementor-column-wrap elementor-element-populated\">\n\t\t\t\t\t\t\t<div class=\"elementor-widget-wrap\">\n\t\t\t\t\t\t<div class=\"elementor-element elementor-element-57a8daa2 elementor-widget elementor-widget-text-editor\" data-id=\"57a8daa2\" data-element_type=\"widget\" data-widget_type=\"text-editor.default\">\n\t\t\t\t<div class=\"elementor-widget-container\">\n\t\t\t\t\t\t\t\t<div class=\"elementor-text-editor elementor-clearfix\">\n\t\t\t\t<p id=\"tw-target-text\" class=\"tw-data-text tw-text-large tw-ta\" dir=\"ltr\" data-placeholder=\"Traducci\u00f3n\"><span lang=\"es\" tabindex=\"0\">Los pasadores de extremo D&#8217;Addario hechos de material de lat\u00f3n macizo sujeta de forma segura cualquier correa est\u00e1ndar y son un reemplazo directo en la mayor\u00eda de los instrumentos. <\/span><\/p><p class=\"tw-data-text tw-text-large tw-ta\" dir=\"ltr\" data-placeholder=\"Traducci\u00f3n\"><span lang=\"es\" tabindex=\"0\">Hecho de stock de lat\u00f3n macizo Se adapta a todas las correas est\u00e1ndar Reemplazo directo en la mayor\u00eda de los instrumentos. Acent\u00faa la est\u00e9tica de cualquier instrumento mientras sujeta la correa de forma segura Incluye dos terminales y tornillos de montaje<\/span><\/p>\t\t\t\t\t<\/div>\n\t\t\t\t\t\t<\/div>\n\t\t\t\t<\/div>\n\t\t\t\t\t\t<\/div>\n\t\t\t\t\t<\/div>\n\t\t<\/div>\n\t\t\t\t\t\t\t\t<\/div>\n\t\t\t\t\t<\/div>\n\t\t<\/section>\n\t\t\t\t\t\t\t\t\t<\/div>\n\t\t\t<\/div>\n\t\t\t\t\t<\/div>\n\t\t","protected":false},"excerpt":{"rendered":"<p>Los pasadores de extremo Planet Waves hechos de material de lat\u00f3n macizo sujetan firmemente cualquier correa est\u00e1ndar y son un reemplazo directo en la mayor\u00eda de los instrumentos.<\/p>\n<p>&nbsp;<\/p>\n","protected":false},"featured_media":22085,"comment_status":"open","ping_status":"closed","template":"","meta":[],"product_cat":[393],"product_tag":[171,339,181,182],"_links":{"self":[{"href":"https:\/\/avtech-hn.com\/blog\/wp-json\/wp\/v2\/product\/13703"}],"collection":[{"href":"https:\/\/avtech-hn.com\/blog\/wp-json\/wp\/v2\/product"}],"about":[{"href":"https:\/\/avtech-hn.com\/blog\/wp-json\/wp\/v2\/types\/product"}],"replies":[{"embeddable":true,"href":"https:\/\/avtech-hn.com\/blog\/wp-json\/wp\/v2\/comments?post=13703"}],"version-history":[{"count":12,"href":"https:\/\/avtech-hn.com\/blog\/wp-json\/wp\/v2\/product\/13703\/revisions"}],"predecessor-version":[{"id":24359,"href":"https:\/\/avtech-hn.com\/blog\/wp-json\/wp\/v2\/product\/13703\/revisions\/24359"}],"wp:featuredmedia":[{"embeddable":true,"href":"https:\/\/avtech-hn.com\/blog\/wp-json\/wp\/v2\/media\/22085"}],"wp:attachment":[{"href":"https:\/\/avtech-hn.com\/blog\/wp-json\/wp\/v2\/media?parent=13703"}],"wp:term":[{"taxonomy":"product_cat","embeddable":true,"href":"https:\/\/avtech-hn.com\/blog\/wp-json\/wp\/v2\/product_cat?post=13703"},{"taxonomy":"product_tag","embeddable":true,"href":"https:\/\/avtech-hn.com\/blog\/wp-json\/wp\/v2\/product_tag?post=13703"}],"curies":[{"name":"wp","href":"https:\/\/api.w.org\/{rel}","templated":true}]}}