{"id":13786,"date":"2019-10-16T21:03:43","date_gmt":"2019-10-17T03:03:43","guid":{"rendered":"https:\/\/avtech-hn.com\/blog\/?post_type=product&#038;p=13786"},"modified":"2020-07-22T12:11:47","modified_gmt":"2020-07-22T18:11:47","slug":"canuela-3-0-royal-clarinete-eb","status":"publish","type":"product","link":"https:\/\/avtech-hn.com\/blog\/product\/canuela-3-0-royal-clarinete-eb\/","title":{"rendered":"Ca\u00f1uela #3.0 &#8211; Royal &#8211; Clarinete Eb"},"content":{"rendered":"\t\t<div data-elementor-type=\"wp-post\" data-elementor-id=\"13786\" class=\"elementor elementor-13786\">\n\t\t\t\t\t\t<div class=\"elementor-inner\">\n\t\t\t\t<div class=\"elementor-section-wrap\">\n\t\t\t\t\t\t\t\t\t<section class=\"elementor-section elementor-top-section elementor-element elementor-element-33bd79a4 elementor-section-boxed elementor-section-height-default elementor-section-height-default\" data-id=\"33bd79a4\" data-element_type=\"section\">\n\t\t\t\t\t\t<div class=\"elementor-container elementor-column-gap-default\">\n\t\t\t\t\t\t\t<div class=\"elementor-row\">\n\t\t\t\t\t<div class=\"elementor-column elementor-col-100 elementor-top-column elementor-element elementor-element-38fdea0\" data-id=\"38fdea0\" data-element_type=\"column\">\n\t\t\t<div class=\"elementor-column-wrap elementor-element-populated\">\n\t\t\t\t\t\t\t<div class=\"elementor-widget-wrap\">\n\t\t\t\t\t\t<div class=\"elementor-element elementor-element-57a8daa2 elementor-widget elementor-widget-text-editor\" data-id=\"57a8daa2\" data-element_type=\"widget\" data-widget_type=\"text-editor.default\">\n\t\t\t\t<div class=\"elementor-widget-container\">\n\t\t\t\t\t\t\t\t<div class=\"elementor-text-editor elementor-clearfix\">\n\t\t\t\t<p id=\"tw-target-text\" class=\"tw-data-text tw-text-large tw-ta\" dir=\"ltr\" data-placeholder=\"Traducci\u00f3n\">Las ca\u00f1as Rico Royal tienen un corte franc\u00e9s m\u00e1s tradicional para una mayor respuesta, especialmente en el registro bajo, lo que agrega claridad al tono y facilita los ataques suaves. Disponible para la gama completa de voces de saxof\u00f3n y clarinete y convenientemente empaquetado en cajas de diez ca\u00f1as.<br \/>\u2022 Franc\u00e9s solicitado flexibilidad y respuesta r\u00e1pida.<br \/>\u2022 Disponible para clarinetes y saxofones.<br \/>\u2022 Funciona bien para aplicaciones cl\u00e1sicas y de jazz.<br \/>\u2022 Bast\u00f3n premium para una respuesta consistente<\/p>\t\t\t\t\t<\/div>\n\t\t\t\t\t\t<\/div>\n\t\t\t\t<\/div>\n\t\t\t\t\t\t<\/div>\n\t\t\t\t\t<\/div>\n\t\t<\/div>\n\t\t\t\t\t\t\t\t<\/div>\n\t\t\t\t\t<\/div>\n\t\t<\/section>\n\t\t\t\t\t\t\t\t\t<\/div>\n\t\t\t<\/div>\n\t\t\t\t\t<\/div>\n\t\t","protected":false},"excerpt":{"rendered":"<p><strong>PRECIO POR UNIDAD<\/strong><\/p>\n<p><span lang=\"es\" tabindex=\"0\">Corte tradicional con gran resistencia<br \/>\nTensi\u00f3n m\u00e1s fuerte para mayor resistencia Resistencia media<br \/>\nFunciona bien tanto para aplicaciones cl\u00e1sicas como de jazz<\/span><\/p>\n","protected":false},"featured_media":13787,"comment_status":"open","ping_status":"closed","template":"","meta":[],"product_cat":[394],"product_tag":[171,193,195],"_links":{"self":[{"href":"https:\/\/avtech-hn.com\/blog\/wp-json\/wp\/v2\/product\/13786"}],"collection":[{"href":"https:\/\/avtech-hn.com\/blog\/wp-json\/wp\/v2\/product"}],"about":[{"href":"https:\/\/avtech-hn.com\/blog\/wp-json\/wp\/v2\/types\/product"}],"replies":[{"embeddable":true,"href":"https:\/\/avtech-hn.com\/blog\/wp-json\/wp\/v2\/comments?post=13786"}],"version-history":[{"count":7,"href":"https:\/\/avtech-hn.com\/blog\/wp-json\/wp\/v2\/product\/13786\/revisions"}],"predecessor-version":[{"id":24464,"href":"https:\/\/avtech-hn.com\/blog\/wp-json\/wp\/v2\/product\/13786\/revisions\/24464"}],"wp:featuredmedia":[{"embeddable":true,"href":"https:\/\/avtech-hn.com\/blog\/wp-json\/wp\/v2\/media\/13787"}],"wp:attachment":[{"href":"https:\/\/avtech-hn.com\/blog\/wp-json\/wp\/v2\/media?parent=13786"}],"wp:term":[{"taxonomy":"product_cat","embeddable":true,"href":"https:\/\/avtech-hn.com\/blog\/wp-json\/wp\/v2\/product_cat?post=13786"},{"taxonomy":"product_tag","embeddable":true,"href":"https:\/\/avtech-hn.com\/blog\/wp-json\/wp\/v2\/product_tag?post=13786"}],"curies":[{"name":"wp","href":"https:\/\/api.w.org\/{rel}","templated":true}]}}