{"id":14272,"date":"2019-10-29T23:26:18","date_gmt":"2019-10-30T05:26:18","guid":{"rendered":"https:\/\/avtech-hn.com\/blog\/?post_type=product&#038;p=14272"},"modified":"2022-12-12T15:59:06","modified_gmt":"2022-12-12T21:59:06","slug":"nano-legacy-freeze-b-mini-amp","status":"publish","type":"product","link":"https:\/\/avtech-hn.com\/blog\/product\/nano-legacy-freeze-b-mini-amp\/","title":{"rendered":"Mini Amp &#8211; Hotone &#8211; Nano Legacy Amp 5w &#8211; Freeze B"},"content":{"rendered":"\t\t<div data-elementor-type=\"wp-post\" data-elementor-id=\"14272\" class=\"elementor elementor-14272\">\n\t\t\t\t\t\t<div class=\"elementor-inner\">\n\t\t\t\t<div class=\"elementor-section-wrap\">\n\t\t\t\t\t\t\t\t\t<section class=\"elementor-section elementor-top-section elementor-element elementor-element-33bd79a4 elementor-section-boxed elementor-section-height-default elementor-section-height-default\" data-id=\"33bd79a4\" data-element_type=\"section\">\n\t\t\t\t\t\t<div class=\"elementor-container elementor-column-gap-default\">\n\t\t\t\t\t\t\t<div class=\"elementor-row\">\n\t\t\t\t\t<div class=\"elementor-column elementor-col-100 elementor-top-column elementor-element elementor-element-38fdea0\" data-id=\"38fdea0\" data-element_type=\"column\">\n\t\t\t<div class=\"elementor-column-wrap elementor-element-populated\">\n\t\t\t\t\t\t\t<div class=\"elementor-widget-wrap\">\n\t\t\t\t\t\t<div class=\"elementor-element elementor-element-57a8daa2 elementor-widget elementor-widget-text-editor\" data-id=\"57a8daa2\" data-element_type=\"widget\" data-widget_type=\"text-editor.default\">\n\t\t\t\t<div class=\"elementor-widget-container\">\n\t\t\t\t\t\t\t\t<div class=\"elementor-text-editor elementor-clearfix\">\n\t\t\t\t<p id=\"tw-target-text\" class=\"tw-data-text tw-text-large tw-ta\" dir=\"ltr\" data-placeholder=\"Traducci\u00f3n\"><span lang=\"es\" tabindex=\"0\">Sonido inspirado en un famoso amplificador boutique de estilo brit\u00e1nico de alta ganancia <\/span><\/p><p class=\"tw-data-text tw-text-large tw-ta\" dir=\"ltr\" data-placeholder=\"Traducci\u00f3n\"><span lang=\"es\" tabindex=\"0\">Configuraci\u00f3n extremadamente compacta para portabilidad Tone Tono de alta calidad con controles de volumen y ganancia Controls Controles de ecualizador de 3 bandas para dar forma a tu tono <\/span><\/p><p class=\"tw-data-text tw-text-large tw-ta\" dir=\"ltr\" data-placeholder=\"Traducci\u00f3n\"><span lang=\"es\" tabindex=\"0\">Compatible con gabinetes de diferentes impedancias que van desde 4-16\u03a9 <\/span><\/p><p class=\"tw-data-text tw-text-large tw-ta\" dir=\"ltr\" data-placeholder=\"Traducci\u00f3n\"><span lang=\"es\" tabindex=\"0\">FX LOOP para usar efectos externos Jack La toma de salida de auriculares es muy conveniente para practicar y grabar <\/span><\/p><p class=\"tw-data-text tw-text-large tw-ta\" dir=\"ltr\" data-placeholder=\"Traducci\u00f3n\"><span lang=\"es\" tabindex=\"0\">La entrada auxiliar puede permitirte jugar con un reproductor de m\u00fasica externo <\/span><\/p><p class=\"tw-data-text tw-text-large tw-ta\" dir=\"ltr\" data-placeholder=\"Traducci\u00f3n\"><span lang=\"es\" tabindex=\"0\">Fuente de alimentaci\u00f3n de 18 V CC (adaptador incluido) <\/span><\/p><p class=\"tw-data-text tw-text-large tw-ta\" dir=\"ltr\" data-placeholder=\"Traducci\u00f3n\"><span lang=\"es\" tabindex=\"0\">Potencia de salida: 5 vatios<\/span><\/p>\t\t\t\t\t<\/div>\n\t\t\t\t\t\t<\/div>\n\t\t\t\t<\/div>\n\t\t\t\t\t\t<\/div>\n\t\t\t\t\t<\/div>\n\t\t<\/div>\n\t\t\t\t\t\t\t\t<\/div>\n\t\t\t\t\t<\/div>\n\t\t<\/section>\n\t\t\t\t\t\t\t\t\t<\/div>\n\t\t\t<\/div>\n\t\t\t\t\t<\/div>\n\t\t","protected":false},"excerpt":{"rendered":"<p><span lang=\"es\" tabindex=\"0\">\u00abNo incluye bocina\u00bb<\/span><\/p>\n<p>Freeze B es un cabezal amplificador de guitarra Clase AB de 5 vatios.<\/p>\n<p>Basado en un famoso cabezal de amplificador de alta ganancia estilo boutique del Reino Unido, le ofrece bajos ajustados, medios dulces y arm\u00f3nicos ricos: una incre\u00edble m\u00e1quina de mini tonos con gran versatilidad.<\/p>\n","protected":false},"featured_media":14275,"comment_status":"open","ping_status":"closed","template":"","meta":[],"product_cat":[240],"product_tag":[218,239,219,58,220],"_links":{"self":[{"href":"https:\/\/avtech-hn.com\/blog\/wp-json\/wp\/v2\/product\/14272"}],"collection":[{"href":"https:\/\/avtech-hn.com\/blog\/wp-json\/wp\/v2\/product"}],"about":[{"href":"https:\/\/avtech-hn.com\/blog\/wp-json\/wp\/v2\/types\/product"}],"replies":[{"embeddable":true,"href":"https:\/\/avtech-hn.com\/blog\/wp-json\/wp\/v2\/comments?post=14272"}],"version-history":[{"count":9,"href":"https:\/\/avtech-hn.com\/blog\/wp-json\/wp\/v2\/product\/14272\/revisions"}],"predecessor-version":[{"id":28187,"href":"https:\/\/avtech-hn.com\/blog\/wp-json\/wp\/v2\/product\/14272\/revisions\/28187"}],"wp:featuredmedia":[{"embeddable":true,"href":"https:\/\/avtech-hn.com\/blog\/wp-json\/wp\/v2\/media\/14275"}],"wp:attachment":[{"href":"https:\/\/avtech-hn.com\/blog\/wp-json\/wp\/v2\/media?parent=14272"}],"wp:term":[{"taxonomy":"product_cat","embeddable":true,"href":"https:\/\/avtech-hn.com\/blog\/wp-json\/wp\/v2\/product_cat?post=14272"},{"taxonomy":"product_tag","embeddable":true,"href":"https:\/\/avtech-hn.com\/blog\/wp-json\/wp\/v2\/product_tag?post=14272"}],"curies":[{"name":"wp","href":"https:\/\/api.w.org\/{rel}","templated":true}]}}