{"id":14495,"date":"2019-11-06T00:18:06","date_gmt":"2019-11-06T06:18:06","guid":{"rendered":"https:\/\/avtech-hn.com\/blog\/?post_type=product&#038;p=14495"},"modified":"2022-12-12T15:58:18","modified_gmt":"2022-12-12T21:58:18","slug":"nano-legacy-floor-loudster-mini-amp","status":"publish","type":"product","link":"https:\/\/avtech-hn.com\/blog\/product\/nano-legacy-floor-loudster-mini-amp\/","title":{"rendered":"Mini Amp &#8211; Hotone &#8211; Nano Legacy Floor 75w &#8211; Loudster"},"content":{"rendered":"\t\t<div data-elementor-type=\"wp-post\" data-elementor-id=\"14495\" class=\"elementor elementor-14495\">\n\t\t\t\t\t\t<div class=\"elementor-inner\">\n\t\t\t\t<div class=\"elementor-section-wrap\">\n\t\t\t\t\t\t\t\t\t<section class=\"elementor-section elementor-top-section elementor-element elementor-element-33bd79a4 elementor-section-boxed elementor-section-height-default elementor-section-height-default\" data-id=\"33bd79a4\" data-element_type=\"section\">\n\t\t\t\t\t\t<div class=\"elementor-container elementor-column-gap-default\">\n\t\t\t\t\t\t\t<div class=\"elementor-row\">\n\t\t\t\t\t<div class=\"elementor-column elementor-col-100 elementor-top-column elementor-element elementor-element-38fdea0\" data-id=\"38fdea0\" data-element_type=\"column\">\n\t\t\t<div class=\"elementor-column-wrap elementor-element-populated\">\n\t\t\t\t\t\t\t<div class=\"elementor-widget-wrap\">\n\t\t\t\t\t\t<div class=\"elementor-element elementor-element-57a8daa2 elementor-widget elementor-widget-text-editor\" data-id=\"57a8daa2\" data-element_type=\"widget\" data-widget_type=\"text-editor.default\">\n\t\t\t\t<div class=\"elementor-widget-container\">\n\t\t\t\t\t\t\t\t<div class=\"elementor-text-editor elementor-clearfix\">\n\t\t\t\t<p class=\"tw-data-text tw-text-large tw-ta\" dir=\"ltr\" data-placeholder=\"Traducci\u00f3n\">Amplificador de potencia port\u00e1til de piso dise\u00f1ado para guitarristas<\/p><p class=\"tw-data-text tw-text-large tw-ta\" dir=\"ltr\" data-placeholder=\"Traducci\u00f3n\">Tama\u00f1o compacto, carcasa ligera de aluminio<\/p><p class=\"tw-data-text tw-text-large tw-ta\" dir=\"ltr\" data-placeholder=\"Traducci\u00f3n\">Da volumen y voz a tus pedales de disco y modeladores de amplificador<\/p><p class=\"tw-data-text tw-text-large tw-ta\" dir=\"ltr\" data-placeholder=\"Traducci\u00f3n\">Potencia de salida de hasta 75 vatios<\/p><p class=\"tw-data-text tw-text-large tw-ta\" dir=\"ltr\" data-placeholder=\"Traducci\u00f3n\">Compatible con gabinetes de diferentes impedancias que van desde 4-16\u03a9 Tone Tono de alta calidad con control de volumen simple<\/p><p class=\"tw-data-text tw-text-large tw-ta\" dir=\"ltr\" data-placeholder=\"Traducci\u00f3n\">La alta impedancia de entrada mantiene su tono impecable<\/p><p class=\"tw-data-text tw-text-large tw-ta\" dir=\"ltr\" data-placeholder=\"Traducci\u00f3n\">Fuente de alimentaci\u00f3n de 18-20 V CC (centro positivo)<\/p><p class=\"tw-data-text tw-text-large tw-ta\" dir=\"ltr\" data-placeholder=\"Traducci\u00f3n\">\u00bfQu\u00e9 es un amplificador de potencia? Un amplificador de potencia es un amplificador electr\u00f3nico que amplifica las se\u00f1ales de audio electr\u00f3nico de baja potencia (pastillas de guitarra el\u00e9ctrica, modeladores de pedal \/ preamplificador \/ amplificador) a un nivel lo suficientemente fuerte como para conducir altavoces.<\/p><p class=\"tw-data-text tw-text-large tw-ta\" dir=\"ltr\" data-placeholder=\"Traducci\u00f3n\">Es t\u00edpicamente la etapa final de una cadena de se\u00f1al de audio antes de ir a los gabinetes de los altavoces. La se\u00f1al de salida de los pedales de preamplificador y los modeladores de amplificador son generalmente demasiado d\u00e9biles para conducir un gabinete, y aqu\u00ed es donde entra Loudster. \u00a0<\/p><p class=\"tw-data-text tw-text-large tw-ta\" dir=\"ltr\" data-placeholder=\"Traducci\u00f3n\">\u00bfQU\u00c9 HACE LOUDSTER? Los guitarristas ya no quieren transportar plataformas de amplificadores grandes. Algunos est\u00e1n conectando multiefectos digitales para correr directamente a la casa, pero la mayor\u00eda de los guitarristas quieren escuchar un sonido amplificado a trav\u00e9s de un altavoz dedicado.<\/p><p class=\"tw-data-text tw-text-large tw-ta\" dir=\"ltr\" data-placeholder=\"Traducci\u00f3n\">Loudster es el intermediario entre su amado tono de amplificador y una cabina de altavoces. \u00a1Todo lo que pones delante obtiene una potencia de salida de hasta 75 vatios y enormes SPL! Un control de perilla le permite ajustar el volumen general en tiempo real.<\/p><p class=\"tw-data-text tw-text-large tw-ta\" dir=\"ltr\" data-placeholder=\"Traducci\u00f3n\">\u00bfQU\u00c9 FUNCIONA GENIAL FRENTE A LOUDSTER?<\/p><p class=\"tw-data-text tw-text-large tw-ta\" dir=\"ltr\" data-placeholder=\"Traducci\u00f3n\">Amp en una caja (con preamplificador)<\/p><p class=\"tw-data-text tw-text-large tw-ta\" dir=\"ltr\" data-placeholder=\"Traducci\u00f3n\">Unidad de modelado de amplificador digital (perfiladores, multiefectos)<\/p><p class=\"tw-data-text tw-text-large tw-ta\" dir=\"ltr\" data-placeholder=\"Traducci\u00f3n\">Otro amplificador (usando FX loop SEND como salida)<\/p><p class=\"tw-data-text tw-text-large tw-ta\" dir=\"ltr\" data-placeholder=\"Traducci\u00f3n\">CONEXI\u00d3N Toma de entrada para conectar su fuente de audio. Salida de altavoz (4-16ohms) para conectar el gabinete.<\/p><p class=\"tw-data-text tw-text-large tw-ta\" dir=\"ltr\" data-placeholder=\"Traducci\u00f3n\">Tienes un tono que te encanta, pero quieres escucharlo en voz alta a trav\u00e9s de una sala de taxis.<\/p>\t\t\t\t\t<\/div>\n\t\t\t\t\t\t<\/div>\n\t\t\t\t<\/div>\n\t\t\t\t\t\t<\/div>\n\t\t\t\t\t<\/div>\n\t\t<\/div>\n\t\t\t\t\t\t\t\t<\/div>\n\t\t\t\t\t<\/div>\n\t\t<\/section>\n\t\t\t\t\t\t\t\t\t<\/div>\n\t\t\t<\/div>\n\t\t\t\t\t<\/div>\n\t\t","protected":false},"excerpt":{"rendered":"<p id=\"tw-target-text\" class=\"tw-data-text tw-text-large tw-ta\" dir=\"ltr\" data-placeholder=\"Traducci\u00f3n\">LOADSTER<\/p>\n<p>El altavoz amplificador de potencia de piso port\u00e1til es un amplificador de potencia compacto especialmente dise\u00f1ado para guitarristas. Este amplificador de potencia port\u00e1til de 75 vatios emite un tono enorme y natural con potencia musical. Con Loudster al final de su cadena FX, puede olvidarse de transportar un amplificador, enchufarlo en cualquier cabina y listo.<\/p>\n<p class=\"tw-data-text tw-text-large tw-ta\" dir=\"ltr\" data-placeholder=\"Traducci\u00f3n\"><span lang=\"es\" tabindex=\"0\">Adem\u00e1s, estos amplificadores port\u00e1tiles de doble canal le permiten integrar una plataforma completa que siempre est\u00e1 lista para giras y grabaciones: \u00a1simplemente con\u00e9ctese a un gabinete \/ mezclador \/ interfaz y estar\u00e1 listo para rockear!<\/span><\/p>\n","protected":false},"featured_media":14496,"comment_status":"open","ping_status":"closed","template":"","meta":[],"product_cat":[240],"product_tag":[218,239,219,58,220],"_links":{"self":[{"href":"https:\/\/avtech-hn.com\/blog\/wp-json\/wp\/v2\/product\/14495"}],"collection":[{"href":"https:\/\/avtech-hn.com\/blog\/wp-json\/wp\/v2\/product"}],"about":[{"href":"https:\/\/avtech-hn.com\/blog\/wp-json\/wp\/v2\/types\/product"}],"replies":[{"embeddable":true,"href":"https:\/\/avtech-hn.com\/blog\/wp-json\/wp\/v2\/comments?post=14495"}],"version-history":[{"count":6,"href":"https:\/\/avtech-hn.com\/blog\/wp-json\/wp\/v2\/product\/14495\/revisions"}],"predecessor-version":[{"id":28192,"href":"https:\/\/avtech-hn.com\/blog\/wp-json\/wp\/v2\/product\/14495\/revisions\/28192"}],"wp:featuredmedia":[{"embeddable":true,"href":"https:\/\/avtech-hn.com\/blog\/wp-json\/wp\/v2\/media\/14496"}],"wp:attachment":[{"href":"https:\/\/avtech-hn.com\/blog\/wp-json\/wp\/v2\/media?parent=14495"}],"wp:term":[{"taxonomy":"product_cat","embeddable":true,"href":"https:\/\/avtech-hn.com\/blog\/wp-json\/wp\/v2\/product_cat?post=14495"},{"taxonomy":"product_tag","embeddable":true,"href":"https:\/\/avtech-hn.com\/blog\/wp-json\/wp\/v2\/product_tag?post=14495"}],"curies":[{"name":"wp","href":"https:\/\/api.w.org\/{rel}","templated":true}]}}