{"id":14678,"date":"2019-11-07T23:59:56","date_gmt":"2019-11-08T05:59:56","guid":{"rendered":"https:\/\/avtech-hn.com\/blog\/?post_type=product&#038;p=14678"},"modified":"2022-05-31T16:49:15","modified_gmt":"2022-05-31T22:49:15","slug":"set-de-cuerdas-prelude-viola-16-over","status":"publish","type":"product","link":"https:\/\/avtech-hn.com\/blog\/product\/set-de-cuerdas-prelude-viola-16-over\/","title":{"rendered":"Set de Cuerdas &#8211; Prelude &#8211; Viola 16&#8243;&#038; Over"},"content":{"rendered":"\t\t<div data-elementor-type=\"wp-post\" data-elementor-id=\"14678\" class=\"elementor elementor-14678\">\n\t\t\t\t\t\t<div class=\"elementor-inner\">\n\t\t\t\t<div class=\"elementor-section-wrap\">\n\t\t\t\t\t\t\t\t\t<section class=\"elementor-section elementor-top-section elementor-element elementor-element-33bd79a4 elementor-section-boxed elementor-section-height-default elementor-section-height-default\" data-id=\"33bd79a4\" data-element_type=\"section\">\n\t\t\t\t\t\t<div class=\"elementor-container elementor-column-gap-default\">\n\t\t\t\t\t\t\t<div class=\"elementor-row\">\n\t\t\t\t\t<div class=\"elementor-column elementor-col-100 elementor-top-column elementor-element elementor-element-38fdea0\" data-id=\"38fdea0\" data-element_type=\"column\">\n\t\t\t<div class=\"elementor-column-wrap elementor-element-populated\">\n\t\t\t\t\t\t\t<div class=\"elementor-widget-wrap\">\n\t\t\t\t\t\t<div class=\"elementor-element elementor-element-57a8daa2 elementor-widget elementor-widget-text-editor\" data-id=\"57a8daa2\" data-element_type=\"widget\" data-widget_type=\"text-editor.default\">\n\t\t\t\t<div class=\"elementor-widget-container\">\n\t\t\t\t\t\t\t\t<div class=\"elementor-text-editor elementor-clearfix\">\n\t\t\t\t<p id=\"tw-target-text\" class=\"tw-data-text tw-text-large tw-ta\" dir=\"ltr\" data-placeholder=\"Traducci\u00f3n\"><span lang=\"es\" tabindex=\"0\">Las cuerdas Prelude tienen el sonido m\u00e1s c\u00e1lido disponible en un dise\u00f1o de cuerda de n\u00facleo de acero s\u00f3lido y asequible. Son la opci\u00f3n preferida del educador para las cuerdas de los estudiantes debido a su combinaci\u00f3n \u00fanica de tono c\u00e1lido, durabilidad y valor. <\/span><\/p><p class=\"tw-data-text tw-text-large tw-ta\" dir=\"ltr\" data-placeholder=\"Traducci\u00f3n\"><span lang=\"es\" tabindex=\"0\">No se ven afectadas por los cambios de temperatura y humedad, tienen una excelente respuesta de arco y son incre\u00edblemente estables en tono: <\/span><span lang=\"es\" tabindex=\"0\">\u00a1dedica menos tiempo a afinar y m\u00e1s tiempo tocando y ensayando!<\/span><\/p>\t\t\t\t\t<\/div>\n\t\t\t\t\t\t<\/div>\n\t\t\t\t<\/div>\n\t\t\t\t\t\t<\/div>\n\t\t\t\t\t<\/div>\n\t\t<\/div>\n\t\t\t\t\t\t\t\t<\/div>\n\t\t\t\t\t<\/div>\n\t\t<\/section>\n\t\t\t\t\t\t\t\t\t<\/div>\n\t\t\t<\/div>\n\t\t\t\t\t<\/div>\n\t\t","protected":false},"excerpt":{"rendered":"<p class=\"tw-data-text tw-text-large tw-ta\" dir=\"ltr\" data-placeholder=\"Traducci\u00f3n\">Set de Cuerdas para viola<\/p>\n<p class=\"tw-data-text tw-text-large tw-ta\" dir=\"ltr\" data-placeholder=\"Traducci\u00f3n\">16&#8243;-Over<br \/>\nTensi\u00f3n Media<\/p>\n<p class=\"tw-data-text tw-text-large tw-ta\" dir=\"ltr\" data-placeholder=\"Traducci\u00f3n\">N\u00facleo de acero s\u00f3lido optimizado para crear las cuerdas m\u00e1s c\u00e1lidas disponibles para estudiantes<\/p>\n","protected":false},"featured_media":14679,"comment_status":"open","ping_status":"closed","template":"","meta":[],"product_cat":[166],"product_tag":[167,168],"_links":{"self":[{"href":"https:\/\/avtech-hn.com\/blog\/wp-json\/wp\/v2\/product\/14678"}],"collection":[{"href":"https:\/\/avtech-hn.com\/blog\/wp-json\/wp\/v2\/product"}],"about":[{"href":"https:\/\/avtech-hn.com\/blog\/wp-json\/wp\/v2\/types\/product"}],"replies":[{"embeddable":true,"href":"https:\/\/avtech-hn.com\/blog\/wp-json\/wp\/v2\/comments?post=14678"}],"version-history":[{"count":6,"href":"https:\/\/avtech-hn.com\/blog\/wp-json\/wp\/v2\/product\/14678\/revisions"}],"predecessor-version":[{"id":26737,"href":"https:\/\/avtech-hn.com\/blog\/wp-json\/wp\/v2\/product\/14678\/revisions\/26737"}],"wp:featuredmedia":[{"embeddable":true,"href":"https:\/\/avtech-hn.com\/blog\/wp-json\/wp\/v2\/media\/14679"}],"wp:attachment":[{"href":"https:\/\/avtech-hn.com\/blog\/wp-json\/wp\/v2\/media?parent=14678"}],"wp:term":[{"taxonomy":"product_cat","embeddable":true,"href":"https:\/\/avtech-hn.com\/blog\/wp-json\/wp\/v2\/product_cat?post=14678"},{"taxonomy":"product_tag","embeddable":true,"href":"https:\/\/avtech-hn.com\/blog\/wp-json\/wp\/v2\/product_tag?post=14678"}],"curies":[{"name":"wp","href":"https:\/\/api.w.org\/{rel}","templated":true}]}}