{"id":14772,"date":"2019-11-09T07:05:15","date_gmt":"2019-11-09T13:05:15","guid":{"rendered":"https:\/\/avtech-hn.com\/blog\/?post_type=product&#038;p=14772"},"modified":"2022-07-16T00:00:13","modified_gmt":"2022-07-16T06:00:13","slug":"guitarra-electro-acustica-sa200c-mgs-mahogany-satin","status":"publish","type":"product","link":"https:\/\/avtech-hn.com\/blog\/product\/guitarra-electro-acustica-sa200c-mgs-mahogany-satin\/","title":{"rendered":"Guitarra El\u00e9ctro Ac\u00fastica &#8211; Strinberg &#8211; SA200C &#8211; Mahogany Satin"},"content":{"rendered":"\t\t<div data-elementor-type=\"wp-post\" data-elementor-id=\"14772\" class=\"elementor elementor-14772\">\n\t\t\t\t\t\t<div class=\"elementor-inner\">\n\t\t\t\t<div class=\"elementor-section-wrap\">\n\t\t\t\t\t\t\t\t\t<section class=\"elementor-section elementor-top-section elementor-element elementor-element-33bd79a4 elementor-section-boxed elementor-section-height-default elementor-section-height-default\" data-id=\"33bd79a4\" data-element_type=\"section\">\n\t\t\t\t\t\t<div class=\"elementor-container elementor-column-gap-default\">\n\t\t\t\t\t\t\t<div class=\"elementor-row\">\n\t\t\t\t\t<div class=\"elementor-column elementor-col-100 elementor-top-column elementor-element elementor-element-38fdea0\" data-id=\"38fdea0\" data-element_type=\"column\">\n\t\t\t<div class=\"elementor-column-wrap elementor-element-populated\">\n\t\t\t\t\t\t\t<div class=\"elementor-widget-wrap\">\n\t\t\t\t\t\t<div class=\"elementor-element elementor-element-57a8daa2 elementor-widget elementor-widget-text-editor\" data-id=\"57a8daa2\" data-element_type=\"widget\" data-widget_type=\"text-editor.default\">\n\t\t\t\t<div class=\"elementor-widget-container\">\n\t\t\t\t\t\t\t\t<div class=\"elementor-text-editor elementor-clearfix\">\n\t\t\t\t<p dir=\"ltr\" data-placeholder=\"Traducci\u00f3n\">Strinberg se fund\u00f3 oficialmente en 1993 con el objetivo de dise\u00f1ar una l\u00ednea de instrumentos de cuerda con un estilo original y una mezcla de musicalidad brasile\u00f1a con la reconocida calidad estadounidense.<\/p><p dir=\"ltr\" data-placeholder=\"Traducci\u00f3n\">Inducido por los est\u00e1ndares de calidad cada vez mayores exigidos por los m\u00fasicos de todo el mundo, Strinberg se ha centrado en ofrecer una amplia gama de productos, incluidos bajos, guitarras el\u00e9ctricas y ac\u00fasticas, ukeleles, amplificadores, accesorios y piezas, fabricados con materiales de alta calidad y utilizando los m\u00e1s actuales t\u00e9cnicas.<\/p><p dir=\"ltr\" data-placeholder=\"Traducci\u00f3n\">Los instrumentos Strinberg est\u00e1n dise\u00f1ados por m\u00fasicos para m\u00fasicos, lo que resulta en una l\u00ednea variada de instrumentos capaces de satisfacer las necesidades no solo del principiante, sino tambi\u00e9n del m\u00fasico que trabaja.<\/p>\t\t\t\t\t<\/div>\n\t\t\t\t\t\t<\/div>\n\t\t\t\t<\/div>\n\t\t\t\t\t\t<\/div>\n\t\t\t\t\t<\/div>\n\t\t<\/div>\n\t\t\t\t\t\t\t\t<\/div>\n\t\t\t\t\t<\/div>\n\t\t<\/section>\n\t\t\t\t\t\t\t\t\t<\/div>\n\t\t\t<\/div>\n\t\t\t\t\t<\/div>\n\t\t","protected":false},"excerpt":{"rendered":"<p>Superficie: Sapele<\/p>\n<p>Cuerpo: Sapele<\/p>\n<p>Acabado: mate<\/p>\n<p>Trastes: Laurel indio &#8211; 20 trastes<\/p>\n<p>Marcado de escala: circular<\/p>\n<p>Cuerdas: .011<\/p>\n<p>Clavijas: Cromo Blindado<\/p>\n<p>Pre: SE-50<\/p>\n","protected":false},"featured_media":14774,"comment_status":"open","ping_status":"closed","template":"","meta":[],"product_cat":[233],"product_tag":[234,235],"_links":{"self":[{"href":"https:\/\/avtech-hn.com\/blog\/wp-json\/wp\/v2\/product\/14772"}],"collection":[{"href":"https:\/\/avtech-hn.com\/blog\/wp-json\/wp\/v2\/product"}],"about":[{"href":"https:\/\/avtech-hn.com\/blog\/wp-json\/wp\/v2\/types\/product"}],"replies":[{"embeddable":true,"href":"https:\/\/avtech-hn.com\/blog\/wp-json\/wp\/v2\/comments?post=14772"}],"version-history":[{"count":12,"href":"https:\/\/avtech-hn.com\/blog\/wp-json\/wp\/v2\/product\/14772\/revisions"}],"predecessor-version":[{"id":31145,"href":"https:\/\/avtech-hn.com\/blog\/wp-json\/wp\/v2\/product\/14772\/revisions\/31145"}],"wp:featuredmedia":[{"embeddable":true,"href":"https:\/\/avtech-hn.com\/blog\/wp-json\/wp\/v2\/media\/14774"}],"wp:attachment":[{"href":"https:\/\/avtech-hn.com\/blog\/wp-json\/wp\/v2\/media?parent=14772"}],"wp:term":[{"taxonomy":"product_cat","embeddable":true,"href":"https:\/\/avtech-hn.com\/blog\/wp-json\/wp\/v2\/product_cat?post=14772"},{"taxonomy":"product_tag","embeddable":true,"href":"https:\/\/avtech-hn.com\/blog\/wp-json\/wp\/v2\/product_tag?post=14772"}],"curies":[{"name":"wp","href":"https:\/\/api.w.org\/{rel}","templated":true}]}}