{"id":15003,"date":"2019-11-13T20:48:34","date_gmt":"2019-11-14T02:48:34","guid":{"rendered":"https:\/\/avtech-hn.com\/blog\/?post_type=product&#038;p=15003"},"modified":"2022-07-16T00:00:14","modified_gmt":"2022-07-16T06:00:14","slug":"amplificador-para-bajo-450w-doble-bocina-10pulg","status":"publish","type":"product","link":"https:\/\/avtech-hn.com\/blog\/product\/amplificador-para-bajo-450w-doble-bocina-10pulg\/","title":{"rendered":"Amplificador para bajo &#8211; Ampeg &#8211; 450w &#8211; Doble bocina 10pulg"},"content":{"rendered":"\t\t<div data-elementor-type=\"wp-post\" data-elementor-id=\"15003\" class=\"elementor elementor-15003\">\n\t\t\t\t\t\t<div class=\"elementor-inner\">\n\t\t\t\t<div class=\"elementor-section-wrap\">\n\t\t\t\t\t\t\t\t\t<section class=\"elementor-section elementor-top-section elementor-element elementor-element-33bd79a4 elementor-section-boxed elementor-section-height-default elementor-section-height-default\" data-id=\"33bd79a4\" data-element_type=\"section\">\n\t\t\t\t\t\t<div class=\"elementor-container elementor-column-gap-default\">\n\t\t\t\t\t\t\t<div class=\"elementor-row\">\n\t\t\t\t\t<div class=\"elementor-column elementor-col-100 elementor-top-column elementor-element elementor-element-38fdea0\" data-id=\"38fdea0\" data-element_type=\"column\">\n\t\t\t<div class=\"elementor-column-wrap elementor-element-populated\">\n\t\t\t\t\t\t\t<div class=\"elementor-widget-wrap\">\n\t\t\t\t\t\t<div class=\"elementor-element elementor-element-57a8daa2 elementor-widget elementor-widget-text-editor\" data-id=\"57a8daa2\" data-element_type=\"widget\" data-widget_type=\"text-editor.default\">\n\t\t\t\t<div class=\"elementor-widget-container\">\n\t\t\t\t\t\t\t\t<div class=\"elementor-text-editor elementor-clearfix\">\n\t\t\t\t<p id=\"tw-target-text\" class=\"tw-data-text tw-text-large tw-ta\" dir=\"ltr\" data-placeholder=\"Traducci\u00f3n\"><span class=\"Y2IQFc\" lang=\"es\">Desde la innovadora patente de Everett Hull, la primera \u00abAmplified Peg\u00bb, hasta los procesos creativos y de desarrollo que involucran m\u00e1s de cinco d\u00e9cadas de electr\u00f3nica. Desde instrumentos y amplificadores, hasta el eventual renacimiento de Ampeg despu\u00e9s de su incorporaci\u00f3n por parte de St. Louis Music, Inc., La historia detr\u00e1s del sonido brinda a los lectores todo lo que siempre quisieron saber sobre Ampeg, pero tem\u00edan preguntar. <\/span><\/p><p>Ampeg no solo relata ficciones hist\u00f3ricas, sino que tambi\u00e9n sirve como una cr\u00f3nica corporativa y musical de cincuenta a\u00f1os que contiene descripciones de productos y l\u00edneas de tiempo. Ampeg tambi\u00e9n presenta art\u00edculos destacados sobre amplificadores clave, instrumentos, personas y ap\u00e9ndices t\u00e9cnicos, sin mencionar el pr\u00f3logo de Les Paul. larga vida al bajo<\/p>\t\t\t\t\t<\/div>\n\t\t\t\t\t\t<\/div>\n\t\t\t\t<\/div>\n\t\t\t\t\t\t<\/div>\n\t\t\t\t\t<\/div>\n\t\t<\/div>\n\t\t\t\t\t\t\t\t<\/div>\n\t\t\t\t\t<\/div>\n\t\t<\/section>\n\t\t\t\t\t\t\t\t\t<\/div>\n\t\t\t<\/div>\n\t\t\t\t\t<\/div>\n\t\t","protected":false},"excerpt":{"rendered":"<p>El combo de bajos BA-210 2&#215;10\u2033 de Ampeg ofrece un tono cl\u00e1sico de Ampeg y caracter\u00edsticas basadas en el rendimiento en un potente dise\u00f1o de 450 vatios perfecto para mantenerse al d\u00eda con una banda completa.<\/p>\n<p>El dise\u00f1o resistente y port\u00e1til proporciona un \u00e1ngulo de monitor de refuerzo de sonido real de 60 grados para mayor claridad en el escenario.<\/p>\n<p>El BA-210 cuenta con la sobremarcha Bass Scrambler \u2122 m\u00e1s caracter\u00edsticas flexibles de configuraci\u00f3n de tono y listas para el escenario en un poderoso combo de 2&#215;10\u2033.<\/p>\n","protected":false},"featured_media":15006,"comment_status":"open","ping_status":"closed","template":"","meta":[],"product_cat":[242],"product_tag":[263,218,246,245,247],"_links":{"self":[{"href":"https:\/\/avtech-hn.com\/blog\/wp-json\/wp\/v2\/product\/15003"}],"collection":[{"href":"https:\/\/avtech-hn.com\/blog\/wp-json\/wp\/v2\/product"}],"about":[{"href":"https:\/\/avtech-hn.com\/blog\/wp-json\/wp\/v2\/types\/product"}],"replies":[{"embeddable":true,"href":"https:\/\/avtech-hn.com\/blog\/wp-json\/wp\/v2\/comments?post=15003"}],"version-history":[{"count":14,"href":"https:\/\/avtech-hn.com\/blog\/wp-json\/wp\/v2\/product\/15003\/revisions"}],"predecessor-version":[{"id":32103,"href":"https:\/\/avtech-hn.com\/blog\/wp-json\/wp\/v2\/product\/15003\/revisions\/32103"}],"wp:featuredmedia":[{"embeddable":true,"href":"https:\/\/avtech-hn.com\/blog\/wp-json\/wp\/v2\/media\/15006"}],"wp:attachment":[{"href":"https:\/\/avtech-hn.com\/blog\/wp-json\/wp\/v2\/media?parent=15003"}],"wp:term":[{"taxonomy":"product_cat","embeddable":true,"href":"https:\/\/avtech-hn.com\/blog\/wp-json\/wp\/v2\/product_cat?post=15003"},{"taxonomy":"product_tag","embeddable":true,"href":"https:\/\/avtech-hn.com\/blog\/wp-json\/wp\/v2\/product_tag?post=15003"}],"curies":[{"name":"wp","href":"https:\/\/api.w.org\/{rel}","templated":true}]}}