{"id":18195,"date":"2020-02-20T06:19:32","date_gmt":"2020-02-20T12:19:32","guid":{"rendered":"https:\/\/avtech-hn.com\/blog\/?post_type=product&#038;p=18195"},"modified":"2023-01-30T21:33:59","modified_gmt":"2023-01-31T03:33:59","slug":"baquetas-signature-vic-firth-dave-weckl-punta-madera","status":"publish","type":"product","link":"https:\/\/avtech-hn.com\/blog\/product\/baquetas-signature-vic-firth-dave-weckl-punta-madera\/","title":{"rendered":"Baquetas Signature &#8211; Vic Firth &#8211; Dave Weckl &#8211; Punta Madera"},"content":{"rendered":"\t\t<div data-elementor-type=\"wp-post\" data-elementor-id=\"18195\" class=\"elementor elementor-18195\">\n\t\t\t\t\t\t<div class=\"elementor-inner\">\n\t\t\t\t<div class=\"elementor-section-wrap\">\n\t\t\t\t\t\t\t\t\t<section class=\"elementor-section elementor-top-section elementor-element elementor-element-33bd79a4 elementor-section-boxed elementor-section-height-default elementor-section-height-default\" data-id=\"33bd79a4\" data-element_type=\"section\">\n\t\t\t\t\t\t<div class=\"elementor-container elementor-column-gap-default\">\n\t\t\t\t\t\t\t<div class=\"elementor-row\">\n\t\t\t\t\t<div class=\"elementor-column elementor-col-100 elementor-top-column elementor-element elementor-element-38fdea0\" data-id=\"38fdea0\" data-element_type=\"column\">\n\t\t\t<div class=\"elementor-column-wrap elementor-element-populated\">\n\t\t\t\t\t\t\t<div class=\"elementor-widget-wrap\">\n\t\t\t\t\t\t<div class=\"elementor-element elementor-element-57a8daa2 elementor-widget elementor-widget-text-editor\" data-id=\"57a8daa2\" data-element_type=\"widget\" data-widget_type=\"text-editor.default\">\n\t\t\t\t<div class=\"elementor-widget-container\">\n\t\t\t\t\t\t\t\t<div class=\"elementor-text-editor elementor-clearfix\">\n\t\t\t\t<p class=\"tw-data-text tw-text-large tw-ta\" dir=\"ltr\" data-placeholder=\"Traducci\u00f3n\">La serie Signature de Vic Firth est\u00e1 dedicada a bateristas que con su forma de tocar aportan estilo y personalidad a la bater\u00eda o percusi\u00f3n. Todo estos modelos son el resultado de una estrecha colaboraci\u00f3n entre Vic Firth y el artista.<\/p>\t\t\t\t\t<\/div>\n\t\t\t\t\t\t<\/div>\n\t\t\t\t<\/div>\n\t\t\t\t\t\t<\/div>\n\t\t\t\t\t<\/div>\n\t\t<\/div>\n\t\t\t\t\t\t\t\t<\/div>\n\t\t\t\t\t<\/div>\n\t\t<\/section>\n\t\t\t\t\t\t\t\t\t<\/div>\n\t\t\t<\/div>\n\t\t\t\t\t<\/div>\n\t\t","protected":false},"excerpt":{"rendered":"<p>Baquetas Vic Firth Signature<br \/>\nDave Weckl<br \/>\nPunta de madera<\/p>\n","protected":false},"featured_media":18196,"comment_status":"open","ping_status":"closed","template":"","meta":[],"product_cat":[279],"product_tag":[148,281],"_links":{"self":[{"href":"https:\/\/avtech-hn.com\/blog\/wp-json\/wp\/v2\/product\/18195"}],"collection":[{"href":"https:\/\/avtech-hn.com\/blog\/wp-json\/wp\/v2\/product"}],"about":[{"href":"https:\/\/avtech-hn.com\/blog\/wp-json\/wp\/v2\/types\/product"}],"replies":[{"embeddable":true,"href":"https:\/\/avtech-hn.com\/blog\/wp-json\/wp\/v2\/comments?post=18195"}],"version-history":[{"count":5,"href":"https:\/\/avtech-hn.com\/blog\/wp-json\/wp\/v2\/product\/18195\/revisions"}],"predecessor-version":[{"id":30438,"href":"https:\/\/avtech-hn.com\/blog\/wp-json\/wp\/v2\/product\/18195\/revisions\/30438"}],"wp:featuredmedia":[{"embeddable":true,"href":"https:\/\/avtech-hn.com\/blog\/wp-json\/wp\/v2\/media\/18196"}],"wp:attachment":[{"href":"https:\/\/avtech-hn.com\/blog\/wp-json\/wp\/v2\/media?parent=18195"}],"wp:term":[{"taxonomy":"product_cat","embeddable":true,"href":"https:\/\/avtech-hn.com\/blog\/wp-json\/wp\/v2\/product_cat?post=18195"},{"taxonomy":"product_tag","embeddable":true,"href":"https:\/\/avtech-hn.com\/blog\/wp-json\/wp\/v2\/product_tag?post=18195"}],"curies":[{"name":"wp","href":"https:\/\/api.w.org\/{rel}","templated":true}]}}