{"id":20662,"date":"2020-04-25T08:10:26","date_gmt":"2020-04-25T14:10:26","guid":{"rendered":"https:\/\/avtech-hn.com\/blog\/?post_type=product&#038;p=20662"},"modified":"2022-05-31T16:46:01","modified_gmt":"2022-05-31T22:46:01","slug":"cuerdas-nylon-guitarra-classic-tension-fuerte","status":"publish","type":"product","link":"https:\/\/avtech-hn.com\/blog\/product\/cuerdas-nylon-guitarra-classic-tension-fuerte\/","title":{"rendered":"Cuerdas Nylon &#8211; Guitarra &#8211; CLASSIC &#8211; Tensi\u00f3n Fuerte"},"content":{"rendered":"\t\t<div data-elementor-type=\"wp-post\" data-elementor-id=\"20662\" class=\"elementor elementor-20662\">\n\t\t\t\t\t\t<div class=\"elementor-inner\">\n\t\t\t\t<div class=\"elementor-section-wrap\">\n\t\t\t\t\t\t\t\t\t<section class=\"elementor-section elementor-top-section elementor-element elementor-element-33bd79a4 elementor-section-boxed elementor-section-height-default elementor-section-height-default\" data-id=\"33bd79a4\" data-element_type=\"section\">\n\t\t\t\t\t\t<div class=\"elementor-container elementor-column-gap-default\">\n\t\t\t\t\t\t\t<div class=\"elementor-row\">\n\t\t\t\t\t<div class=\"elementor-column elementor-col-100 elementor-top-column elementor-element elementor-element-38fdea0\" data-id=\"38fdea0\" data-element_type=\"column\">\n\t\t\t<div class=\"elementor-column-wrap elementor-element-populated\">\n\t\t\t\t\t\t\t<div class=\"elementor-widget-wrap\">\n\t\t\t\t\t\t<div class=\"elementor-element elementor-element-57a8daa2 elementor-widget elementor-widget-text-editor\" data-id=\"57a8daa2\" data-element_type=\"widget\" data-widget_type=\"text-editor.default\">\n\t\t\t\t<div class=\"elementor-widget-container\">\n\t\t\t\t\t\t\t\t<div class=\"elementor-text-editor elementor-clearfix\">\n\t\t\t\t<p>Las cuerdas de guitarra cl\u00e1sica de nylon de D&#8217;Addario son ideales para principiantes, estudiantes y profesionales por igual. Este conjunto de tensi\u00f3n normal contiene 3 agudos de nylon transparentes y 3 bajos enrollados de cobre plateado para el equilibrio \u00f3ptimo de tono c\u00e1lido y proyectante y duradero. Este juego de tensi\u00f3n normal tambi\u00e9n est\u00e1 disponible para guitarras cl\u00e1sicas fraccionales de 1\/2 y 3\/4. <br \/><br \/>Las cuerdas de guitarra de nylon cl\u00e1sico de D&#8217;Addario son ideales para principiantes, estudiantes y profesionales por igual. Cada juego contiene 3 agudos de nylon transparentes y 3 bajos enrollados de cobre plateado para el equilibrio \u00f3ptimo de tono c\u00e1lido y proyectante y duradero.<\/p>\t\t\t\t\t<\/div>\n\t\t\t\t\t\t<\/div>\n\t\t\t\t<\/div>\n\t\t\t\t\t\t<\/div>\n\t\t\t\t\t<\/div>\n\t\t<\/div>\n\t\t\t\t\t\t\t\t<\/div>\n\t\t\t\t\t<\/div>\n\t\t<\/section>\n\t\t\t\t\t\t\t\t\t<\/div>\n\t\t\t<\/div>\n\t\t\t\t\t<\/div>\n\t\t","protected":false},"excerpt":{"rendered":"<p>Cuerdas Nylon<\/p>\n<p>Entorchado silverplated sobre nylon<\/p>\n<p>Nylon transparente<\/p>\n<p>Tensi\u00f3n Fuerte<\/p>\n","protected":false},"featured_media":20666,"comment_status":"open","ping_status":"closed","template":"","meta":[],"product_cat":[79],"product_tag":[83,82,81],"_links":{"self":[{"href":"https:\/\/avtech-hn.com\/blog\/wp-json\/wp\/v2\/product\/20662"}],"collection":[{"href":"https:\/\/avtech-hn.com\/blog\/wp-json\/wp\/v2\/product"}],"about":[{"href":"https:\/\/avtech-hn.com\/blog\/wp-json\/wp\/v2\/types\/product"}],"replies":[{"embeddable":true,"href":"https:\/\/avtech-hn.com\/blog\/wp-json\/wp\/v2\/comments?post=20662"}],"version-history":[{"count":3,"href":"https:\/\/avtech-hn.com\/blog\/wp-json\/wp\/v2\/product\/20662\/revisions"}],"predecessor-version":[{"id":27812,"href":"https:\/\/avtech-hn.com\/blog\/wp-json\/wp\/v2\/product\/20662\/revisions\/27812"}],"wp:featuredmedia":[{"embeddable":true,"href":"https:\/\/avtech-hn.com\/blog\/wp-json\/wp\/v2\/media\/20666"}],"wp:attachment":[{"href":"https:\/\/avtech-hn.com\/blog\/wp-json\/wp\/v2\/media?parent=20662"}],"wp:term":[{"taxonomy":"product_cat","embeddable":true,"href":"https:\/\/avtech-hn.com\/blog\/wp-json\/wp\/v2\/product_cat?post=20662"},{"taxonomy":"product_tag","embeddable":true,"href":"https:\/\/avtech-hn.com\/blog\/wp-json\/wp\/v2\/product_tag?post=20662"}],"curies":[{"name":"wp","href":"https:\/\/api.w.org\/{rel}","templated":true}]}}