{"id":20680,"date":"2020-04-25T08:51:26","date_gmt":"2020-04-25T06:51:26","guid":{"rendered":"https:\/\/avtech-hn.com\/blog\/?post_type=product&#038;p=20680"},"modified":"2020-07-24T10:28:54","modified_gmt":"2020-07-24T16:28:54","slug":"set-de-cuerdas-nyxl-bajo-5to-45-130","status":"publish","type":"product","link":"https:\/\/avtech-hn.com\/blog\/product\/set-de-cuerdas-nyxl-bajo-5to-45-130\/","title":{"rendered":"SET DE CUERDAS &#8211; NYXL &#8211; Bajo 5to &#8211; .45-.130"},"content":{"rendered":"\t\t<div data-elementor-type=\"wp-post\" data-elementor-id=\"20680\" class=\"elementor elementor-20680\">\n\t\t\t\t\t\t<div class=\"elementor-inner\">\n\t\t\t\t<div class=\"elementor-section-wrap\">\n\t\t\t\t\t\t\t\t\t<section class=\"elementor-section elementor-top-section elementor-element elementor-element-33bd79a4 elementor-section-boxed elementor-section-height-default elementor-section-height-default\" data-id=\"33bd79a4\" data-element_type=\"section\">\n\t\t\t\t\t\t<div class=\"elementor-container elementor-column-gap-default\">\n\t\t\t\t\t\t\t<div class=\"elementor-row\">\n\t\t\t\t\t<div class=\"elementor-column elementor-col-100 elementor-top-column elementor-element elementor-element-38fdea0\" data-id=\"38fdea0\" data-element_type=\"column\">\n\t\t\t<div class=\"elementor-column-wrap elementor-element-populated\">\n\t\t\t\t\t\t\t<div class=\"elementor-widget-wrap\">\n\t\t\t\t\t\t<div class=\"elementor-element elementor-element-57a8daa2 elementor-widget elementor-widget-text-editor\" data-id=\"57a8daa2\" data-element_type=\"widget\" data-widget_type=\"text-editor.default\">\n\t\t\t\t<div class=\"elementor-widget-container\">\n\t\t\t\t\t\t\t\t<div class=\"elementor-text-editor elementor-clearfix\">\n\t\t\t\t<div class=\"page\" title=\"Page 2\"><div class=\"section\"><div class=\"layoutArea\"><div class=\"column\"><div class=\"page\" title=\"Page 14\"><div class=\"section\"><div class=\"layoutArea\"><div class=\"column\"><p>Las cuerdas para guitarra el\u00e9ctrica NYXL son mas flexibles, suenan m\u00e1s fuerte y se mantienen afinadas mejor que cualquier otra cuerda que hayas probado antes. <br \/>Visualizado, perfeccionado y fabricado por D\u2019Addario en New York, esta nueva ingenier\u00eda, recientemente dise\u00f1ada, que consta de un n\u00facleo de acero con alto contenido de carbono con aleaci\u00f3n de acero simple, ofrece un nivel completamente nuevo de libertad confianza y potencia.<\/p><\/div><\/div><\/div><\/div><p>\u00a0<\/p><\/div><\/div><\/div><\/div>\t\t\t\t\t<\/div>\n\t\t\t\t\t\t<\/div>\n\t\t\t\t<\/div>\n\t\t\t\t\t\t<\/div>\n\t\t\t\t\t<\/div>\n\t\t<\/div>\n\t\t\t\t\t\t\t\t<\/div>\n\t\t\t\t\t<\/div>\n\t\t<\/section>\n\t\t\t\t\t\t\t\t\t<\/div>\n\t\t\t<\/div>\n\t\t\t\t\t<\/div>\n\t\t","protected":false},"excerpt":{"rendered":"<div class=\"page\" title=\"Page 2\">\n<div class=\"section\">\n<div class=\"layoutArea\">\n<div class=\"column\">\n<p>Aleaci\u00f3n de acero con alto contenido de carbono para una resistencia y elasticidad incomparables<\/p>\n<p>Estabilidad de afinaci\u00f3n mejorada en comparaci\u00f3n con las cuerdas tradicionales de n\u00edquel<\/p>\n<p>Cuerdas enrolladas con respuesta de frecuencia de rango medio mejorada<\/p>\n<\/div>\n<\/div>\n<\/div>\n<\/div>\n","protected":false},"featured_media":20681,"comment_status":"open","ping_status":"closed","template":"","meta":[],"product_cat":[95],"product_tag":[350,80,85,97,96],"_links":{"self":[{"href":"https:\/\/avtech-hn.com\/blog\/wp-json\/wp\/v2\/product\/20680"}],"collection":[{"href":"https:\/\/avtech-hn.com\/blog\/wp-json\/wp\/v2\/product"}],"about":[{"href":"https:\/\/avtech-hn.com\/blog\/wp-json\/wp\/v2\/types\/product"}],"replies":[{"embeddable":true,"href":"https:\/\/avtech-hn.com\/blog\/wp-json\/wp\/v2\/comments?post=20680"}],"version-history":[{"count":3,"href":"https:\/\/avtech-hn.com\/blog\/wp-json\/wp\/v2\/product\/20680\/revisions"}],"predecessor-version":[{"id":24576,"href":"https:\/\/avtech-hn.com\/blog\/wp-json\/wp\/v2\/product\/20680\/revisions\/24576"}],"wp:featuredmedia":[{"embeddable":true,"href":"https:\/\/avtech-hn.com\/blog\/wp-json\/wp\/v2\/media\/20681"}],"wp:attachment":[{"href":"https:\/\/avtech-hn.com\/blog\/wp-json\/wp\/v2\/media?parent=20680"}],"wp:term":[{"taxonomy":"product_cat","embeddable":true,"href":"https:\/\/avtech-hn.com\/blog\/wp-json\/wp\/v2\/product_cat?post=20680"},{"taxonomy":"product_tag","embeddable":true,"href":"https:\/\/avtech-hn.com\/blog\/wp-json\/wp\/v2\/product_tag?post=20680"}],"curies":[{"name":"wp","href":"https:\/\/api.w.org\/{rel}","templated":true}]}}