{"id":21078,"date":"2020-05-07T19:09:44","date_gmt":"2020-05-08T01:09:44","guid":{"rendered":"https:\/\/avtech-hn.com\/blog\/?post_type=product&#038;p=21078"},"modified":"2023-01-01T17:43:44","modified_gmt":"2023-01-01T23:43:44","slug":"fuente-de-voltaje-9v","status":"publish","type":"product","link":"https:\/\/avtech-hn.com\/blog\/product\/fuente-de-voltaje-9v\/","title":{"rendered":"Fuente de Voltaje &#8211; 9V"},"content":{"rendered":"\t\t<div data-elementor-type=\"wp-post\" data-elementor-id=\"21078\" class=\"elementor elementor-21078\">\n\t\t\t\t\t\t<div class=\"elementor-inner\">\n\t\t\t\t<div class=\"elementor-section-wrap\">\n\t\t\t\t\t\t\t\t\t<section class=\"elementor-section elementor-top-section elementor-element elementor-element-33bd79a4 elementor-section-boxed elementor-section-height-default elementor-section-height-default\" data-id=\"33bd79a4\" data-element_type=\"section\">\n\t\t\t\t\t\t<div class=\"elementor-container elementor-column-gap-default\">\n\t\t\t\t\t\t\t<div class=\"elementor-row\">\n\t\t\t\t\t<div class=\"elementor-column elementor-col-100 elementor-top-column elementor-element elementor-element-38fdea0\" data-id=\"38fdea0\" data-element_type=\"column\">\n\t\t\t<div class=\"elementor-column-wrap elementor-element-populated\">\n\t\t\t\t\t\t\t<div class=\"elementor-widget-wrap\">\n\t\t\t\t\t\t<div class=\"elementor-element elementor-element-57a8daa2 elementor-widget elementor-widget-text-editor\" data-id=\"57a8daa2\" data-element_type=\"widget\" data-widget_type=\"text-editor.default\">\n\t\t\t\t<div class=\"elementor-widget-container\">\n\t\t\t\t\t\t\t\t<div class=\"elementor-text-editor elementor-clearfix\">\n\t\t\t\t<p id=\"tw-target-text\" class=\"tw-data-text tw-text-large tw-ta\" dir=\"ltr\" data-placeholder=\"Traducci\u00f3n\"><span lang=\"es\">Durante m\u00e1s de 20 a\u00f1os, D\u2019Addario Accessories (anteriormente Planet Waves) ha liderado la industria en productos innovadores y de resoluci\u00f3n de problemas que atienden a m\u00fasicos de todo el mundo. <br \/>Los accesorios D\u2019Addario se fabrican con orgullo en una instalaci\u00f3n de fabricaci\u00f3n de \u00faltima generaci\u00f3n con los controles de calidad m\u00e1s estrictos de la industria.<\/span><\/p>\t\t\t\t\t<\/div>\n\t\t\t\t\t\t<\/div>\n\t\t\t\t<\/div>\n\t\t\t\t\t\t<\/div>\n\t\t\t\t\t<\/div>\n\t\t<\/div>\n\t\t\t\t\t\t\t\t<\/div>\n\t\t\t\t\t<\/div>\n\t\t<\/section>\n\t\t\t\t\t\t\t\t\t<\/div>\n\t\t\t<\/div>\n\t\t\t\t\t<\/div>\n\t\t","protected":false},"excerpt":{"rendered":"<p>Voltaje: 9VDC<br \/>\nAmperaje: 500mA<br \/>\nPolaridad: Negativo al centro.<\/p>\n<p>Ideal para pedales de efectos u otros instrumentos con carga de 9V.<\/p>\n","protected":false},"featured_media":21079,"comment_status":"open","ping_status":"closed","template":"","meta":[],"product_cat":[210,209,343],"product_tag":[171,339,344],"_links":{"self":[{"href":"https:\/\/avtech-hn.com\/blog\/wp-json\/wp\/v2\/product\/21078"}],"collection":[{"href":"https:\/\/avtech-hn.com\/blog\/wp-json\/wp\/v2\/product"}],"about":[{"href":"https:\/\/avtech-hn.com\/blog\/wp-json\/wp\/v2\/types\/product"}],"replies":[{"embeddable":true,"href":"https:\/\/avtech-hn.com\/blog\/wp-json\/wp\/v2\/comments?post=21078"}],"version-history":[{"count":8,"href":"https:\/\/avtech-hn.com\/blog\/wp-json\/wp\/v2\/product\/21078\/revisions"}],"predecessor-version":[{"id":29027,"href":"https:\/\/avtech-hn.com\/blog\/wp-json\/wp\/v2\/product\/21078\/revisions\/29027"}],"wp:featuredmedia":[{"embeddable":true,"href":"https:\/\/avtech-hn.com\/blog\/wp-json\/wp\/v2\/media\/21079"}],"wp:attachment":[{"href":"https:\/\/avtech-hn.com\/blog\/wp-json\/wp\/v2\/media?parent=21078"}],"wp:term":[{"taxonomy":"product_cat","embeddable":true,"href":"https:\/\/avtech-hn.com\/blog\/wp-json\/wp\/v2\/product_cat?post=21078"},{"taxonomy":"product_tag","embeddable":true,"href":"https:\/\/avtech-hn.com\/blog\/wp-json\/wp\/v2\/product_tag?post=21078"}],"curies":[{"name":"wp","href":"https:\/\/api.w.org\/{rel}","templated":true}]}}