{"id":21319,"date":"2020-05-19T15:49:20","date_gmt":"2020-05-19T21:49:20","guid":{"rendered":"https:\/\/avtech-hn.com\/blog\/?post_type=product&#038;p=21319"},"modified":"2021-02-26T17:48:42","modified_gmt":"2021-02-26T23:48:42","slug":"cable-para-instrumento-10pie-custom-series-braided","status":"publish","type":"product","link":"https:\/\/avtech-hn.com\/blog\/product\/cable-para-instrumento-10pie-custom-series-braided\/","title":{"rendered":"Cable para instrumento &#8211; 10 pies &#8211; custom series braided"},"content":{"rendered":"\t\t<div data-elementor-type=\"wp-post\" data-elementor-id=\"21319\" class=\"elementor elementor-21319\">\n\t\t\t\t\t\t<div class=\"elementor-inner\">\n\t\t\t\t<div class=\"elementor-section-wrap\">\n\t\t\t\t\t\t\t\t\t<section class=\"elementor-section elementor-top-section elementor-element elementor-element-33bd79a4 elementor-section-boxed elementor-section-height-default elementor-section-height-default\" data-id=\"33bd79a4\" data-element_type=\"section\">\n\t\t\t\t\t\t<div class=\"elementor-container elementor-column-gap-default\">\n\t\t\t\t\t\t\t<div class=\"elementor-row\">\n\t\t\t\t\t<div class=\"elementor-column elementor-col-100 elementor-top-column elementor-element elementor-element-38fdea0\" data-id=\"38fdea0\" data-element_type=\"column\">\n\t\t\t<div class=\"elementor-column-wrap elementor-element-populated\">\n\t\t\t\t\t\t\t<div class=\"elementor-widget-wrap\">\n\t\t\t\t\t\t<div class=\"elementor-element elementor-element-57a8daa2 elementor-widget elementor-widget-text-editor\" data-id=\"57a8daa2\" data-element_type=\"widget\" data-widget_type=\"text-editor.default\">\n\t\t\t\t<div class=\"elementor-widget-container\">\n\t\t\t\t\t\t\t\t<div class=\"elementor-text-editor elementor-clearfix\">\n\t\t\t\t<p>Los cables de la serie personalizada de Planet Waves utilizan conductores de cobre libres de ox\u00edgeno ultrapuros para baja capacitancia y tono puro.<br \/>Los puntos de soldadura encapsulados e impenetrables con alivio de tensi\u00f3n de doble molde proporcionan una durabilidad m\u00e1xima y una confiabilidad sin preocupaciones.<br \/>\u00a0Los cables de ondas de planetas son el mejor cable para m\u00fasicos. Utilizando la exclusiva tecnolog\u00eda In = Out para la reproducci\u00f3n de se\u00f1al pura, los cables Planet Waves est\u00e1n fabricados para resistir conciertos y cuentan con una garant\u00eda limitada de por vida.<\/p>\t\t\t\t\t<\/div>\n\t\t\t\t\t\t<\/div>\n\t\t\t\t<\/div>\n\t\t\t\t\t\t<\/div>\n\t\t\t\t\t<\/div>\n\t\t<\/div>\n\t\t\t\t\t\t\t\t<\/div>\n\t\t\t\t\t<\/div>\n\t\t<\/section>\n\t\t\t\t<section class=\"elementor-section elementor-top-section elementor-element elementor-element-259e255 elementor-section-stretched elementor-section-content-middle elementor-section-height-full elementor-section-boxed elementor-section-height-default elementor-section-items-middle\" data-id=\"259e255\" data-element_type=\"section\" data-settings=\"{&quot;stretch_section&quot;:&quot;section-stretched&quot;,&quot;background_background&quot;:&quot;classic&quot;}\">\n\t\t\t\t\t\t<div class=\"elementor-container elementor-column-gap-default\">\n\t\t\t\t\t\t\t<div class=\"elementor-row\">\n\t\t\t\t\t<div class=\"elementor-column elementor-col-33 elementor-top-column elementor-element elementor-element-51b065f elementor-invisible\" data-id=\"51b065f\" data-element_type=\"column\" data-settings=\"{&quot;animation&quot;:&quot;slideInLeft&quot;}\">\n\t\t\t<div class=\"elementor-column-wrap elementor-element-populated\">\n\t\t\t\t\t\t\t<div class=\"elementor-widget-wrap\">\n\t\t\t\t\t\t<section class=\"elementor-section elementor-inner-section elementor-element elementor-element-cc57897 elementor-section-boxed elementor-section-height-default elementor-section-height-default\" data-id=\"cc57897\" data-element_type=\"section\">\n\t\t\t\t\t\t<div class=\"elementor-container elementor-column-gap-default\">\n\t\t\t\t\t\t\t<div class=\"elementor-row\">\n\t\t\t\t\t<div class=\"elementor-column elementor-col-100 elementor-inner-column elementor-element elementor-element-f43c2ed\" data-id=\"f43c2ed\" data-element_type=\"column\">\n\t\t\t<div class=\"elementor-column-wrap elementor-element-populated\">\n\t\t\t\t\t\t\t<div class=\"elementor-widget-wrap\">\n\t\t\t\t\t\t<div class=\"elementor-element elementor-element-d4e52bd elementor-widget elementor-widget-heading\" data-id=\"d4e52bd\" data-element_type=\"widget\" data-widget_type=\"heading.default\">\n\t\t\t\t<div class=\"elementor-widget-container\">\n\t\t\t<h2 class=\"elementor-heading-title elementor-size-default\">Cotiza este producto<\/h2>\t\t<\/div>\n\t\t\t\t<\/div>\n\t\t\t\t<div class=\"elementor-element elementor-element-2751b80 elementor-widget elementor-widget-text-editor\" data-id=\"2751b80\" data-element_type=\"widget\" data-widget_type=\"text-editor.default\">\n\t\t\t\t<div class=\"elementor-widget-container\">\n\t\t\t\t\t\t\t\t<div class=\"elementor-text-editor elementor-clearfix\">\n\t\t\t\t<p>Si est\u00e1s interesado en adquirir este, u otro de nuestros productos, env\u00edanos un correo electr\u00f3nico y te pondremos en contacto con uno de nuestros asesores para poder ofrecerte la atenci\u00f3n personalizada que nos caracteriza.<\/p>\t\t\t\t\t<\/div>\n\t\t\t\t\t\t<\/div>\n\t\t\t\t<\/div>\n\t\t\t\t\t\t<\/div>\n\t\t\t\t\t<\/div>\n\t\t<\/div>\n\t\t\t\t\t\t\t\t<\/div>\n\t\t\t\t\t<\/div>\n\t\t<\/section>\n\t\t\t\t<div class=\"elementor-element elementor-element-5370614 elementor-widget elementor-widget-spacer\" data-id=\"5370614\" data-element_type=\"widget\" data-widget_type=\"spacer.default\">\n\t\t\t\t<div class=\"elementor-widget-container\">\n\t\t\t\t\t<div class=\"elementor-spacer\">\n\t\t\t<div class=\"elementor-spacer-inner\"><\/div>\n\t\t<\/div>\n\t\t\t\t<\/div>\n\t\t\t\t<\/div>\n\t\t\t\t<div class=\"elementor-element elementor-element-9fcbdbd elementor-widget elementor-widget-spacer\" data-id=\"9fcbdbd\" data-element_type=\"widget\" data-widget_type=\"spacer.default\">\n\t\t\t\t<div class=\"elementor-widget-container\">\n\t\t\t\t\t<div class=\"elementor-spacer\">\n\t\t\t<div class=\"elementor-spacer-inner\"><\/div>\n\t\t<\/div>\n\t\t\t\t<\/div>\n\t\t\t\t<\/div>\n\t\t\t\t\t\t<\/div>\n\t\t\t\t\t<\/div>\n\t\t<\/div>\n\t\t\t\t<div class=\"elementor-column elementor-col-33 elementor-top-column elementor-element elementor-element-63786f5\" data-id=\"63786f5\" data-element_type=\"column\">\n\t\t\t<div class=\"elementor-column-wrap elementor-element-populated\">\n\t\t\t\t\t\t\t<div class=\"elementor-widget-wrap\">\n\t\t\t\t\t\t\t\t<\/div>\n\t\t\t\t\t<\/div>\n\t\t<\/div>\n\t\t\t\t<div class=\"elementor-column elementor-col-33 elementor-top-column elementor-element elementor-element-76747f8 elementor-invisible\" data-id=\"76747f8\" data-element_type=\"column\" data-settings=\"{&quot;background_background&quot;:&quot;classic&quot;,&quot;animation&quot;:&quot;slideInRight&quot;}\">\n\t\t\t<div class=\"elementor-column-wrap elementor-element-populated\">\n\t\t\t\t\t\t\t<div class=\"elementor-widget-wrap\">\n\t\t\t\t\t\t<div class=\"elementor-element elementor-element-6388578 elementor-widget elementor-widget-shortcode\" data-id=\"6388578\" data-element_type=\"widget\" data-widget_type=\"shortcode.default\">\n\t\t\t\t<div class=\"elementor-widget-container\">\n\t\t\t\t\t<div class=\"elementor-shortcode\"><\/div>\n\t\t\t\t<\/div>\n\t\t\t\t<\/div>\n\t\t\t\t\t\t<\/div>\n\t\t\t\t\t<\/div>\n\t\t<\/div>\n\t\t\t\t\t\t\t\t<\/div>\n\t\t\t\t\t<\/div>\n\t\t<\/section>\n\t\t\t\t\t\t\t\t\t<\/div>\n\t\t\t<\/div>\n\t\t\t\t\t<\/div>\n\t\t","protected":false},"excerpt":{"rendered":"<p dir=\"ltr\" data-placeholder=\"Traducci\u00f3n\">Cable para Instrumento<\/p>\n<p dir=\"ltr\" data-placeholder=\"Traducci\u00f3n\">serie custom braided de D&#8217;Addario<\/p>\n<p dir=\"ltr\" data-placeholder=\"Traducci\u00f3n\">10 pie (3.05 m), calidad y sonido.<\/p>\n","protected":false},"featured_media":21321,"comment_status":"open","ping_status":"closed","template":"","meta":[],"product_cat":[407],"product_tag":[177,349,175],"_links":{"self":[{"href":"https:\/\/avtech-hn.com\/blog\/wp-json\/wp\/v2\/product\/21319"}],"collection":[{"href":"https:\/\/avtech-hn.com\/blog\/wp-json\/wp\/v2\/product"}],"about":[{"href":"https:\/\/avtech-hn.com\/blog\/wp-json\/wp\/v2\/types\/product"}],"replies":[{"embeddable":true,"href":"https:\/\/avtech-hn.com\/blog\/wp-json\/wp\/v2\/comments?post=21319"}],"version-history":[{"count":2,"href":"https:\/\/avtech-hn.com\/blog\/wp-json\/wp\/v2\/product\/21319\/revisions"}],"predecessor-version":[{"id":23819,"href":"https:\/\/avtech-hn.com\/blog\/wp-json\/wp\/v2\/product\/21319\/revisions\/23819"}],"wp:featuredmedia":[{"embeddable":true,"href":"https:\/\/avtech-hn.com\/blog\/wp-json\/wp\/v2\/media\/21321"}],"wp:attachment":[{"href":"https:\/\/avtech-hn.com\/blog\/wp-json\/wp\/v2\/media?parent=21319"}],"wp:term":[{"taxonomy":"product_cat","embeddable":true,"href":"https:\/\/avtech-hn.com\/blog\/wp-json\/wp\/v2\/product_cat?post=21319"},{"taxonomy":"product_tag","embeddable":true,"href":"https:\/\/avtech-hn.com\/blog\/wp-json\/wp\/v2\/product_tag?post=21319"}],"curies":[{"name":"wp","href":"https:\/\/api.w.org\/{rel}","templated":true}]}}