{"id":21427,"date":"2020-05-21T16:14:27","date_gmt":"2020-05-21T22:14:27","guid":{"rendered":"https:\/\/avtech-hn.com\/blog\/?post_type=product&#038;p=21427"},"modified":"2020-05-21T16:34:32","modified_gmt":"2020-05-21T22:34:32","slug":"canuela-2-1-2-vandoren-sax-soprano","status":"publish","type":"product","link":"https:\/\/avtech-hn.com\/blog\/product\/canuela-2-1-2-vandoren-sax-soprano\/","title":{"rendered":"CA\u00d1UELA #2 1\/2 &#8211; VANDOREN &#8211; SAX SOPRANO"},"content":{"rendered":"\t\t<div data-elementor-type=\"wp-post\" data-elementor-id=\"21427\" class=\"elementor elementor-21427\">\n\t\t\t\t\t\t<div class=\"elementor-inner\">\n\t\t\t\t<div class=\"elementor-section-wrap\">\n\t\t\t\t\t\t\t\t\t<section class=\"elementor-section elementor-top-section elementor-element elementor-element-33bd79a4 elementor-section-boxed elementor-section-height-default elementor-section-height-default\" data-id=\"33bd79a4\" data-element_type=\"section\">\n\t\t\t\t\t\t<div class=\"elementor-container elementor-column-gap-default\">\n\t\t\t\t\t\t\t<div class=\"elementor-row\">\n\t\t\t\t\t<div class=\"elementor-column elementor-col-100 elementor-top-column elementor-element elementor-element-38fdea0\" data-id=\"38fdea0\" data-element_type=\"column\">\n\t\t\t<div class=\"elementor-column-wrap elementor-element-populated\">\n\t\t\t\t\t\t\t<div class=\"elementor-widget-wrap\">\n\t\t\t\t\t\t<div class=\"elementor-element elementor-element-57a8daa2 elementor-widget elementor-widget-text-editor\" data-id=\"57a8daa2\" data-element_type=\"widget\" data-widget_type=\"text-editor.default\">\n\t\t\t\t<div class=\"elementor-widget-container\">\n\t\t\t\t\t\t\t\t<div class=\"elementor-text-editor elementor-clearfix\">\n\t\t\t\t<p>Eug\u00e8ne Van Doren clarinetista y fundador de la empresa Vandoren desde 1905,&nbsp;le llamo la atenci\u00f3n de sus compa\u00f1eros de viento que fabricaban sus propias ca\u00f1uelas, Al comprobar lo laborioso que resultaba la fabricaci\u00f3n de estas ca\u00f1as, se dedic\u00f3 a dise\u00f1ar y fabricar adquiriendo fama entre instrumentistas y pasando de fabricar sus propias ca\u00f1as as\u00ed dejando de lado su carrera como m\u00fasico y fundar una f\u00e1brica de ca\u00f1as en el n\u00famero 51 en el a\u00f1o 1905, a\u00f1o de nacimiento de su hijo Robert que luego se convertir\u00eda en clarinetista igual que su padre, Robert deja huella en Estados Unidos de la calidad de las ca\u00f1as fabricadas por su padre y m\u00e1s tarde decide dejar de lado su carrera musical para dedicarse a la fabricaci\u00f3n de ca\u00f1as al igual que hizo anteriormente su padre.<\/p>\n<p>Robert Van Doren comercializa la famosa&nbsp;<a href=\"https:\/\/web.archive.org\/web\/20100106080126\/http:\/www.vandoren.fr\/es\/clarineteb.html\">b<\/a>oquilla 5RV, que tuvo gran \u00e9xito entre los m\u00fasicos profesionales. En el a\u00f1o 1967 Bernard Van Doren quien impuls\u00f3 una nueva generaci\u00f3n de boquillas<a href=\"https:\/\/web.archive.org\/web\/20100105231128\/http:\/www.vandoren.fr\/es\/clarinetbass.html\">&nbsp;<\/a>B45, tambi\u00e9n desarroll\u00f3 numerosa maquinaria con la que consigui\u00f3 multiplicar la producci\u00f3n. Actualmente los productos Vandoren&nbsp;gozan de un gran prestigio en el mundo de la m\u00fasica por ser productos de una gran calidad.&nbsp;<\/p>\t\t\t\t\t<\/div>\n\t\t\t\t\t\t<\/div>\n\t\t\t\t<\/div>\n\t\t\t\t\t\t<\/div>\n\t\t\t\t\t<\/div>\n\t\t<\/div>\n\t\t\t\t\t\t\t\t<\/div>\n\t\t\t\t\t<\/div>\n\t\t<\/section>\n\t\t\t\t<section class=\"elementor-section elementor-top-section elementor-element elementor-element-8cdc711 elementor-section-stretched elementor-section-content-middle elementor-section-height-full elementor-section-boxed elementor-section-height-default elementor-section-items-middle\" data-id=\"8cdc711\" data-element_type=\"section\" data-settings=\"{&quot;stretch_section&quot;:&quot;section-stretched&quot;,&quot;background_background&quot;:&quot;classic&quot;}\">\n\t\t\t\t\t\t<div class=\"elementor-container elementor-column-gap-default\">\n\t\t\t\t\t\t\t<div class=\"elementor-row\">\n\t\t\t\t\t<div class=\"elementor-column elementor-col-33 elementor-top-column elementor-element elementor-element-13a1e3b elementor-invisible\" data-id=\"13a1e3b\" data-element_type=\"column\" data-settings=\"{&quot;animation&quot;:&quot;slideInLeft&quot;}\">\n\t\t\t<div class=\"elementor-column-wrap elementor-element-populated\">\n\t\t\t\t\t\t\t<div class=\"elementor-widget-wrap\">\n\t\t\t\t\t\t<section class=\"elementor-section elementor-inner-section elementor-element elementor-element-f72344d elementor-section-boxed elementor-section-height-default elementor-section-height-default\" data-id=\"f72344d\" data-element_type=\"section\">\n\t\t\t\t\t\t<div class=\"elementor-container elementor-column-gap-default\">\n\t\t\t\t\t\t\t<div class=\"elementor-row\">\n\t\t\t\t\t<div class=\"elementor-column elementor-col-100 elementor-inner-column elementor-element elementor-element-c632e64\" data-id=\"c632e64\" data-element_type=\"column\">\n\t\t\t<div class=\"elementor-column-wrap elementor-element-populated\">\n\t\t\t\t\t\t\t<div class=\"elementor-widget-wrap\">\n\t\t\t\t\t\t<div class=\"elementor-element elementor-element-9cc0875 elementor-widget elementor-widget-heading\" data-id=\"9cc0875\" data-element_type=\"widget\" data-widget_type=\"heading.default\">\n\t\t\t\t<div class=\"elementor-widget-container\">\n\t\t\t<h2 class=\"elementor-heading-title elementor-size-default\">Cotiza este producto<\/h2>\t\t<\/div>\n\t\t\t\t<\/div>\n\t\t\t\t<div class=\"elementor-element elementor-element-05ac02b elementor-widget elementor-widget-text-editor\" data-id=\"05ac02b\" data-element_type=\"widget\" data-widget_type=\"text-editor.default\">\n\t\t\t\t<div class=\"elementor-widget-container\">\n\t\t\t\t\t\t\t\t<div class=\"elementor-text-editor elementor-clearfix\">\n\t\t\t\t<p>Si est\u00e1s interesado en adquirir este, u otro de nuestros productos, env\u00edanos un correo electr\u00f3nico y te pondremos en contacto con uno de nuestros asesores para poder ofrecerte la atenci\u00f3n personalizada que nos caracteriza.<\/p>\t\t\t\t\t<\/div>\n\t\t\t\t\t\t<\/div>\n\t\t\t\t<\/div>\n\t\t\t\t\t\t<\/div>\n\t\t\t\t\t<\/div>\n\t\t<\/div>\n\t\t\t\t\t\t\t\t<\/div>\n\t\t\t\t\t<\/div>\n\t\t<\/section>\n\t\t\t\t<div class=\"elementor-element elementor-element-9d056e0 elementor-widget elementor-widget-spacer\" data-id=\"9d056e0\" data-element_type=\"widget\" data-widget_type=\"spacer.default\">\n\t\t\t\t<div class=\"elementor-widget-container\">\n\t\t\t\t\t<div class=\"elementor-spacer\">\n\t\t\t<div class=\"elementor-spacer-inner\"><\/div>\n\t\t<\/div>\n\t\t\t\t<\/div>\n\t\t\t\t<\/div>\n\t\t\t\t<div class=\"elementor-element elementor-element-7f7355c elementor-widget elementor-widget-spacer\" data-id=\"7f7355c\" data-element_type=\"widget\" data-widget_type=\"spacer.default\">\n\t\t\t\t<div class=\"elementor-widget-container\">\n\t\t\t\t\t<div class=\"elementor-spacer\">\n\t\t\t<div class=\"elementor-spacer-inner\"><\/div>\n\t\t<\/div>\n\t\t\t\t<\/div>\n\t\t\t\t<\/div>\n\t\t\t\t\t\t<\/div>\n\t\t\t\t\t<\/div>\n\t\t<\/div>\n\t\t\t\t<div class=\"elementor-column elementor-col-33 elementor-top-column elementor-element elementor-element-94e60ae\" data-id=\"94e60ae\" data-element_type=\"column\">\n\t\t\t<div class=\"elementor-column-wrap elementor-element-populated\">\n\t\t\t\t\t\t\t<div class=\"elementor-widget-wrap\">\n\t\t\t\t\t\t\t\t<\/div>\n\t\t\t\t\t<\/div>\n\t\t<\/div>\n\t\t\t\t<div class=\"elementor-column elementor-col-33 elementor-top-column elementor-element elementor-element-7efab7d elementor-invisible\" data-id=\"7efab7d\" data-element_type=\"column\" data-settings=\"{&quot;background_background&quot;:&quot;classic&quot;,&quot;animation&quot;:&quot;slideInRight&quot;}\">\n\t\t\t<div class=\"elementor-column-wrap elementor-element-populated\">\n\t\t\t\t\t\t\t<div class=\"elementor-widget-wrap\">\n\t\t\t\t\t\t<div class=\"elementor-element elementor-element-430de47 elementor-widget elementor-widget-shortcode\" data-id=\"430de47\" data-element_type=\"widget\" data-widget_type=\"shortcode.default\">\n\t\t\t\t<div class=\"elementor-widget-container\">\n\t\t\t\t\t<div class=\"elementor-shortcode\"><\/div>\n\t\t\t\t<\/div>\n\t\t\t\t<\/div>\n\t\t\t\t\t\t<\/div>\n\t\t\t\t\t<\/div>\n\t\t<\/div>\n\t\t\t\t\t\t\t\t<\/div>\n\t\t\t\t\t<\/div>\n\t\t<\/section>\n\t\t\t\t\t\t\t\t\t<\/div>\n\t\t\t<\/div>\n\t\t\t\t\t<\/div>\n\t\t","protected":false},"excerpt":{"rendered":"<p>Precio por unidad.<\/p>\n<p><span class=\"a-list-item\">De alta calidad y con un dise\u00f1o moderno<br \/>\n<\/span><span class=\"a-list-item\">Tensi\u00f3n 2<br \/>\n<\/span><span class=\"a-list-item\">Para saxof\u00f3n Soprano<\/span><\/p>\n","protected":false},"featured_media":21416,"comment_status":"open","ping_status":"closed","template":"","meta":[],"product_cat":[394],"product_tag":[195,395],"_links":{"self":[{"href":"https:\/\/avtech-hn.com\/blog\/wp-json\/wp\/v2\/product\/21427"}],"collection":[{"href":"https:\/\/avtech-hn.com\/blog\/wp-json\/wp\/v2\/product"}],"about":[{"href":"https:\/\/avtech-hn.com\/blog\/wp-json\/wp\/v2\/types\/product"}],"replies":[{"embeddable":true,"href":"https:\/\/avtech-hn.com\/blog\/wp-json\/wp\/v2\/comments?post=21427"}],"version-history":[{"count":1,"href":"https:\/\/avtech-hn.com\/blog\/wp-json\/wp\/v2\/product\/21427\/revisions"}],"predecessor-version":[{"id":21428,"href":"https:\/\/avtech-hn.com\/blog\/wp-json\/wp\/v2\/product\/21427\/revisions\/21428"}],"wp:featuredmedia":[{"embeddable":true,"href":"https:\/\/avtech-hn.com\/blog\/wp-json\/wp\/v2\/media\/21416"}],"wp:attachment":[{"href":"https:\/\/avtech-hn.com\/blog\/wp-json\/wp\/v2\/media?parent=21427"}],"wp:term":[{"taxonomy":"product_cat","embeddable":true,"href":"https:\/\/avtech-hn.com\/blog\/wp-json\/wp\/v2\/product_cat?post=21427"},{"taxonomy":"product_tag","embeddable":true,"href":"https:\/\/avtech-hn.com\/blog\/wp-json\/wp\/v2\/product_tag?post=21427"}],"curies":[{"name":"wp","href":"https:\/\/api.w.org\/{rel}","templated":true}]}}