{"id":21765,"date":"2020-05-27T18:58:03","date_gmt":"2020-05-28T00:58:03","guid":{"rendered":"https:\/\/avtech-hn.com\/blog\/?post_type=product&#038;p=21765"},"modified":"2020-05-27T19:03:20","modified_gmt":"2020-05-28T01:03:20","slug":"estuche-para-cortina-treeworks-lg24-mediana","status":"publish","type":"product","link":"https:\/\/avtech-hn.com\/blog\/product\/estuche-para-cortina-treeworks-lg24-mediana\/","title":{"rendered":"Estuche para Cortina TreeWorks &#8211; LG24 &#8211; MEDIANA"},"content":{"rendered":"\t\t<div data-elementor-type=\"wp-post\" data-elementor-id=\"21765\" class=\"elementor elementor-21765\">\n\t\t\t\t\t\t<div class=\"elementor-inner\">\n\t\t\t\t<div class=\"elementor-section-wrap\">\n\t\t\t\t\t\t\t\t\t<section class=\"elementor-section elementor-top-section elementor-element elementor-element-33bd79a4 elementor-section-boxed elementor-section-height-default elementor-section-height-default\" data-id=\"33bd79a4\" data-element_type=\"section\">\n\t\t\t\t\t\t<div class=\"elementor-container elementor-column-gap-default\">\n\t\t\t\t\t\t\t<div class=\"elementor-row\">\n\t\t\t\t\t<div class=\"elementor-column elementor-col-100 elementor-top-column elementor-element elementor-element-38fdea0\" data-id=\"38fdea0\" data-element_type=\"column\">\n\t\t\t<div class=\"elementor-column-wrap elementor-element-populated\">\n\t\t\t\t\t\t\t<div class=\"elementor-widget-wrap\">\n\t\t\t\t\t\t<div class=\"elementor-element elementor-element-57a8daa2 elementor-widget elementor-widget-text-editor\" data-id=\"57a8daa2\" data-element_type=\"widget\" data-widget_type=\"text-editor.default\">\n\t\t\t\t<div class=\"elementor-widget-container\">\n\t\t\t\t\t\t\t\t<div class=\"elementor-text-editor elementor-clearfix\">\n\t\t\t\t<p>Si eres baterista o percusionista, ya sabes que tu contribuci\u00f3n es intr\u00ednseca a la m\u00fasica y un componente inseparable de la interpretaci\u00f3n final. <br \/>Como cada instrumento de tu repertorio es un reflejo de ti, escuchas, eval\u00faas y eliges los mejores instrumentos hasta el final.<\/p><p id=\"tw-target-text\" class=\"tw-data-text tw-text-large XcVN5d tw-ta\" dir=\"ltr\" data-placeholder=\"Traducci\u00f3n\"><span lang=\"es\">El sonido de una campanilla de TreeWorks tiene tres componentes: el cord\u00f3n, el manto y las barras. En TreeWorks, cada componente contribuye seriamente a la presencia totalmente limpia y n\u00edtida que producen estos instrumentos finos.<\/span><\/p><p><br \/><br \/><\/p>\t\t\t\t\t<\/div>\n\t\t\t\t\t\t<\/div>\n\t\t\t\t<\/div>\n\t\t\t\t\t\t<\/div>\n\t\t\t\t\t<\/div>\n\t\t<\/div>\n\t\t\t\t\t\t\t\t<\/div>\n\t\t\t\t\t<\/div>\n\t\t<\/section>\n\t\t\t\t<section class=\"elementor-section elementor-top-section elementor-element elementor-element-6daf1a3 elementor-section-stretched elementor-section-content-middle elementor-section-height-full elementor-section-boxed elementor-section-height-default elementor-section-items-middle\" data-id=\"6daf1a3\" data-element_type=\"section\" data-settings=\"{&quot;stretch_section&quot;:&quot;section-stretched&quot;,&quot;background_background&quot;:&quot;classic&quot;}\">\n\t\t\t\t\t\t<div class=\"elementor-container elementor-column-gap-default\">\n\t\t\t\t\t\t\t<div class=\"elementor-row\">\n\t\t\t\t\t<div class=\"elementor-column elementor-col-33 elementor-top-column elementor-element elementor-element-8f4e06f elementor-invisible\" data-id=\"8f4e06f\" data-element_type=\"column\" data-settings=\"{&quot;animation&quot;:&quot;slideInLeft&quot;}\">\n\t\t\t<div class=\"elementor-column-wrap elementor-element-populated\">\n\t\t\t\t\t\t\t<div class=\"elementor-widget-wrap\">\n\t\t\t\t\t\t<section class=\"elementor-section elementor-inner-section elementor-element elementor-element-2e7db59 elementor-section-boxed elementor-section-height-default elementor-section-height-default\" data-id=\"2e7db59\" data-element_type=\"section\">\n\t\t\t\t\t\t<div class=\"elementor-container elementor-column-gap-default\">\n\t\t\t\t\t\t\t<div class=\"elementor-row\">\n\t\t\t\t\t<div class=\"elementor-column elementor-col-100 elementor-inner-column elementor-element elementor-element-a5e6060\" data-id=\"a5e6060\" data-element_type=\"column\">\n\t\t\t<div class=\"elementor-column-wrap elementor-element-populated\">\n\t\t\t\t\t\t\t<div class=\"elementor-widget-wrap\">\n\t\t\t\t\t\t<div class=\"elementor-element elementor-element-ae50d64 elementor-widget elementor-widget-heading\" data-id=\"ae50d64\" data-element_type=\"widget\" data-widget_type=\"heading.default\">\n\t\t\t\t<div class=\"elementor-widget-container\">\n\t\t\t<h2 class=\"elementor-heading-title elementor-size-default\">Cotiza este producto<\/h2>\t\t<\/div>\n\t\t\t\t<\/div>\n\t\t\t\t<div class=\"elementor-element elementor-element-0c3e660 elementor-widget elementor-widget-text-editor\" data-id=\"0c3e660\" data-element_type=\"widget\" data-widget_type=\"text-editor.default\">\n\t\t\t\t<div class=\"elementor-widget-container\">\n\t\t\t\t\t\t\t\t<div class=\"elementor-text-editor elementor-clearfix\">\n\t\t\t\t<p>Si est\u00e1s interesado en adquirir este, u otro de nuestros productos, env\u00edanos un correo electr\u00f3nico y te pondremos en contacto con uno de nuestros asesores para poder ofrecerte la atenci\u00f3n personalizada que nos caracteriza.<\/p>\t\t\t\t\t<\/div>\n\t\t\t\t\t\t<\/div>\n\t\t\t\t<\/div>\n\t\t\t\t\t\t<\/div>\n\t\t\t\t\t<\/div>\n\t\t<\/div>\n\t\t\t\t\t\t\t\t<\/div>\n\t\t\t\t\t<\/div>\n\t\t<\/section>\n\t\t\t\t<div class=\"elementor-element elementor-element-a4c9620 elementor-widget elementor-widget-spacer\" data-id=\"a4c9620\" data-element_type=\"widget\" data-widget_type=\"spacer.default\">\n\t\t\t\t<div class=\"elementor-widget-container\">\n\t\t\t\t\t<div class=\"elementor-spacer\">\n\t\t\t<div class=\"elementor-spacer-inner\"><\/div>\n\t\t<\/div>\n\t\t\t\t<\/div>\n\t\t\t\t<\/div>\n\t\t\t\t<div class=\"elementor-element elementor-element-d8f118e elementor-widget elementor-widget-spacer\" data-id=\"d8f118e\" data-element_type=\"widget\" data-widget_type=\"spacer.default\">\n\t\t\t\t<div class=\"elementor-widget-container\">\n\t\t\t\t\t<div class=\"elementor-spacer\">\n\t\t\t<div class=\"elementor-spacer-inner\"><\/div>\n\t\t<\/div>\n\t\t\t\t<\/div>\n\t\t\t\t<\/div>\n\t\t\t\t\t\t<\/div>\n\t\t\t\t\t<\/div>\n\t\t<\/div>\n\t\t\t\t<div class=\"elementor-column elementor-col-33 elementor-top-column elementor-element elementor-element-9c9fddc\" data-id=\"9c9fddc\" data-element_type=\"column\">\n\t\t\t<div class=\"elementor-column-wrap elementor-element-populated\">\n\t\t\t\t\t\t\t<div class=\"elementor-widget-wrap\">\n\t\t\t\t\t\t\t\t<\/div>\n\t\t\t\t\t<\/div>\n\t\t<\/div>\n\t\t\t\t<div class=\"elementor-column elementor-col-33 elementor-top-column elementor-element elementor-element-e23ba70 elementor-invisible\" data-id=\"e23ba70\" data-element_type=\"column\" data-settings=\"{&quot;background_background&quot;:&quot;classic&quot;,&quot;animation&quot;:&quot;slideInRight&quot;}\">\n\t\t\t<div class=\"elementor-column-wrap elementor-element-populated\">\n\t\t\t\t\t\t\t<div class=\"elementor-widget-wrap\">\n\t\t\t\t\t\t<div class=\"elementor-element elementor-element-493348a elementor-widget elementor-widget-shortcode\" data-id=\"493348a\" data-element_type=\"widget\" data-widget_type=\"shortcode.default\">\n\t\t\t\t<div class=\"elementor-widget-container\">\n\t\t\t\t\t<div class=\"elementor-shortcode\"><\/div>\n\t\t\t\t<\/div>\n\t\t\t\t<\/div>\n\t\t\t\t\t\t<\/div>\n\t\t\t\t\t<\/div>\n\t\t<\/div>\n\t\t\t\t\t\t\t\t<\/div>\n\t\t\t\t\t<\/div>\n\t\t<\/section>\n\t\t\t\t\t\t\t\t\t<\/div>\n\t\t\t<\/div>\n\t\t\t\t\t<\/div>\n\t\t","protected":false},"excerpt":{"rendered":"<p>Grosor de 1\/2 pulgada<br \/>\nEspuma en ambos lados.<\/p>\n<p>El revestimiento permite que las campanas se deslicen f\u00e1cilmente.<\/p>\n","protected":false},"featured_media":21766,"comment_status":"open","ping_status":"closed","template":"","meta":[],"product_cat":[387,142],"product_tag":[375,342,437],"_links":{"self":[{"href":"https:\/\/avtech-hn.com\/blog\/wp-json\/wp\/v2\/product\/21765"}],"collection":[{"href":"https:\/\/avtech-hn.com\/blog\/wp-json\/wp\/v2\/product"}],"about":[{"href":"https:\/\/avtech-hn.com\/blog\/wp-json\/wp\/v2\/types\/product"}],"replies":[{"embeddable":true,"href":"https:\/\/avtech-hn.com\/blog\/wp-json\/wp\/v2\/comments?post=21765"}],"version-history":[{"count":1,"href":"https:\/\/avtech-hn.com\/blog\/wp-json\/wp\/v2\/product\/21765\/revisions"}],"predecessor-version":[{"id":21767,"href":"https:\/\/avtech-hn.com\/blog\/wp-json\/wp\/v2\/product\/21765\/revisions\/21767"}],"wp:featuredmedia":[{"embeddable":true,"href":"https:\/\/avtech-hn.com\/blog\/wp-json\/wp\/v2\/media\/21766"}],"wp:attachment":[{"href":"https:\/\/avtech-hn.com\/blog\/wp-json\/wp\/v2\/media?parent=21765"}],"wp:term":[{"taxonomy":"product_cat","embeddable":true,"href":"https:\/\/avtech-hn.com\/blog\/wp-json\/wp\/v2\/product_cat?post=21765"},{"taxonomy":"product_tag","embeddable":true,"href":"https:\/\/avtech-hn.com\/blog\/wp-json\/wp\/v2\/product_tag?post=21765"}],"curies":[{"name":"wp","href":"https:\/\/api.w.org\/{rel}","templated":true}]}}