{"id":22957,"date":"2020-07-01T01:05:51","date_gmt":"2020-07-01T07:05:51","guid":{"rendered":"https:\/\/avtech-hn.com\/blog\/?post_type=product&#038;p=22957"},"modified":"2021-12-04T19:38:56","modified_gmt":"2021-12-05T01:38:56","slug":"filto-antipop-blastking","status":"publish","type":"product","link":"https:\/\/avtech-hn.com\/blog\/product\/filto-antipop-blastking\/","title":{"rendered":"Filtro Antipop &#8211; Blastking"},"content":{"rendered":"\t\t<div data-elementor-type=\"wp-post\" data-elementor-id=\"22957\" class=\"elementor elementor-22957\">\n\t\t\t\t\t\t<div class=\"elementor-inner\">\n\t\t\t\t<div class=\"elementor-section-wrap\">\n\t\t\t\t\t\t\t\t\t<section class=\"elementor-section elementor-top-section elementor-element elementor-element-33bd79a4 elementor-section-boxed elementor-section-height-default elementor-section-height-default\" data-id=\"33bd79a4\" data-element_type=\"section\">\n\t\t\t\t\t\t<div class=\"elementor-container elementor-column-gap-default\">\n\t\t\t\t\t\t\t<div class=\"elementor-row\">\n\t\t\t\t\t<div class=\"elementor-column elementor-col-100 elementor-top-column elementor-element elementor-element-38fdea0\" data-id=\"38fdea0\" data-element_type=\"column\">\n\t\t\t<div class=\"elementor-column-wrap elementor-element-populated\">\n\t\t\t\t\t\t\t<div class=\"elementor-widget-wrap\">\n\t\t\t\t\t\t<div class=\"elementor-element elementor-element-57a8daa2 elementor-widget elementor-widget-text-editor\" data-id=\"57a8daa2\" data-element_type=\"widget\" data-widget_type=\"text-editor.default\">\n\t\t\t\t<div class=\"elementor-widget-container\">\n\t\t\t\t\t\t\t\t<div class=\"elementor-text-editor elementor-clearfix\">\n\t\t\t\t<p id=\"tw-target-text\" class=\"tw-data-text tw-text-large XcVN5d tw-ta\" dir=\"ltr\" data-placeholder=\"Traducci\u00f3n\"><span lang=\"es\">BlastKing fue fundado en 1984 por el Sr. Bernard Kremen. <br \/>Eso se convertir\u00eda en una marca de audio profesional mundialmente conocida y respetada. A lo largo de las \u00faltimas tres d\u00e9cadas, BlastKing ha prestado servicios a los mercados comerciales e industriales en todo el continente americano al proporcionar productos de calidad con un excelente servicio. <\/span><\/p><p>Hoy, BlastKing est\u00e1 un paso m\u00e1s cerca de hacer realidad la visi\u00f3n del Sr. Kremen. Operando desde una instalaci\u00f3n de 50,000 pies cuadrados, BlastKing ha comenzado a dise\u00f1ar y fabricar productos profesionales innovadores dirigidos a los m\u00fasicos, artistas y entusiastas del sonido del mundo. Nuestro equipo de profesionales es un apasionado de la industria y comparte los mismos valores; Calidad, Servicio y Compromiso. Esa es la base sobre la cual se ha construido BlastKing.<\/p><p>Nos esforzamos por mejorar constantemente nuestra calidad y nos enorgullece ofrecer productos con valor para nuestros clientes y socios comerciales en todo el mundo. Nuestro equipo en BlastKing continuar\u00e1 trabajando arduamente para brindarle soluciones de audio profesionales para garantizar la mejor experiencia de sonido para usted y su audiencia.<\/p>\t\t\t\t\t<\/div>\n\t\t\t\t\t\t<\/div>\n\t\t\t\t<\/div>\n\t\t\t\t\t\t<\/div>\n\t\t\t\t\t<\/div>\n\t\t<\/div>\n\t\t\t\t\t\t\t\t<\/div>\n\t\t\t\t\t<\/div>\n\t\t<\/section>\n\t\t\t\t\t\t\t\t\t<\/div>\n\t\t\t<\/div>\n\t\t\t\t\t<\/div>\n\t\t","protected":false},"excerpt":{"rendered":"<p><span class=\"a-list-item\">Filtro Anti-Pop Doble Capa para Micr\u00f3fono de estudio.<\/span><span class=\"a-list-item\"><br \/>\n<\/span><span class=\"a-list-item\">Construcci\u00f3n de una sola pieza.<br \/>\n<\/span><span class=\"a-list-item\">Protege tu micr\u00f3fono del exceso de humedad.<br \/>\n<\/span><span class=\"a-list-item\">Soporte flexible de cuello de ganso de 360 grados.<\/span><\/p>\n<p id=\"tw-target-text\" class=\"tw-data-text tw-text-large XcVN5d tw-ta\" dir=\"ltr\" data-placeholder=\"Traducci\u00f3n\"><span lang=\"es\">\u00a0<\/span><\/p>\n","protected":false},"featured_media":22958,"comment_status":"open","ping_status":"closed","template":"","meta":[],"product_cat":[626],"product_tag":[573,574,572],"_links":{"self":[{"href":"https:\/\/avtech-hn.com\/blog\/wp-json\/wp\/v2\/product\/22957"}],"collection":[{"href":"https:\/\/avtech-hn.com\/blog\/wp-json\/wp\/v2\/product"}],"about":[{"href":"https:\/\/avtech-hn.com\/blog\/wp-json\/wp\/v2\/types\/product"}],"replies":[{"embeddable":true,"href":"https:\/\/avtech-hn.com\/blog\/wp-json\/wp\/v2\/comments?post=22957"}],"version-history":[{"count":8,"href":"https:\/\/avtech-hn.com\/blog\/wp-json\/wp\/v2\/product\/22957\/revisions"}],"predecessor-version":[{"id":24388,"href":"https:\/\/avtech-hn.com\/blog\/wp-json\/wp\/v2\/product\/22957\/revisions\/24388"}],"wp:featuredmedia":[{"embeddable":true,"href":"https:\/\/avtech-hn.com\/blog\/wp-json\/wp\/v2\/media\/22958"}],"wp:attachment":[{"href":"https:\/\/avtech-hn.com\/blog\/wp-json\/wp\/v2\/media?parent=22957"}],"wp:term":[{"taxonomy":"product_cat","embeddable":true,"href":"https:\/\/avtech-hn.com\/blog\/wp-json\/wp\/v2\/product_cat?post=22957"},{"taxonomy":"product_tag","embeddable":true,"href":"https:\/\/avtech-hn.com\/blog\/wp-json\/wp\/v2\/product_tag?post=22957"}],"curies":[{"name":"wp","href":"https:\/\/api.w.org\/{rel}","templated":true}]}}