{"id":23031,"date":"2020-07-02T14:33:49","date_gmt":"2020-07-02T20:33:49","guid":{"rendered":"https:\/\/avtech-hn.com\/blog\/?post_type=product&#038;p=23031"},"modified":"2021-05-16T12:12:54","modified_gmt":"2021-05-16T18:12:54","slug":"resina-rosin-violin-oscura","status":"publish","type":"product","link":"https:\/\/avtech-hn.com\/blog\/product\/resina-rosin-violin-oscura\/","title":{"rendered":"Resina &#8211; ROSIN &#8211; Viol\u00edn &#8211; OSCURA"},"content":{"rendered":"\t\t<div data-elementor-type=\"wp-post\" data-elementor-id=\"23031\" class=\"elementor elementor-23031\">\n\t\t\t\t\t\t<div class=\"elementor-inner\">\n\t\t\t\t<div class=\"elementor-section-wrap\">\n\t\t\t\t\t\t\t\t\t<section class=\"elementor-section elementor-top-section elementor-element elementor-element-33bd79a4 elementor-section-boxed elementor-section-height-default elementor-section-height-default\" data-id=\"33bd79a4\" data-element_type=\"section\">\n\t\t\t\t\t\t<div class=\"elementor-container elementor-column-gap-default\">\n\t\t\t\t\t\t\t<div class=\"elementor-row\">\n\t\t\t\t\t<div class=\"elementor-column elementor-col-100 elementor-top-column elementor-element elementor-element-38fdea0\" data-id=\"38fdea0\" data-element_type=\"column\">\n\t\t\t<div class=\"elementor-column-wrap elementor-element-populated\">\n\t\t\t\t\t\t\t<div class=\"elementor-widget-wrap\">\n\t\t\t\t\t\t<div class=\"elementor-element elementor-element-57a8daa2 elementor-widget elementor-widget-text-editor\" data-id=\"57a8daa2\" data-element_type=\"widget\" data-widget_type=\"text-editor.default\">\n\t\t\t\t<div class=\"elementor-widget-container\">\n\t\t\t\t\t\t\t\t<div class=\"elementor-text-editor elementor-clearfix\">\n\t\t\t\t<p>En D&#8217;Addario nos arriesgamos en expriementar con materiales, m\u00e1quinas y procesos de fabricaci\u00f3n patentados, nunca dejamos de probar y so\u00f1ar con mejores formas de superar las expectativas de los m\u00fasicos.<\/p><p>Ya sea experimentando con nuevos materiales o incursionando en nuevas l\u00edneas de productos, continuamente imaginamos nuevas formas de inspirar a los m\u00fasicos en todas \u00e1reas.<\/p>\t\t\t\t\t<\/div>\n\t\t\t\t\t\t<\/div>\n\t\t\t\t<\/div>\n\t\t\t\t\t\t<\/div>\n\t\t\t\t\t<\/div>\n\t\t<\/div>\n\t\t\t\t\t\t\t\t<\/div>\n\t\t\t\t\t<\/div>\n\t\t<\/section>\n\t\t\t\t\t\t\t\t\t<\/div>\n\t\t\t<\/div>\n\t\t\t\t\t<\/div>\n\t\t","protected":false},"excerpt":{"rendered":"<p>Resina para viol\u00edn\/viola<br \/>\nBase oscura<\/p>\n","protected":false},"featured_media":23034,"comment_status":"open","ping_status":"closed","template":"","meta":[],"product_cat":[401],"product_tag":[171,341,225,226],"_links":{"self":[{"href":"https:\/\/avtech-hn.com\/blog\/wp-json\/wp\/v2\/product\/23031"}],"collection":[{"href":"https:\/\/avtech-hn.com\/blog\/wp-json\/wp\/v2\/product"}],"about":[{"href":"https:\/\/avtech-hn.com\/blog\/wp-json\/wp\/v2\/types\/product"}],"replies":[{"embeddable":true,"href":"https:\/\/avtech-hn.com\/blog\/wp-json\/wp\/v2\/comments?post=23031"}],"version-history":[{"count":2,"href":"https:\/\/avtech-hn.com\/blog\/wp-json\/wp\/v2\/product\/23031\/revisions"}],"predecessor-version":[{"id":26426,"href":"https:\/\/avtech-hn.com\/blog\/wp-json\/wp\/v2\/product\/23031\/revisions\/26426"}],"wp:featuredmedia":[{"embeddable":true,"href":"https:\/\/avtech-hn.com\/blog\/wp-json\/wp\/v2\/media\/23034"}],"wp:attachment":[{"href":"https:\/\/avtech-hn.com\/blog\/wp-json\/wp\/v2\/media?parent=23031"}],"wp:term":[{"taxonomy":"product_cat","embeddable":true,"href":"https:\/\/avtech-hn.com\/blog\/wp-json\/wp\/v2\/product_cat?post=23031"},{"taxonomy":"product_tag","embeddable":true,"href":"https:\/\/avtech-hn.com\/blog\/wp-json\/wp\/v2\/product_tag?post=23031"}],"curies":[{"name":"wp","href":"https:\/\/api.w.org\/{rel}","templated":true}]}}