{"id":23743,"date":"2020-07-13T13:34:02","date_gmt":"2020-07-13T19:34:02","guid":{"rendered":"https:\/\/avtech-hn.com\/blog\/?post_type=product&#038;p=23743"},"modified":"2022-05-05T10:18:48","modified_gmt":"2022-05-05T16:18:48","slug":"kit-de-microfonos-para-bateria-vokal","status":"publish","type":"product","link":"https:\/\/avtech-hn.com\/blog\/product\/kit-de-microfonos-para-bateria-vokal\/","title":{"rendered":"Kit de micr\u00f3fonos para Bater\u00eda &#8211; VOKAL"},"content":{"rendered":"\t\t<div data-elementor-type=\"wp-post\" data-elementor-id=\"23743\" class=\"elementor elementor-23743\">\n\t\t\t\t\t\t<div class=\"elementor-inner\">\n\t\t\t\t<div class=\"elementor-section-wrap\">\n\t\t\t\t\t\t\t\t\t<section class=\"elementor-section elementor-top-section elementor-element elementor-element-33bd79a4 elementor-section-boxed elementor-section-height-default elementor-section-height-default\" data-id=\"33bd79a4\" data-element_type=\"section\">\n\t\t\t\t\t\t<div class=\"elementor-container elementor-column-gap-default\">\n\t\t\t\t\t\t\t<div class=\"elementor-row\">\n\t\t\t\t\t<div class=\"elementor-column elementor-col-100 elementor-top-column elementor-element elementor-element-38fdea0\" data-id=\"38fdea0\" data-element_type=\"column\">\n\t\t\t<div class=\"elementor-column-wrap elementor-element-populated\">\n\t\t\t\t\t\t\t<div class=\"elementor-widget-wrap\">\n\t\t\t\t\t\t<div class=\"elementor-element elementor-element-57a8daa2 elementor-widget elementor-widget-text-editor\" data-id=\"57a8daa2\" data-element_type=\"widget\" data-widget_type=\"text-editor.default\">\n\t\t\t\t<div class=\"elementor-widget-container\">\n\t\t\t\t\t\t\t\t<div class=\"elementor-text-editor elementor-clearfix\">\n\t\t\t\t<p>VOKAL comenz\u00f3 en 2006 como una marca de productos de audio centrada en el desarrollo y comercializaci\u00f3n de productos que utilizan algunas de las tecnolog\u00edas m\u00e1s avanzadas disponibles y se fabrican utilizando m\u00e9todos de alto est\u00e1ndar.<\/p><p>Los productos VOKAL se pueden usar en muchos tipos diferentes de aplicaciones, como por ejemplo, sonido en vivo, lugares de culto, teatros, presentaciones, estudios de ensayo, estudios de grabaci\u00f3n, entre otros.<\/p>\t\t\t\t\t<\/div>\n\t\t\t\t\t\t<\/div>\n\t\t\t\t<\/div>\n\t\t\t\t\t\t<\/div>\n\t\t\t\t\t<\/div>\n\t\t<\/div>\n\t\t\t\t\t\t\t\t<\/div>\n\t\t\t\t\t<\/div>\n\t\t<\/section>\n\t\t\t\t\t\t\t\t\t<\/div>\n\t\t\t<\/div>\n\t\t\t\t\t<\/div>\n\t\t","protected":false},"excerpt":{"rendered":"<p>1 Micr\u00f3fono de bombo<br \/>\n4 Micr\u00f3fonos Snare \/ Tom<br \/>\n2 Micr\u00f3fonos superiores de condensador<br \/>\n4 Abrazaderas de micr\u00f3fono con cuello de cisne<br \/>\n5 Soportes de micr\u00f3fono con dise\u00f1o exclusivo de suspensi\u00f3n para reducci\u00f3n de ruido<br \/>\n1 Estuche resistente con espuma protectora<\/p>\n<p>&nbsp;<\/p>\n","protected":false},"featured_media":23744,"comment_status":"open","ping_status":"closed","template":"","meta":[],"product_cat":[388,265],"product_tag":[660,659,658,260],"_links":{"self":[{"href":"https:\/\/avtech-hn.com\/blog\/wp-json\/wp\/v2\/product\/23743"}],"collection":[{"href":"https:\/\/avtech-hn.com\/blog\/wp-json\/wp\/v2\/product"}],"about":[{"href":"https:\/\/avtech-hn.com\/blog\/wp-json\/wp\/v2\/types\/product"}],"replies":[{"embeddable":true,"href":"https:\/\/avtech-hn.com\/blog\/wp-json\/wp\/v2\/comments?post=23743"}],"version-history":[{"count":6,"href":"https:\/\/avtech-hn.com\/blog\/wp-json\/wp\/v2\/product\/23743\/revisions"}],"predecessor-version":[{"id":27643,"href":"https:\/\/avtech-hn.com\/blog\/wp-json\/wp\/v2\/product\/23743\/revisions\/27643"}],"wp:featuredmedia":[{"embeddable":true,"href":"https:\/\/avtech-hn.com\/blog\/wp-json\/wp\/v2\/media\/23744"}],"wp:attachment":[{"href":"https:\/\/avtech-hn.com\/blog\/wp-json\/wp\/v2\/media?parent=23743"}],"wp:term":[{"taxonomy":"product_cat","embeddable":true,"href":"https:\/\/avtech-hn.com\/blog\/wp-json\/wp\/v2\/product_cat?post=23743"},{"taxonomy":"product_tag","embeddable":true,"href":"https:\/\/avtech-hn.com\/blog\/wp-json\/wp\/v2\/product_tag?post=23743"}],"curies":[{"name":"wp","href":"https:\/\/api.w.org\/{rel}","templated":true}]}}