{"id":24103,"date":"2020-07-18T14:50:00","date_gmt":"2020-07-18T20:50:00","guid":{"rendered":"https:\/\/avtech-hn.com\/blog\/?post_type=product&#038;p=24103"},"modified":"2020-07-18T16:08:50","modified_gmt":"2020-07-18T22:08:50","slug":"guantes-para-baterista-talla-xl-meinl","status":"publish","type":"product","link":"https:\/\/avtech-hn.com\/blog\/product\/guantes-para-baterista-talla-xl-meinl\/","title":{"rendered":"Guantes para baterista &#8211; Talla XL &#8211; Meinl"},"content":{"rendered":"\t\t<div data-elementor-type=\"wp-post\" data-elementor-id=\"24103\" class=\"elementor elementor-24103\">\n\t\t\t\t\t\t<div class=\"elementor-inner\">\n\t\t\t\t<div class=\"elementor-section-wrap\">\n\t\t\t\t\t\t\t\t\t<section class=\"elementor-section elementor-top-section elementor-element elementor-element-33bd79a4 elementor-section-boxed elementor-section-height-default elementor-section-height-default\" data-id=\"33bd79a4\" data-element_type=\"section\">\n\t\t\t\t\t\t<div class=\"elementor-container elementor-column-gap-default\">\n\t\t\t\t\t\t\t<div class=\"elementor-row\">\n\t\t\t\t\t<div class=\"elementor-column elementor-col-100 elementor-top-column elementor-element elementor-element-38fdea0\" data-id=\"38fdea0\" data-element_type=\"column\">\n\t\t\t<div class=\"elementor-column-wrap elementor-element-populated\">\n\t\t\t\t\t\t\t<div class=\"elementor-widget-wrap\">\n\t\t\t\t\t\t<div class=\"elementor-element elementor-element-57a8daa2 elementor-widget elementor-widget-text-editor\" data-id=\"57a8daa2\" data-element_type=\"widget\" data-widget_type=\"text-editor.default\">\n\t\t\t\t<div class=\"elementor-widget-container\">\n\t\t\t\t\t\t\t\t<div class=\"elementor-text-editor elementor-clearfix\">\n\t\t\t\t<p>El mundo de la percusi\u00f3n es enorme y diverso.&nbsp;<br>La percusi\u00f3n no se puede dividir en un g\u00e9nero o un tipo de persona: es m\u00e1s.<\/p>\n<p>Es por eso que MEINL Percussion se ha dedicado a ofrecer una amplia gama de productos que satisfacen casi todas las necesidades, manteniendo los m\u00e1s altos est\u00e1ndares de calidad y sostenibilidad.<\/p>\n<p>Pero una amplia variedad de instrumentos es solo un aspecto, MEINL Percussion pudo celebrar el gran \u00e9xito a trav\u00e9s de muchas personas entusiastas, desarrolladores de productos, especialistas en marketing, expertos en ventas, patrocinadores, etc.&nbsp;<br>Estamos agradecidos con cada uno de ellos.<\/p>\t\t\t\t\t<\/div>\n\t\t\t\t\t\t<\/div>\n\t\t\t\t<\/div>\n\t\t\t\t\t\t<\/div>\n\t\t\t\t\t<\/div>\n\t\t<\/div>\n\t\t\t\t\t\t\t\t<\/div>\n\t\t\t\t\t<\/div>\n\t\t<\/section>\n\t\t\t\t\t\t\t\t\t<\/div>\n\t\t\t<\/div>\n\t\t\t\t\t<\/div>\n\t\t","protected":false},"excerpt":{"rendered":"<p>Protegen tus manos de ampollas y rozaduras, adem\u00e1s de proporcionarte un mejor agarre.<br \/>\nFabricados de cuero sint\u00e9tico para una mayor sensibilidad, pero muy duraderos debido a sus refuerzos en puntos espec\u00edficos.<br \/>\nModelo recortado, deja libres los dedos<\/p>\n","protected":false},"featured_media":24105,"comment_status":"open","ping_status":"closed","template":"","meta":[],"product_cat":[387,142],"product_tag":[342,683,682],"_links":{"self":[{"href":"https:\/\/avtech-hn.com\/blog\/wp-json\/wp\/v2\/product\/24103"}],"collection":[{"href":"https:\/\/avtech-hn.com\/blog\/wp-json\/wp\/v2\/product"}],"about":[{"href":"https:\/\/avtech-hn.com\/blog\/wp-json\/wp\/v2\/types\/product"}],"replies":[{"embeddable":true,"href":"https:\/\/avtech-hn.com\/blog\/wp-json\/wp\/v2\/comments?post=24103"}],"version-history":[{"count":2,"href":"https:\/\/avtech-hn.com\/blog\/wp-json\/wp\/v2\/product\/24103\/revisions"}],"predecessor-version":[{"id":24124,"href":"https:\/\/avtech-hn.com\/blog\/wp-json\/wp\/v2\/product\/24103\/revisions\/24124"}],"wp:featuredmedia":[{"embeddable":true,"href":"https:\/\/avtech-hn.com\/blog\/wp-json\/wp\/v2\/media\/24105"}],"wp:attachment":[{"href":"https:\/\/avtech-hn.com\/blog\/wp-json\/wp\/v2\/media?parent=24103"}],"wp:term":[{"taxonomy":"product_cat","embeddable":true,"href":"https:\/\/avtech-hn.com\/blog\/wp-json\/wp\/v2\/product_cat?post=24103"},{"taxonomy":"product_tag","embeddable":true,"href":"https:\/\/avtech-hn.com\/blog\/wp-json\/wp\/v2\/product_tag?post=24103"}],"curies":[{"name":"wp","href":"https:\/\/api.w.org\/{rel}","templated":true}]}}