{"id":24747,"date":"2020-07-31T11:40:08","date_gmt":"2020-07-31T17:40:08","guid":{"rendered":"https:\/\/avtech-hn.com\/blog\/?post_type=product&#038;p=24747"},"modified":"2022-01-12T18:37:34","modified_gmt":"2022-01-13T00:37:34","slug":"cable-usb-planet-waves-5-pies","status":"publish","type":"product","link":"https:\/\/avtech-hn.com\/blog\/product\/cable-usb-planet-waves-5-pies\/","title":{"rendered":"Cable USB &#8211; Planet Waves &#8211; 5 pies"},"content":{"rendered":"\t\t<div data-elementor-type=\"wp-post\" data-elementor-id=\"24747\" class=\"elementor elementor-24747\">\n\t\t\t\t\t\t<div class=\"elementor-inner\">\n\t\t\t\t<div class=\"elementor-section-wrap\">\n\t\t\t\t\t\t\t\t\t<section class=\"elementor-section elementor-top-section elementor-element elementor-element-33bd79a4 elementor-section-boxed elementor-section-height-default elementor-section-height-default\" data-id=\"33bd79a4\" data-element_type=\"section\">\n\t\t\t\t\t\t<div class=\"elementor-container elementor-column-gap-default\">\n\t\t\t\t\t\t\t<div class=\"elementor-row\">\n\t\t\t\t\t<div class=\"elementor-column elementor-col-100 elementor-top-column elementor-element elementor-element-38fdea0\" data-id=\"38fdea0\" data-element_type=\"column\">\n\t\t\t<div class=\"elementor-column-wrap elementor-element-populated\">\n\t\t\t\t\t\t\t<div class=\"elementor-widget-wrap\">\n\t\t\t\t\t\t<div class=\"elementor-element elementor-element-57a8daa2 elementor-widget elementor-widget-text-editor\" data-id=\"57a8daa2\" data-element_type=\"widget\" data-widget_type=\"text-editor.default\">\n\t\t\t\t<div class=\"elementor-widget-container\">\n\t\t\t\t\t\t\t\t<div class=\"elementor-text-editor elementor-clearfix\">\n\t\t\t\t<p>Los cables de la serie personalizada de Planet Waves utilizan conductores de cobre libres de ox\u00edgeno ultrapuros para baja capacitancia y tono puro.<br \/>Los puntos de soldadura encapsulados e impenetrables con alivio de tensi\u00f3n de doble molde proporcionan una durabilidad m\u00e1xima y una confiabilidad sin preocupaciones.<br \/>\u00a0Los cables de ondas de planetas son el mejor cable para m\u00fasicos. Utilizando la exclusiva tecnolog\u00eda In = Out para la reproducci\u00f3n de se\u00f1al pura, los cables Planet Waves est\u00e1n fabricados para resistir conciertos y cuentan con una garant\u00eda limitada de por vida.<\/p>\t\t\t\t\t<\/div>\n\t\t\t\t\t\t<\/div>\n\t\t\t\t<\/div>\n\t\t\t\t\t\t<\/div>\n\t\t\t\t\t<\/div>\n\t\t<\/div>\n\t\t\t\t\t\t\t\t<\/div>\n\t\t\t\t\t<\/div>\n\t\t<\/section>\n\t\t\t\t\t\t\t\t\t<\/div>\n\t\t\t<\/div>\n\t\t\t\t\t<\/div>\n\t\t","protected":false},"excerpt":{"rendered":"<p dir=\"ltr\" data-placeholder=\"Traducci\u00f3n\">Cable para Instrumento USB<\/p>\n<p>Util para instrumentos con puerto USB o teclados USB.<\/p>\n<p dir=\"ltr\" data-placeholder=\"Traducci\u00f3n\">5 pies (1.52 m)<\/p>\n","protected":false},"featured_media":24752,"comment_status":"open","ping_status":"closed","template":"","meta":[],"product_cat":[210,407],"product_tag":[177,353,349,175],"_links":{"self":[{"href":"https:\/\/avtech-hn.com\/blog\/wp-json\/wp\/v2\/product\/24747"}],"collection":[{"href":"https:\/\/avtech-hn.com\/blog\/wp-json\/wp\/v2\/product"}],"about":[{"href":"https:\/\/avtech-hn.com\/blog\/wp-json\/wp\/v2\/types\/product"}],"replies":[{"embeddable":true,"href":"https:\/\/avtech-hn.com\/blog\/wp-json\/wp\/v2\/comments?post=24747"}],"version-history":[{"count":6,"href":"https:\/\/avtech-hn.com\/blog\/wp-json\/wp\/v2\/product\/24747\/revisions"}],"predecessor-version":[{"id":26918,"href":"https:\/\/avtech-hn.com\/blog\/wp-json\/wp\/v2\/product\/24747\/revisions\/26918"}],"wp:featuredmedia":[{"embeddable":true,"href":"https:\/\/avtech-hn.com\/blog\/wp-json\/wp\/v2\/media\/24752"}],"wp:attachment":[{"href":"https:\/\/avtech-hn.com\/blog\/wp-json\/wp\/v2\/media?parent=24747"}],"wp:term":[{"taxonomy":"product_cat","embeddable":true,"href":"https:\/\/avtech-hn.com\/blog\/wp-json\/wp\/v2\/product_cat?post=24747"},{"taxonomy":"product_tag","embeddable":true,"href":"https:\/\/avtech-hn.com\/blog\/wp-json\/wp\/v2\/product_tag?post=24747"}],"curies":[{"name":"wp","href":"https:\/\/api.w.org\/{rel}","templated":true}]}}