{"id":25274,"date":"2020-08-18T19:10:51","date_gmt":"2020-08-19T01:10:51","guid":{"rendered":"https:\/\/avtech-hn.com\/blog\/?post_type=product&#038;p=25274"},"modified":"2020-12-23T10:15:33","modified_gmt":"2020-12-23T16:15:33","slug":"apoya-pie-para-guitarrista-jam-stand","status":"publish","type":"product","link":"https:\/\/avtech-hn.com\/blog\/product\/apoya-pie-para-guitarrista-jam-stand\/","title":{"rendered":"Apoya pie para guitarrista &#8211; Jamstand"},"content":{"rendered":"\t\t<div data-elementor-type=\"wp-post\" data-elementor-id=\"25274\" class=\"elementor elementor-25274\">\n\t\t\t\t\t\t<div class=\"elementor-inner\">\n\t\t\t\t<div class=\"elementor-section-wrap\">\n\t\t\t\t\t\t\t\t\t<section class=\"elementor-section elementor-top-section elementor-element elementor-element-33bd79a4 elementor-section-boxed elementor-section-height-default elementor-section-height-default\" data-id=\"33bd79a4\" data-element_type=\"section\">\n\t\t\t\t\t\t<div class=\"elementor-container elementor-column-gap-default\">\n\t\t\t\t\t\t\t<div class=\"elementor-row\">\n\t\t\t\t\t<div class=\"elementor-column elementor-col-100 elementor-top-column elementor-element elementor-element-38fdea0\" data-id=\"38fdea0\" data-element_type=\"column\">\n\t\t\t<div class=\"elementor-column-wrap elementor-element-populated\">\n\t\t\t\t\t\t\t<div class=\"elementor-widget-wrap\">\n\t\t\t\t\t\t<div class=\"elementor-element elementor-element-57a8daa2 elementor-widget elementor-widget-text-editor\" data-id=\"57a8daa2\" data-element_type=\"widget\" data-widget_type=\"text-editor.default\">\n\t\t\t\t<div class=\"elementor-widget-container\">\n\t\t\t\t\t\t\t\t<div class=\"elementor-text-editor elementor-clearfix\">\n\t\t\t\t<p>Durante m\u00e1s de 40 a\u00f1os, Ultimate Support Systems ha brindado a los m\u00fasicos soluciones de soporte \u00fanicas que est\u00e1n dise\u00f1adas con una innovaci\u00f3n y calidad incomparables, acompa\u00f1adas de un servicio al cliente superior.<br \/><br \/>Siempre hemos estado decididos a inventar, dise\u00f1ar y fabricar las soluciones de soporte y accesorios de m\u00fasica m\u00e1s inteligentes de la industria de la m\u00fasica. A medida que nos aventuramos en muebles de estudio y soluciones de tratamiento ac\u00fastico, este compromiso con la innovaci\u00f3n ha seguido siendo un valor fundamental en todos nuestros esfuerzos.<\/p>\t\t\t\t\t<\/div>\n\t\t\t\t\t\t<\/div>\n\t\t\t\t<\/div>\n\t\t\t\t\t\t<\/div>\n\t\t\t\t\t<\/div>\n\t\t<\/div>\n\t\t\t\t\t\t\t\t<\/div>\n\t\t\t\t\t<\/div>\n\t\t<\/section>\n\t\t\t\t\t\t\t\t\t<\/div>\n\t\t\t<\/div>\n\t\t\t\t\t<\/div>\n\t\t","protected":false},"excerpt":{"rendered":"<p>Altura ajustable con 3 posiciones de altura fija<br \/>\nAlmohadilla de goma antideslizante y tapas de extremo<br \/>\nIdeal para guitarristas cl\u00e1sicos<\/p>\n","protected":false},"featured_media":25276,"comment_status":"open","ping_status":"closed","template":"","meta":[],"product_cat":[393],"product_tag":[736,737,739,738],"_links":{"self":[{"href":"https:\/\/avtech-hn.com\/blog\/wp-json\/wp\/v2\/product\/25274"}],"collection":[{"href":"https:\/\/avtech-hn.com\/blog\/wp-json\/wp\/v2\/product"}],"about":[{"href":"https:\/\/avtech-hn.com\/blog\/wp-json\/wp\/v2\/types\/product"}],"replies":[{"embeddable":true,"href":"https:\/\/avtech-hn.com\/blog\/wp-json\/wp\/v2\/comments?post=25274"}],"version-history":[{"count":4,"href":"https:\/\/avtech-hn.com\/blog\/wp-json\/wp\/v2\/product\/25274\/revisions"}],"predecessor-version":[{"id":27180,"href":"https:\/\/avtech-hn.com\/blog\/wp-json\/wp\/v2\/product\/25274\/revisions\/27180"}],"wp:featuredmedia":[{"embeddable":true,"href":"https:\/\/avtech-hn.com\/blog\/wp-json\/wp\/v2\/media\/25276"}],"wp:attachment":[{"href":"https:\/\/avtech-hn.com\/blog\/wp-json\/wp\/v2\/media?parent=25274"}],"wp:term":[{"taxonomy":"product_cat","embeddable":true,"href":"https:\/\/avtech-hn.com\/blog\/wp-json\/wp\/v2\/product_cat?post=25274"},{"taxonomy":"product_tag","embeddable":true,"href":"https:\/\/avtech-hn.com\/blog\/wp-json\/wp\/v2\/product_tag?post=25274"}],"curies":[{"name":"wp","href":"https:\/\/api.w.org\/{rel}","templated":true}]}}