{"id":25387,"date":"2020-08-21T18:01:53","date_gmt":"2020-08-22T00:01:53","guid":{"rendered":"https:\/\/avtech-hn.com\/blog\/?post_type=product&#038;p=25387"},"modified":"2022-01-18T14:51:31","modified_gmt":"2022-01-18T20:51:31","slug":"pandereta-10-super-dry-studio-meinl-2-filas-sonajas-plateadas","status":"publish","type":"product","link":"https:\/\/avtech-hn.com\/blog\/product\/pandereta-10-super-dry-studio-meinl-2-filas-sonajas-plateadas\/","title":{"rendered":"Pandereta 10&#8243; &#8211; Super Dry Studio &#8211; Meinl &#8211; 2 Filas Sonajas Plateadas"},"content":{"rendered":"\t\t<div data-elementor-type=\"wp-post\" data-elementor-id=\"25387\" class=\"elementor elementor-25387\">\n\t\t\t\t\t\t<div class=\"elementor-inner\">\n\t\t\t\t<div class=\"elementor-section-wrap\">\n\t\t\t\t\t\t\t\t\t<section class=\"elementor-section elementor-top-section elementor-element elementor-element-33bd79a4 elementor-section-boxed elementor-section-height-default elementor-section-height-default\" data-id=\"33bd79a4\" data-element_type=\"section\">\n\t\t\t\t\t\t<div class=\"elementor-container elementor-column-gap-default\">\n\t\t\t\t\t\t\t<div class=\"elementor-row\">\n\t\t\t\t\t<div class=\"elementor-column elementor-col-100 elementor-top-column elementor-element elementor-element-38fdea0\" data-id=\"38fdea0\" data-element_type=\"column\">\n\t\t\t<div class=\"elementor-column-wrap elementor-element-populated\">\n\t\t\t\t\t\t\t<div class=\"elementor-widget-wrap\">\n\t\t\t\t\t\t<div class=\"elementor-element elementor-element-57a8daa2 elementor-widget elementor-widget-text-editor\" data-id=\"57a8daa2\" data-element_type=\"widget\" data-widget_type=\"text-editor.default\">\n\t\t\t\t<div class=\"elementor-widget-container\">\n\t\t\t\t\t\t\t\t<div class=\"elementor-text-editor elementor-clearfix\">\n\t\t\t\t<p id=\"tw-target-text\" class=\"tw-data-text tw-text-large tw-ta\" dir=\"ltr\" data-placeholder=\"Traducci\u00f3n\"><span lang=\"es\">El mundo de la percusi\u00f3n es enorme y diverso. <br \/>La percusi\u00f3n no se puede dividir en un g\u00e9nero o un tipo de persona: es m\u00e1s. <br \/><br \/>Es por eso que MEINL Percussion se ha dedicado a ofrecer una amplia gama de productos que satisfacen casi todas las necesidades, manteniendo los m\u00e1s altos est\u00e1ndares de calidad y sostenibilidad. <br \/><br \/>Pero una amplia variedad de instrumentos es solo un aspecto, MEINL Percussion pudo celebrar el gran \u00e9xito a trav\u00e9s de muchas personas entusiastas, desarrolladores de productos, especialistas en marketing, expertos en ventas, patrocinadores, etc. <br \/>Estamos agradecidos con cada uno de ellos.<\/span><\/p>\t\t\t\t\t<\/div>\n\t\t\t\t\t\t<\/div>\n\t\t\t\t<\/div>\n\t\t\t\t\t\t<\/div>\n\t\t\t\t\t<\/div>\n\t\t<\/div>\n\t\t\t\t\t\t\t\t<\/div>\n\t\t\t\t\t<\/div>\n\t\t<\/section>\n\t\t\t\t\t\t\t\t\t<\/div>\n\t\t\t<\/div>\n\t\t\t\t\t<\/div>\n\t\t","protected":false},"excerpt":{"rendered":"<p>2 filas martillado a mano sonajas de acero inoxidable<br \/>\nMarco de madera de 10&#8243;<br \/>\nAgarre ergon\u00f3mico<br \/>\nSonidos extra seco<br \/>\nAcabado en negro<\/p>\n","protected":false},"featured_media":25346,"comment_status":"open","ping_status":"closed","template":"","meta":[],"product_cat":[637],"product_tag":[139,463,464],"_links":{"self":[{"href":"https:\/\/avtech-hn.com\/blog\/wp-json\/wp\/v2\/product\/25387"}],"collection":[{"href":"https:\/\/avtech-hn.com\/blog\/wp-json\/wp\/v2\/product"}],"about":[{"href":"https:\/\/avtech-hn.com\/blog\/wp-json\/wp\/v2\/types\/product"}],"replies":[{"embeddable":true,"href":"https:\/\/avtech-hn.com\/blog\/wp-json\/wp\/v2\/comments?post=25387"}],"version-history":[{"count":1,"href":"https:\/\/avtech-hn.com\/blog\/wp-json\/wp\/v2\/product\/25387\/revisions"}],"predecessor-version":[{"id":25388,"href":"https:\/\/avtech-hn.com\/blog\/wp-json\/wp\/v2\/product\/25387\/revisions\/25388"}],"wp:featuredmedia":[{"embeddable":true,"href":"https:\/\/avtech-hn.com\/blog\/wp-json\/wp\/v2\/media\/25346"}],"wp:attachment":[{"href":"https:\/\/avtech-hn.com\/blog\/wp-json\/wp\/v2\/media?parent=25387"}],"wp:term":[{"taxonomy":"product_cat","embeddable":true,"href":"https:\/\/avtech-hn.com\/blog\/wp-json\/wp\/v2\/product_cat?post=25387"},{"taxonomy":"product_tag","embeddable":true,"href":"https:\/\/avtech-hn.com\/blog\/wp-json\/wp\/v2\/product_tag?post=25387"}],"curies":[{"name":"wp","href":"https:\/\/api.w.org\/{rel}","templated":true}]}}