{"id":25648,"date":"2020-08-27T17:46:13","date_gmt":"2020-08-27T23:46:13","guid":{"rendered":"https:\/\/avtech-hn.com\/blog\/?post_type=product&#038;p=25648"},"modified":"2020-09-02T10:16:05","modified_gmt":"2020-09-02T16:16:05","slug":"placa-de-4-conectores-xlr-macho-whirlwind","status":"publish","type":"product","link":"https:\/\/avtech-hn.com\/blog\/product\/placa-de-4-conectores-xlr-macho-whirlwind\/","title":{"rendered":"Placa de 4 conectores XLR macho -Whirlwind"},"content":{"rendered":"\t\t<div data-elementor-type=\"wp-post\" data-elementor-id=\"25648\" class=\"elementor elementor-25648\">\n\t\t\t\t\t\t<div class=\"elementor-inner\">\n\t\t\t\t<div class=\"elementor-section-wrap\">\n\t\t\t\t\t\t\t\t\t<section class=\"elementor-section elementor-top-section elementor-element elementor-element-33bd79a4 elementor-section-boxed elementor-section-height-default elementor-section-height-default\" data-id=\"33bd79a4\" data-element_type=\"section\">\n\t\t\t\t\t\t<div class=\"elementor-container elementor-column-gap-default\">\n\t\t\t\t\t\t\t<div class=\"elementor-row\">\n\t\t\t\t\t<div class=\"elementor-column elementor-col-100 elementor-top-column elementor-element elementor-element-38fdea0\" data-id=\"38fdea0\" data-element_type=\"column\">\n\t\t\t<div class=\"elementor-column-wrap elementor-element-populated\">\n\t\t\t\t\t\t\t<div class=\"elementor-widget-wrap\">\n\t\t\t\t\t\t<div class=\"elementor-element elementor-element-57a8daa2 elementor-widget elementor-widget-text-editor\" data-id=\"57a8daa2\" data-element_type=\"widget\" data-widget_type=\"text-editor.default\">\n\t\t\t\t<div class=\"elementor-widget-container\">\n\t\t\t\t\t\t\t\t<div class=\"elementor-text-editor elementor-clearfix\">\n\t\t\t\t<p>Whirlwind USA es un fabricante de equipos el\u00e9ctricos utilizados por m\u00fasicos.\u00a0<\/p>\t\t\t\t\t<\/div>\n\t\t\t\t\t\t<\/div>\n\t\t\t\t<\/div>\n\t\t\t\t\t\t<\/div>\n\t\t\t\t\t<\/div>\n\t\t<\/div>\n\t\t\t\t\t\t\t\t<\/div>\n\t\t\t\t\t<\/div>\n\t\t<\/section>\n\t\t\t\t\t\t\t\t\t<\/div>\n\t\t\t<\/div>\n\t\t\t\t\t<\/div>\n\t\t","protected":false},"excerpt":{"rendered":"<p>es una placa montada en la pared que se adapta a cualquier caja de conexiones el\u00e9ctricas est\u00e1ndar de doble salida. Esta placa de pared viene cargada con cuatro conectores XLR macho Whirlwind WC3M y ser\u00e1 ideal para cualquier persona que necesite transmitir y recibir hasta 4 se\u00f1ales XLR a la vez.<\/p>\n","protected":false},"featured_media":25651,"comment_status":"open","ping_status":"closed","template":"","meta":[],"product_cat":[626],"product_tag":[],"_links":{"self":[{"href":"https:\/\/avtech-hn.com\/blog\/wp-json\/wp\/v2\/product\/25648"}],"collection":[{"href":"https:\/\/avtech-hn.com\/blog\/wp-json\/wp\/v2\/product"}],"about":[{"href":"https:\/\/avtech-hn.com\/blog\/wp-json\/wp\/v2\/types\/product"}],"replies":[{"embeddable":true,"href":"https:\/\/avtech-hn.com\/blog\/wp-json\/wp\/v2\/comments?post=25648"}],"version-history":[{"count":10,"href":"https:\/\/avtech-hn.com\/blog\/wp-json\/wp\/v2\/product\/25648\/revisions"}],"predecessor-version":[{"id":25892,"href":"https:\/\/avtech-hn.com\/blog\/wp-json\/wp\/v2\/product\/25648\/revisions\/25892"}],"wp:featuredmedia":[{"embeddable":true,"href":"https:\/\/avtech-hn.com\/blog\/wp-json\/wp\/v2\/media\/25651"}],"wp:attachment":[{"href":"https:\/\/avtech-hn.com\/blog\/wp-json\/wp\/v2\/media?parent=25648"}],"wp:term":[{"taxonomy":"product_cat","embeddable":true,"href":"https:\/\/avtech-hn.com\/blog\/wp-json\/wp\/v2\/product_cat?post=25648"},{"taxonomy":"product_tag","embeddable":true,"href":"https:\/\/avtech-hn.com\/blog\/wp-json\/wp\/v2\/product_tag?post=25648"}],"curies":[{"name":"wp","href":"https:\/\/api.w.org\/{rel}","templated":true}]}}