{"id":25722,"date":"2020-08-31T10:38:55","date_gmt":"2020-08-31T16:38:55","guid":{"rendered":"https:\/\/avtech-hn.com\/blog\/?post_type=product&#038;p=25722"},"modified":"2022-01-23T16:31:57","modified_gmt":"2022-01-23T22:31:57","slug":"cabasa-turbo-small-meinl","status":"publish","type":"product","link":"https:\/\/avtech-hn.com\/blog\/product\/cabasa-turbo-small-meinl\/","title":{"rendered":"Cabasa turbo small &#8211; Meinl"},"content":{"rendered":"\t\t<div data-elementor-type=\"wp-post\" data-elementor-id=\"25722\" class=\"elementor elementor-25722\">\n\t\t\t\t\t\t<div class=\"elementor-inner\">\n\t\t\t\t<div class=\"elementor-section-wrap\">\n\t\t\t\t\t\t\t\t\t<section class=\"elementor-section elementor-top-section elementor-element elementor-element-33bd79a4 elementor-section-boxed elementor-section-height-default elementor-section-height-default\" data-id=\"33bd79a4\" data-element_type=\"section\">\n\t\t\t\t\t\t<div class=\"elementor-container elementor-column-gap-default\">\n\t\t\t\t\t\t\t<div class=\"elementor-row\">\n\t\t\t\t\t<div class=\"elementor-column elementor-col-100 elementor-top-column elementor-element elementor-element-38fdea0\" data-id=\"38fdea0\" data-element_type=\"column\">\n\t\t\t<div class=\"elementor-column-wrap elementor-element-populated\">\n\t\t\t\t\t\t\t<div class=\"elementor-widget-wrap\">\n\t\t\t\t\t\t<div class=\"elementor-element elementor-element-57a8daa2 elementor-widget elementor-widget-text-editor\" data-id=\"57a8daa2\" data-element_type=\"widget\" data-widget_type=\"text-editor.default\">\n\t\t\t\t<div class=\"elementor-widget-container\">\n\t\t\t\t\t\t\t\t<div class=\"elementor-text-editor elementor-clearfix\">\n\t\t\t\t<p>El mundo de la percusi\u00f3n es enorme y diverso.&nbsp;<br>La percusi\u00f3n no se puede dividir en un g\u00e9nero o un tipo de persona: es m\u00e1s.<\/p>\n<p>Es por eso que MEINL Percussion se ha dedicado a ofrecer una amplia gama de productos que satisfacen casi todas las necesidades, manteniendo los m\u00e1s altos est\u00e1ndares de calidad y sostenibilidad.<\/p>\n<p>Pero una amplia variedad de instrumentos es solo un aspecto, MEINL Percussion pudo celebrar el gran \u00e9xito a trav\u00e9s de muchas personas entusiastas, desarrolladores de productos, especialistas en marketing, expertos en ventas, patrocinadores, etc.&nbsp;<br>Estamos agradecidos con cada uno de ellos.<\/p>\t\t\t\t\t<\/div>\n\t\t\t\t\t\t<\/div>\n\t\t\t\t<\/div>\n\t\t\t\t\t\t<\/div>\n\t\t\t\t\t<\/div>\n\t\t<\/div>\n\t\t\t\t\t\t\t\t<\/div>\n\t\t\t\t\t<\/div>\n\t\t<\/section>\n\t\t\t\t<section class=\"elementor-section elementor-top-section elementor-element elementor-element-6daf1a3 elementor-section-stretched elementor-section-content-middle elementor-section-height-full elementor-section-boxed elementor-section-height-default elementor-section-items-middle\" data-id=\"6daf1a3\" data-element_type=\"section\" data-settings=\"{&quot;stretch_section&quot;:&quot;section-stretched&quot;,&quot;background_background&quot;:&quot;classic&quot;}\">\n\t\t\t\t\t\t<div class=\"elementor-container elementor-column-gap-default\">\n\t\t\t\t\t\t\t<div class=\"elementor-row\">\n\t\t\t\t\t<div class=\"elementor-column elementor-col-33 elementor-top-column elementor-element elementor-element-8f4e06f elementor-invisible\" data-id=\"8f4e06f\" data-element_type=\"column\" data-settings=\"{&quot;animation&quot;:&quot;slideInLeft&quot;}\">\n\t\t\t<div class=\"elementor-column-wrap elementor-element-populated\">\n\t\t\t\t\t\t\t<div class=\"elementor-widget-wrap\">\n\t\t\t\t\t\t<section class=\"elementor-section elementor-inner-section elementor-element elementor-element-2e7db59 elementor-section-boxed elementor-section-height-default elementor-section-height-default\" data-id=\"2e7db59\" data-element_type=\"section\">\n\t\t\t\t\t\t<div class=\"elementor-container elementor-column-gap-default\">\n\t\t\t\t\t\t\t<div class=\"elementor-row\">\n\t\t\t\t\t<div class=\"elementor-column elementor-col-100 elementor-inner-column elementor-element elementor-element-a5e6060\" data-id=\"a5e6060\" data-element_type=\"column\">\n\t\t\t<div class=\"elementor-column-wrap elementor-element-populated\">\n\t\t\t\t\t\t\t<div class=\"elementor-widget-wrap\">\n\t\t\t\t\t\t<div class=\"elementor-element elementor-element-ae50d64 elementor-widget elementor-widget-heading\" data-id=\"ae50d64\" data-element_type=\"widget\" data-widget_type=\"heading.default\">\n\t\t\t\t<div class=\"elementor-widget-container\">\n\t\t\t<h2 class=\"elementor-heading-title elementor-size-default\">Cotiza este producto<\/h2>\t\t<\/div>\n\t\t\t\t<\/div>\n\t\t\t\t<div class=\"elementor-element elementor-element-0c3e660 elementor-widget elementor-widget-text-editor\" data-id=\"0c3e660\" data-element_type=\"widget\" data-widget_type=\"text-editor.default\">\n\t\t\t\t<div class=\"elementor-widget-container\">\n\t\t\t\t\t\t\t\t<div class=\"elementor-text-editor elementor-clearfix\">\n\t\t\t\t<p>Si est\u00e1s interesado en adquirir este, u otro de nuestros productos, env\u00edanos un correo electr\u00f3nico y te pondremos en contacto con uno de nuestros asesores para poder ofrecerte la atenci\u00f3n personalizada que nos caracteriza.<\/p>\t\t\t\t\t<\/div>\n\t\t\t\t\t\t<\/div>\n\t\t\t\t<\/div>\n\t\t\t\t\t\t<\/div>\n\t\t\t\t\t<\/div>\n\t\t<\/div>\n\t\t\t\t\t\t\t\t<\/div>\n\t\t\t\t\t<\/div>\n\t\t<\/section>\n\t\t\t\t<div class=\"elementor-element elementor-element-a4c9620 elementor-widget elementor-widget-spacer\" data-id=\"a4c9620\" data-element_type=\"widget\" data-widget_type=\"spacer.default\">\n\t\t\t\t<div class=\"elementor-widget-container\">\n\t\t\t\t\t<div class=\"elementor-spacer\">\n\t\t\t<div class=\"elementor-spacer-inner\"><\/div>\n\t\t<\/div>\n\t\t\t\t<\/div>\n\t\t\t\t<\/div>\n\t\t\t\t<div class=\"elementor-element elementor-element-d8f118e elementor-widget elementor-widget-spacer\" data-id=\"d8f118e\" data-element_type=\"widget\" data-widget_type=\"spacer.default\">\n\t\t\t\t<div class=\"elementor-widget-container\">\n\t\t\t\t\t<div class=\"elementor-spacer\">\n\t\t\t<div class=\"elementor-spacer-inner\"><\/div>\n\t\t<\/div>\n\t\t\t\t<\/div>\n\t\t\t\t<\/div>\n\t\t\t\t\t\t<\/div>\n\t\t\t\t\t<\/div>\n\t\t<\/div>\n\t\t\t\t<div class=\"elementor-column elementor-col-33 elementor-top-column elementor-element elementor-element-9c9fddc\" data-id=\"9c9fddc\" data-element_type=\"column\">\n\t\t\t<div class=\"elementor-column-wrap elementor-element-populated\">\n\t\t\t\t\t\t\t<div class=\"elementor-widget-wrap\">\n\t\t\t\t\t\t\t\t<\/div>\n\t\t\t\t\t<\/div>\n\t\t<\/div>\n\t\t\t\t<div class=\"elementor-column elementor-col-33 elementor-top-column elementor-element elementor-element-e23ba70 elementor-invisible\" data-id=\"e23ba70\" data-element_type=\"column\" data-settings=\"{&quot;background_background&quot;:&quot;classic&quot;,&quot;animation&quot;:&quot;slideInRight&quot;}\">\n\t\t\t<div class=\"elementor-column-wrap elementor-element-populated\">\n\t\t\t\t\t\t\t<div class=\"elementor-widget-wrap\">\n\t\t\t\t\t\t<div class=\"elementor-element elementor-element-493348a elementor-widget elementor-widget-shortcode\" data-id=\"493348a\" data-element_type=\"widget\" data-widget_type=\"shortcode.default\">\n\t\t\t\t<div class=\"elementor-widget-container\">\n\t\t\t\t\t<div class=\"elementor-shortcode\"><\/div>\n\t\t\t\t<\/div>\n\t\t\t\t<\/div>\n\t\t\t\t\t\t<\/div>\n\t\t\t\t\t<\/div>\n\t\t<\/div>\n\t\t\t\t\t\t\t\t<\/div>\n\t\t\t\t\t<\/div>\n\t\t<\/section>\n\t\t\t\t\t\t\t\t\t<\/div>\n\t\t\t<\/div>\n\t\t\t\t\t<\/div>\n\t\t","protected":false},"excerpt":{"rendered":"<p>Volumen mayor que las cabasas tradicionales.<br \/>\nPuertos de sonido en la c\u00e1mara proporcionan mayor resonancia.<br \/>\nTama\u00f1o peque\u00f1o.<\/p>\n","protected":false},"featured_media":25720,"comment_status":"open","ping_status":"closed","template":"","meta":[],"product_cat":[637],"product_tag":[342,652,653],"_links":{"self":[{"href":"https:\/\/avtech-hn.com\/blog\/wp-json\/wp\/v2\/product\/25722"}],"collection":[{"href":"https:\/\/avtech-hn.com\/blog\/wp-json\/wp\/v2\/product"}],"about":[{"href":"https:\/\/avtech-hn.com\/blog\/wp-json\/wp\/v2\/types\/product"}],"replies":[{"embeddable":true,"href":"https:\/\/avtech-hn.com\/blog\/wp-json\/wp\/v2\/comments?post=25722"}],"version-history":[{"count":1,"href":"https:\/\/avtech-hn.com\/blog\/wp-json\/wp\/v2\/product\/25722\/revisions"}],"predecessor-version":[{"id":25723,"href":"https:\/\/avtech-hn.com\/blog\/wp-json\/wp\/v2\/product\/25722\/revisions\/25723"}],"wp:featuredmedia":[{"embeddable":true,"href":"https:\/\/avtech-hn.com\/blog\/wp-json\/wp\/v2\/media\/25720"}],"wp:attachment":[{"href":"https:\/\/avtech-hn.com\/blog\/wp-json\/wp\/v2\/media?parent=25722"}],"wp:term":[{"taxonomy":"product_cat","embeddable":true,"href":"https:\/\/avtech-hn.com\/blog\/wp-json\/wp\/v2\/product_cat?post=25722"},{"taxonomy":"product_tag","embeddable":true,"href":"https:\/\/avtech-hn.com\/blog\/wp-json\/wp\/v2\/product_tag?post=25722"}],"curies":[{"name":"wp","href":"https:\/\/api.w.org\/{rel}","templated":true}]}}