{"id":26205,"date":"2020-09-12T11:19:11","date_gmt":"2020-09-12T17:19:11","guid":{"rendered":"https:\/\/avtech-hn.com\/blog\/?post_type=product&#038;p=26205"},"modified":"2022-01-12T18:37:57","modified_gmt":"2022-01-13T00:37:57","slug":"pastilla-para-guitarra-acustica-fishman","status":"publish","type":"product","link":"https:\/\/avtech-hn.com\/blog\/product\/pastilla-para-guitarra-acustica-fishman\/","title":{"rendered":"Pastilla para guitarra ac\u00fastica &#8211; Fishman"},"content":{"rendered":"\t\t<div data-elementor-type=\"wp-post\" data-elementor-id=\"26205\" class=\"elementor elementor-26205\">\n\t\t\t\t\t\t<div class=\"elementor-inner\">\n\t\t\t\t<div class=\"elementor-section-wrap\">\n\t\t\t\t\t\t\t\t\t<section class=\"elementor-section elementor-top-section elementor-element elementor-element-33bd79a4 elementor-section-boxed elementor-section-height-default elementor-section-height-default\" data-id=\"33bd79a4\" data-element_type=\"section\">\n\t\t\t\t\t\t<div class=\"elementor-container elementor-column-gap-default\">\n\t\t\t\t\t\t\t<div class=\"elementor-row\">\n\t\t\t\t\t<div class=\"elementor-column elementor-col-100 elementor-top-column elementor-element elementor-element-38fdea0\" data-id=\"38fdea0\" data-element_type=\"column\">\n\t\t\t<div class=\"elementor-column-wrap elementor-element-populated\">\n\t\t\t\t\t\t\t<div class=\"elementor-widget-wrap\">\n\t\t\t\t\t\t<div class=\"elementor-element elementor-element-57a8daa2 elementor-widget elementor-widget-text-editor\" data-id=\"57a8daa2\" data-element_type=\"widget\" data-widget_type=\"text-editor.default\">\n\t\t\t\t<div class=\"elementor-widget-container\">\n\t\t\t\t\t\t\t\t<div class=\"elementor-text-editor elementor-clearfix\">\n\t\t\t\t<div class=\"page\" title=\"Page 2\"><div class=\"section\"><div class=\"layoutArea\"><div class=\"column\"><p class=\"tw-data-text tw-text-large XcVN5d tw-ta\" dir=\"ltr\" data-placeholder=\"Traducci\u00f3n\"><span lang=\"es\">En Fishman, creemos que la m\u00fasica tiene el poder de cruzar culturas y continentes, unificando a las personas a trav\u00e9s de las canciones en sus corazones y los sonidos de sus instrumentos. <br \/>En todo el mundo y noche tras noche, ver\u00e1s y escuchar\u00e1s los productos Fishman interpretados por m\u00fasicos en escenarios grandes y peque\u00f1os. Estamos orgullosos de estar asociados con todos ellos y de desempe\u00f1ar una peque\u00f1a parte en su proceso creativo.<br \/><br \/><\/span><span lang=\"es\">Despu\u00e9s de 35 a\u00f1os, todav\u00eda tiene mi promesa de que Fishman siempre se esforzar\u00e1 por ser el mejor en lo que hacemos, pero lo m\u00e1s importante &#8230; para que suene lo mejor posible.<\/span><\/p><\/div><\/div><\/div><\/div>\t\t\t\t\t<\/div>\n\t\t\t\t\t\t<\/div>\n\t\t\t\t<\/div>\n\t\t\t\t\t\t<\/div>\n\t\t\t\t\t<\/div>\n\t\t<\/div>\n\t\t\t\t\t\t\t\t<\/div>\n\t\t\t\t\t<\/div>\n\t\t<\/section>\n\t\t\t\t\t\t\t\t\t<\/div>\n\t\t\t<\/div>\n\t\t\t\t\t<\/div>\n\t\t","protected":false},"excerpt":{"rendered":"<p>F\u00e1cil instalaci\u00f3n sin alteraci\u00f3n<br \/>\nNo necesita bater\u00edas<br \/>\nSe adapta a la mayor\u00eda de guitarras ac\u00fasticas est\u00e1ndar con 0.394 in de di\u00e1metro.<br \/>\nEl envolvente flexible reduce el eco en situaciones de alto volumen.<br \/>\nComprobador de retroalimentaci\u00f3n integrado para una reproducci\u00f3n de alto volumen<\/p>\n","protected":false},"featured_media":26200,"comment_status":"open","ping_status":"closed","template":"","meta":[],"product_cat":[393],"product_tag":[509,875,874],"_links":{"self":[{"href":"https:\/\/avtech-hn.com\/blog\/wp-json\/wp\/v2\/product\/26205"}],"collection":[{"href":"https:\/\/avtech-hn.com\/blog\/wp-json\/wp\/v2\/product"}],"about":[{"href":"https:\/\/avtech-hn.com\/blog\/wp-json\/wp\/v2\/types\/product"}],"replies":[{"embeddable":true,"href":"https:\/\/avtech-hn.com\/blog\/wp-json\/wp\/v2\/comments?post=26205"}],"version-history":[{"count":3,"href":"https:\/\/avtech-hn.com\/blog\/wp-json\/wp\/v2\/product\/26205\/revisions"}],"predecessor-version":[{"id":28260,"href":"https:\/\/avtech-hn.com\/blog\/wp-json\/wp\/v2\/product\/26205\/revisions\/28260"}],"wp:featuredmedia":[{"embeddable":true,"href":"https:\/\/avtech-hn.com\/blog\/wp-json\/wp\/v2\/media\/26200"}],"wp:attachment":[{"href":"https:\/\/avtech-hn.com\/blog\/wp-json\/wp\/v2\/media?parent=26205"}],"wp:term":[{"taxonomy":"product_cat","embeddable":true,"href":"https:\/\/avtech-hn.com\/blog\/wp-json\/wp\/v2\/product_cat?post=26205"},{"taxonomy":"product_tag","embeddable":true,"href":"https:\/\/avtech-hn.com\/blog\/wp-json\/wp\/v2\/product_tag?post=26205"}],"curies":[{"name":"wp","href":"https:\/\/api.w.org\/{rel}","templated":true}]}}