{"id":26259,"date":"2020-09-16T16:28:47","date_gmt":"2020-09-16T22:28:47","guid":{"rendered":"https:\/\/avtech-hn.com\/blog\/?post_type=product&#038;p=26259"},"modified":"2022-01-12T18:36:36","modified_gmt":"2022-01-13T00:36:36","slug":"pulidor-para-guitarra-gibson","status":"publish","type":"product","link":"https:\/\/avtech-hn.com\/blog\/product\/pulidor-para-guitarra-gibson\/","title":{"rendered":"Pulidor para guitarra &#8211; Gibson"},"content":{"rendered":"\t\t<div data-elementor-type=\"wp-post\" data-elementor-id=\"26259\" class=\"elementor elementor-26259\">\n\t\t\t\t\t\t<div class=\"elementor-inner\">\n\t\t\t\t<div class=\"elementor-section-wrap\">\n\t\t\t\t\t\t\t\t\t<section class=\"elementor-section elementor-top-section elementor-element elementor-element-33bd79a4 elementor-section-boxed elementor-section-height-default elementor-section-height-default\" data-id=\"33bd79a4\" data-element_type=\"section\">\n\t\t\t\t\t\t<div class=\"elementor-container elementor-column-gap-default\">\n\t\t\t\t\t\t\t<div class=\"elementor-row\">\n\t\t\t\t\t<div class=\"elementor-column elementor-col-100 elementor-top-column elementor-element elementor-element-38fdea0\" data-id=\"38fdea0\" data-element_type=\"column\">\n\t\t\t<div class=\"elementor-column-wrap elementor-element-populated\">\n\t\t\t\t\t\t\t<div class=\"elementor-widget-wrap\">\n\t\t\t\t\t\t<div class=\"elementor-element elementor-element-57a8daa2 elementor-widget elementor-widget-text-editor\" data-id=\"57a8daa2\" data-element_type=\"widget\" data-widget_type=\"text-editor.default\">\n\t\t\t\t<div class=\"elementor-widget-container\">\n\t\t\t\t\t\t\t\t<div class=\"elementor-text-editor elementor-clearfix\">\n\t\t\t\t<p dir=\"ltr\" data-placeholder=\"Traducci\u00f3n\">Gibson Brands, la marca de guitarras m\u00e1s emblem\u00e1tica del mundo, ha dado forma a los sonidos de generaciones de m\u00fasicos y amantes de la m\u00fasica de todos los g\u00e9neros durante m\u00e1s de 100 a\u00f1os. Fundada en 1894 y con sede en Nashville, TN, Gibson Brands tiene un legado de artesan\u00eda de clase mundial, asociaciones musicales legendarias y evoluci\u00f3n progresiva de productos que no tiene rival entre las empresas de instrumentos musicales.<\/p>\t\t\t\t\t<\/div>\n\t\t\t\t\t\t<\/div>\n\t\t\t\t<\/div>\n\t\t\t\t\t\t<\/div>\n\t\t\t\t\t<\/div>\n\t\t<\/div>\n\t\t\t\t\t\t\t\t<\/div>\n\t\t\t\t\t<\/div>\n\t\t<\/section>\n\t\t\t\t\t\t\t\t\t<\/div>\n\t\t\t<\/div>\n\t\t\t\t\t<\/div>\n\t\t","protected":false},"excerpt":{"rendered":"<p>Presentaci\u00f3n de 4 onzas<br \/>\nEspecialmente formulado para pulir instrumentos, dise\u00f1ado para eliminar la suciedad y grasa de tu instrumento, dejando un acabado completo y protegido.<\/p>\n","protected":false},"featured_media":26260,"comment_status":"open","ping_status":"closed","template":"","meta":[],"product_cat":[169],"product_tag":[955,954,891],"_links":{"self":[{"href":"https:\/\/avtech-hn.com\/blog\/wp-json\/wp\/v2\/product\/26259"}],"collection":[{"href":"https:\/\/avtech-hn.com\/blog\/wp-json\/wp\/v2\/product"}],"about":[{"href":"https:\/\/avtech-hn.com\/blog\/wp-json\/wp\/v2\/types\/product"}],"replies":[{"embeddable":true,"href":"https:\/\/avtech-hn.com\/blog\/wp-json\/wp\/v2\/comments?post=26259"}],"version-history":[{"count":5,"href":"https:\/\/avtech-hn.com\/blog\/wp-json\/wp\/v2\/product\/26259\/revisions"}],"predecessor-version":[{"id":26789,"href":"https:\/\/avtech-hn.com\/blog\/wp-json\/wp\/v2\/product\/26259\/revisions\/26789"}],"wp:featuredmedia":[{"embeddable":true,"href":"https:\/\/avtech-hn.com\/blog\/wp-json\/wp\/v2\/media\/26260"}],"wp:attachment":[{"href":"https:\/\/avtech-hn.com\/blog\/wp-json\/wp\/v2\/media?parent=26259"}],"wp:term":[{"taxonomy":"product_cat","embeddable":true,"href":"https:\/\/avtech-hn.com\/blog\/wp-json\/wp\/v2\/product_cat?post=26259"},{"taxonomy":"product_tag","embeddable":true,"href":"https:\/\/avtech-hn.com\/blog\/wp-json\/wp\/v2\/product_tag?post=26259"}],"curies":[{"name":"wp","href":"https:\/\/api.w.org\/{rel}","templated":true}]}}