{"id":26351,"date":"2020-09-18T12:40:29","date_gmt":"2020-09-18T18:40:29","guid":{"rendered":"https:\/\/avtech-hn.com\/blog\/?post_type=product&#038;p=26351"},"modified":"2020-09-18T12:49:36","modified_gmt":"2020-09-18T18:49:36","slug":"puente-inferior-para-guitarra-clasica-rollins","status":"publish","type":"product","link":"https:\/\/avtech-hn.com\/blog\/product\/puente-inferior-para-guitarra-clasica-rollins\/","title":{"rendered":"Puente inferior para guitarra cl\u00e1sica &#8211; Rollins"},"content":{"rendered":"\t\t<div data-elementor-type=\"wp-post\" data-elementor-id=\"26351\" class=\"elementor elementor-26351\">\n\t\t\t\t\t\t<div class=\"elementor-inner\">\n\t\t\t\t<div class=\"elementor-section-wrap\">\n\t\t\t\t\t\t\t\t\t<section class=\"elementor-section elementor-top-section elementor-element elementor-element-33bd79a4 elementor-section-boxed elementor-section-height-default elementor-section-height-default\" data-id=\"33bd79a4\" data-element_type=\"section\">\n\t\t\t\t\t\t<div class=\"elementor-container elementor-column-gap-default\">\n\t\t\t\t\t\t\t<div class=\"elementor-row\">\n\t\t\t\t\t<div class=\"elementor-column elementor-col-100 elementor-top-column elementor-element elementor-element-38fdea0\" data-id=\"38fdea0\" data-element_type=\"column\">\n\t\t\t<div class=\"elementor-column-wrap elementor-element-populated\">\n\t\t\t\t\t\t\t<div class=\"elementor-widget-wrap\">\n\t\t\t\t\t\t<div class=\"elementor-element elementor-element-57a8daa2 elementor-widget elementor-widget-text-editor\" data-id=\"57a8daa2\" data-element_type=\"widget\" data-widget_type=\"text-editor.default\">\n\t\t\t\t<div class=\"elementor-widget-container\">\n\t\t\t\t\t\t\t\t<div class=\"elementor-text-editor elementor-clearfix\">\n\t\t\t\t<p>Rollins Guitar ofrece un valor y una capacidad de interpretaci\u00f3n excepcional en sus cuerdas. Desde el sonido rico y c\u00e1lido de nuestra ac\u00fastica cl\u00e1sica hasta el golpe profundo de un bajo el\u00e9ctrico de 6 cuerdas.<\/p>\t\t\t\t\t<\/div>\n\t\t\t\t\t\t<\/div>\n\t\t\t\t<\/div>\n\t\t\t\t\t\t<\/div>\n\t\t\t\t\t<\/div>\n\t\t<\/div>\n\t\t\t\t\t\t\t\t<\/div>\n\t\t\t\t\t<\/div>\n\t\t<\/section>\n\t\t\t\t\t\t\t\t\t<\/div>\n\t\t\t<\/div>\n\t\t\t\t\t<\/div>\n\t\t","protected":false},"excerpt":{"rendered":"<p>Rollins Guitar ofrece un valor y una capacidad de interpretaci\u00f3n excepcional en sus cuerdas. Desde el sonido rico y c\u00e1lido de nuestra ac\u00fastica cl\u00e1sica hasta el golpe profundo de un bajo el\u00e9ctrico de 6 cuerdas.<\/p>\n","protected":false},"featured_media":26352,"comment_status":"open","ping_status":"closed","template":"","meta":[],"product_cat":[393],"product_tag":[914,801],"_links":{"self":[{"href":"https:\/\/avtech-hn.com\/blog\/wp-json\/wp\/v2\/product\/26351"}],"collection":[{"href":"https:\/\/avtech-hn.com\/blog\/wp-json\/wp\/v2\/product"}],"about":[{"href":"https:\/\/avtech-hn.com\/blog\/wp-json\/wp\/v2\/types\/product"}],"replies":[{"embeddable":true,"href":"https:\/\/avtech-hn.com\/blog\/wp-json\/wp\/v2\/comments?post=26351"}],"version-history":[{"count":1,"href":"https:\/\/avtech-hn.com\/blog\/wp-json\/wp\/v2\/product\/26351\/revisions"}],"predecessor-version":[{"id":26353,"href":"https:\/\/avtech-hn.com\/blog\/wp-json\/wp\/v2\/product\/26351\/revisions\/26353"}],"wp:featuredmedia":[{"embeddable":true,"href":"https:\/\/avtech-hn.com\/blog\/wp-json\/wp\/v2\/media\/26352"}],"wp:attachment":[{"href":"https:\/\/avtech-hn.com\/blog\/wp-json\/wp\/v2\/media?parent=26351"}],"wp:term":[{"taxonomy":"product_cat","embeddable":true,"href":"https:\/\/avtech-hn.com\/blog\/wp-json\/wp\/v2\/product_cat?post=26351"},{"taxonomy":"product_tag","embeddable":true,"href":"https:\/\/avtech-hn.com\/blog\/wp-json\/wp\/v2\/product_tag?post=26351"}],"curies":[{"name":"wp","href":"https:\/\/api.w.org\/{rel}","templated":true}]}}