{"id":26608,"date":"2020-10-01T13:49:44","date_gmt":"2020-10-01T19:49:44","guid":{"rendered":"https:\/\/avtech-hn.com\/blog\/?post_type=product&#038;p=26608"},"modified":"2021-10-15T14:31:28","modified_gmt":"2021-10-15T20:31:28","slug":"pergamino-hembra-para-redoblante-10-evans-s10h30","status":"publish","type":"product","link":"https:\/\/avtech-hn.com\/blog\/product\/pergamino-hembra-para-redoblante-10-evans-s10h30\/","title":{"rendered":"Pergamino Hembra para Redoblante 10&#8243; &#8211; Evans &#8211; S10H30"},"content":{"rendered":"\t\t<div data-elementor-type=\"wp-post\" data-elementor-id=\"26608\" class=\"elementor elementor-26608\">\n\t\t\t\t\t\t<div class=\"elementor-inner\">\n\t\t\t\t<div class=\"elementor-section-wrap\">\n\t\t\t\t\t\t\t\t\t<section class=\"elementor-section elementor-top-section elementor-element elementor-element-33bd79a4 elementor-section-boxed elementor-section-height-default elementor-section-height-default\" data-id=\"33bd79a4\" data-element_type=\"section\">\n\t\t\t\t\t\t<div class=\"elementor-container elementor-column-gap-default\">\n\t\t\t\t\t\t\t<div class=\"elementor-row\">\n\t\t\t\t\t<div class=\"elementor-column elementor-col-100 elementor-top-column elementor-element elementor-element-38fdea0\" data-id=\"38fdea0\" data-element_type=\"column\">\n\t\t\t<div class=\"elementor-column-wrap elementor-element-populated\">\n\t\t\t\t\t\t\t<div class=\"elementor-widget-wrap\">\n\t\t\t\t\t\t<div class=\"elementor-element elementor-element-57a8daa2 elementor-widget elementor-widget-text-editor\" data-id=\"57a8daa2\" data-element_type=\"widget\" data-widget_type=\"text-editor.default\">\n\t\t\t\t<div class=\"elementor-widget-container\">\n\t\t\t\t\t\t\t\t<div class=\"elementor-text-editor elementor-clearfix\">\n\t\t\t\t<p class=\"tw-data-text tw-text-large tw-ta\" dir=\"ltr\" data-placeholder=\"Traducci\u00f3n\">Esta marca norteamericana lleva haciendo pergaminos desde 1956 y es posiblemente la que m\u00e1s innovaciones ha hecho en los \u00faltimos a\u00f1os en la fabricaci\u00f3n de parches. <\/p>\n<p>Sus constantes avances tienen mucho que ver en como escuchamos las bater\u00edas hoy d\u00eda tanto en grabaciones como en directos.<br>Hoy d\u00eda una parte importante de bateristas y percusionistas de todo el mundo y de todos los estilos tienen a Evans como compa\u00f1ero de viajes en sus carreras.<\/p>\n<p>Poner la lista de artistas que usan Evans ser\u00eda interminable pero podr\u00edamos poner como ejemplo a Jojo Mayer.<\/p>\t\t\t\t\t<\/div>\n\t\t\t\t\t\t<\/div>\n\t\t\t\t<\/div>\n\t\t\t\t\t\t<\/div>\n\t\t\t\t\t<\/div>\n\t\t<\/div>\n\t\t\t\t\t\t\t\t<\/div>\n\t\t\t\t\t<\/div>\n\t\t<\/section>\n\t\t\t\t\t\t\t\t\t<\/div>\n\t\t\t<\/div>\n\t\t\t\t\t<\/div>\n\t\t","protected":false},"excerpt":{"rendered":"<p>Di\u00e1metro 10&#8243; (25 cms)<br \/>\nAcabado Transparente<br \/>\nSuperficie Lisa<br \/>\nTipo Resonante<br \/>\nSustain Medio<\/p>\n","protected":false},"featured_media":26602,"comment_status":"open","ping_status":"closed","template":"","meta":[],"product_cat":[312],"product_tag":[308,309],"_links":{"self":[{"href":"https:\/\/avtech-hn.com\/blog\/wp-json\/wp\/v2\/product\/26608"}],"collection":[{"href":"https:\/\/avtech-hn.com\/blog\/wp-json\/wp\/v2\/product"}],"about":[{"href":"https:\/\/avtech-hn.com\/blog\/wp-json\/wp\/v2\/types\/product"}],"replies":[{"embeddable":true,"href":"https:\/\/avtech-hn.com\/blog\/wp-json\/wp\/v2\/comments?post=26608"}],"version-history":[{"count":6,"href":"https:\/\/avtech-hn.com\/blog\/wp-json\/wp\/v2\/product\/26608\/revisions"}],"predecessor-version":[{"id":30902,"href":"https:\/\/avtech-hn.com\/blog\/wp-json\/wp\/v2\/product\/26608\/revisions\/30902"}],"wp:featuredmedia":[{"embeddable":true,"href":"https:\/\/avtech-hn.com\/blog\/wp-json\/wp\/v2\/media\/26602"}],"wp:attachment":[{"href":"https:\/\/avtech-hn.com\/blog\/wp-json\/wp\/v2\/media?parent=26608"}],"wp:term":[{"taxonomy":"product_cat","embeddable":true,"href":"https:\/\/avtech-hn.com\/blog\/wp-json\/wp\/v2\/product_cat?post=26608"},{"taxonomy":"product_tag","embeddable":true,"href":"https:\/\/avtech-hn.com\/blog\/wp-json\/wp\/v2\/product_tag?post=26608"}],"curies":[{"name":"wp","href":"https:\/\/api.w.org\/{rel}","templated":true}]}}