{"id":26795,"date":"2020-10-06T13:35:05","date_gmt":"2020-10-06T19:35:05","guid":{"rendered":"https:\/\/avtech-hn.com\/blog\/?post_type=product&#038;p=26795"},"modified":"2021-01-19T14:15:54","modified_gmt":"2021-01-19T20:15:54","slug":"pedal-de-distorsion-mxr-fullbore-metal","status":"publish","type":"product","link":"https:\/\/avtech-hn.com\/blog\/product\/pedal-de-distorsion-mxr-fullbore-metal\/","title":{"rendered":"Pedal de distorsi\u00f3n &#8211; MXR &#8211; Fullbore Metal"},"content":{"rendered":"\t\t<div data-elementor-type=\"wp-post\" data-elementor-id=\"26795\" class=\"elementor elementor-26795\">\n\t\t\t\t\t\t<div class=\"elementor-inner\">\n\t\t\t\t<div class=\"elementor-section-wrap\">\n\t\t\t\t\t\t\t\t\t<section class=\"elementor-section elementor-top-section elementor-element elementor-element-33bd79a4 elementor-section-boxed elementor-section-height-default elementor-section-height-default\" data-id=\"33bd79a4\" data-element_type=\"section\">\n\t\t\t\t\t\t<div class=\"elementor-container elementor-column-gap-default\">\n\t\t\t\t\t\t\t<div class=\"elementor-row\">\n\t\t\t\t\t<div class=\"elementor-column elementor-col-100 elementor-top-column elementor-element elementor-element-38fdea0\" data-id=\"38fdea0\" data-element_type=\"column\">\n\t\t\t<div class=\"elementor-column-wrap elementor-element-populated\">\n\t\t\t\t\t\t\t<div class=\"elementor-widget-wrap\">\n\t\t\t\t\t\t<div class=\"elementor-element elementor-element-57a8daa2 elementor-widget elementor-widget-text-editor\" data-id=\"57a8daa2\" data-element_type=\"widget\" data-widget_type=\"text-editor.default\">\n\t\t\t\t<div class=\"elementor-widget-container\">\n\t\t\t\t\t\t\t\t<div class=\"elementor-text-editor elementor-clearfix\">\n\t\t\t\t<p>Dunlop Manufacturing, Inc. es un fabricante de accesorios musicales, especialmente unidades de efectos, con sede en Benicia, California, Estados Unidos. Fundada en 1965 por Jim Dunlop Sr., la compa\u00f1\u00eda pas\u00f3 de ser una peque\u00f1a operaci\u00f3n hogare\u00f1a a convertirse en un gran fabricante de equipos de m\u00fasica. Dunlop ha adquirido varias marcas conocidas de pedales de efectos, como Cry Baby, MXR y Way Huge.<\/p>\t\t\t\t\t<\/div>\n\t\t\t\t\t\t<\/div>\n\t\t\t\t<\/div>\n\t\t\t\t\t\t<\/div>\n\t\t\t\t\t<\/div>\n\t\t<\/div>\n\t\t\t\t\t\t\t\t<\/div>\n\t\t\t\t\t<\/div>\n\t\t<\/section>\n\t\t\t\t\t\t\t\t\t<\/div>\n\t\t\t<\/div>\n\t\t\t\t\t<\/div>\n\t\t","protected":false},"excerpt":{"rendered":"<p>Ecualizador de 3 bandas<br \/>\nControl de barrido de rango medio<br \/>\nInterruptor Scoop y una puerta de ruido conmutable con control de sensibilidad interno.<\/p>\n<p>Este pedal puede funcionar con una bater\u00eda de 9 voltios, un adaptador Dunlop ECB003 de 9 voltios o las fuentes de alimentaci\u00f3n DC Brick, Iso-Brick y Mini Iso-Brick (no incluidas).<\/p>\n","protected":false},"featured_media":26798,"comment_status":"open","ping_status":"closed","template":"","meta":[],"product_cat":[209],"product_tag":[956,958,957],"_links":{"self":[{"href":"https:\/\/avtech-hn.com\/blog\/wp-json\/wp\/v2\/product\/26795"}],"collection":[{"href":"https:\/\/avtech-hn.com\/blog\/wp-json\/wp\/v2\/product"}],"about":[{"href":"https:\/\/avtech-hn.com\/blog\/wp-json\/wp\/v2\/types\/product"}],"replies":[{"embeddable":true,"href":"https:\/\/avtech-hn.com\/blog\/wp-json\/wp\/v2\/comments?post=26795"}],"version-history":[{"count":2,"href":"https:\/\/avtech-hn.com\/blog\/wp-json\/wp\/v2\/product\/26795\/revisions"}],"predecessor-version":[{"id":26805,"href":"https:\/\/avtech-hn.com\/blog\/wp-json\/wp\/v2\/product\/26795\/revisions\/26805"}],"wp:featuredmedia":[{"embeddable":true,"href":"https:\/\/avtech-hn.com\/blog\/wp-json\/wp\/v2\/media\/26798"}],"wp:attachment":[{"href":"https:\/\/avtech-hn.com\/blog\/wp-json\/wp\/v2\/media?parent=26795"}],"wp:term":[{"taxonomy":"product_cat","embeddable":true,"href":"https:\/\/avtech-hn.com\/blog\/wp-json\/wp\/v2\/product_cat?post=26795"},{"taxonomy":"product_tag","embeddable":true,"href":"https:\/\/avtech-hn.com\/blog\/wp-json\/wp\/v2\/product_tag?post=26795"}],"curies":[{"name":"wp","href":"https:\/\/api.w.org\/{rel}","templated":true}]}}