{"id":28198,"date":"2020-12-09T14:30:02","date_gmt":"2020-12-09T20:30:02","guid":{"rendered":"https:\/\/avtech-hn.com\/blog\/?post_type=product&#038;p=28198"},"modified":"2021-05-16T11:13:12","modified_gmt":"2021-05-16T17:13:12","slug":"microfono-vocal-de-condensador-de-diadema-con-conector-ta4f-electro-voice","status":"publish","type":"product","link":"https:\/\/avtech-hn.com\/blog\/product\/microfono-vocal-de-condensador-de-diadema-con-conector-ta4f-electro-voice\/","title":{"rendered":"Micr\u00f3fono vocal de condensador de diadema &#8211; Electro Voice"},"content":{"rendered":"\t\t<div data-elementor-type=\"wp-post\" data-elementor-id=\"28198\" class=\"elementor elementor-28198\">\n\t\t\t\t\t\t<div class=\"elementor-inner\">\n\t\t\t\t<div class=\"elementor-section-wrap\">\n\t\t\t\t\t\t\t\t\t<section class=\"elementor-section elementor-top-section elementor-element elementor-element-33bd79a4 elementor-section-boxed elementor-section-height-default elementor-section-height-default\" data-id=\"33bd79a4\" data-element_type=\"section\">\n\t\t\t\t\t\t<div class=\"elementor-container elementor-column-gap-default\">\n\t\t\t\t\t\t\t<div class=\"elementor-row\">\n\t\t\t\t\t<div class=\"elementor-column elementor-col-100 elementor-top-column elementor-element elementor-element-38fdea0\" data-id=\"38fdea0\" data-element_type=\"column\">\n\t\t\t<div class=\"elementor-column-wrap elementor-element-populated\">\n\t\t\t\t\t\t\t<div class=\"elementor-widget-wrap\">\n\t\t\t\t\t\t<div class=\"elementor-element elementor-element-57a8daa2 elementor-widget elementor-widget-text-editor\" data-id=\"57a8daa2\" data-element_type=\"widget\" data-widget_type=\"text-editor.default\">\n\t\t\t\t<div class=\"elementor-widget-container\">\n\t\t\t\t\t\t\t\t<div class=\"elementor-text-editor elementor-clearfix\">\n\t\t\t\t<p>Electro-Voice se distingue como una de las pocas compa\u00f1\u00edas que dise\u00f1a todos los componentes de forma interna:<br \/>gabinetes, controladores, bocinas, monitores, entre otros, lo que garantiza una excelente calidad para cada aplicaci\u00f3n de audio, desde un altavoz independiente hasta un sistema de sonido en red.<\/p><p>Nuestros productos literalmente hablan por s\u00ed mismos: nos esforzamos por lograr una transparencia y linealidad completas en nuestros productos, por lo que se minimiza la necesidad de procesamiento externo.<\/p><p>En definitiva, es nuestro historial de patentes lo que demuestra el punto: inventamos, otros imitan.<\/p>\t\t\t\t\t<\/div>\n\t\t\t\t\t\t<\/div>\n\t\t\t\t<\/div>\n\t\t\t\t\t\t<\/div>\n\t\t\t\t\t<\/div>\n\t\t<\/div>\n\t\t\t\t\t\t\t\t<\/div>\n\t\t\t\t\t<\/div>\n\t\t<\/section>\n\t\t\t\t\t\t\t\t\t<\/div>\n\t\t\t<\/div>\n\t\t\t\t\t<\/div>\n\t\t","protected":false},"excerpt":{"rendered":"<p>Material impermeable cubre micr\u00f3fono y diadema<br \/>\nConector TA4F<\/p>\n","protected":false},"featured_media":28199,"comment_status":"open","ping_status":"closed","template":"","meta":[],"product_cat":[1146],"product_tag":[968],"_links":{"self":[{"href":"https:\/\/avtech-hn.com\/blog\/wp-json\/wp\/v2\/product\/28198"}],"collection":[{"href":"https:\/\/avtech-hn.com\/blog\/wp-json\/wp\/v2\/product"}],"about":[{"href":"https:\/\/avtech-hn.com\/blog\/wp-json\/wp\/v2\/types\/product"}],"replies":[{"embeddable":true,"href":"https:\/\/avtech-hn.com\/blog\/wp-json\/wp\/v2\/comments?post=28198"}],"version-history":[{"count":1,"href":"https:\/\/avtech-hn.com\/blog\/wp-json\/wp\/v2\/product\/28198\/revisions"}],"predecessor-version":[{"id":28200,"href":"https:\/\/avtech-hn.com\/blog\/wp-json\/wp\/v2\/product\/28198\/revisions\/28200"}],"wp:featuredmedia":[{"embeddable":true,"href":"https:\/\/avtech-hn.com\/blog\/wp-json\/wp\/v2\/media\/28199"}],"wp:attachment":[{"href":"https:\/\/avtech-hn.com\/blog\/wp-json\/wp\/v2\/media?parent=28198"}],"wp:term":[{"taxonomy":"product_cat","embeddable":true,"href":"https:\/\/avtech-hn.com\/blog\/wp-json\/wp\/v2\/product_cat?post=28198"},{"taxonomy":"product_tag","embeddable":true,"href":"https:\/\/avtech-hn.com\/blog\/wp-json\/wp\/v2\/product_tag?post=28198"}],"curies":[{"name":"wp","href":"https:\/\/api.w.org\/{rel}","templated":true}]}}