{"id":28436,"date":"2020-12-16T17:13:15","date_gmt":"2020-12-16T23:13:15","guid":{"rendered":"https:\/\/avtech-hn.com\/blog\/?post_type=product&#038;p=28436"},"modified":"2022-12-12T13:17:08","modified_gmt":"2022-12-12T19:17:08","slug":"guitarra-electrica-epiphone-sg-muse-modern-color-azul-metalico","status":"publish","type":"product","link":"https:\/\/avtech-hn.com\/blog\/product\/guitarra-electrica-epiphone-sg-muse-modern-color-azul-metalico\/","title":{"rendered":"Guitarra El\u00e9ctrica &#8211; Epiphone &#8211; SG Muse Modern &#8211; Color Azul Met\u00e1lico"},"content":{"rendered":"\t\t<div data-elementor-type=\"wp-post\" data-elementor-id=\"28436\" class=\"elementor elementor-28436\">\n\t\t\t\t\t\t<div class=\"elementor-inner\">\n\t\t\t\t<div class=\"elementor-section-wrap\">\n\t\t\t\t\t\t\t\t\t<section class=\"elementor-section elementor-top-section elementor-element elementor-element-33bd79a4 elementor-section-boxed elementor-section-height-default elementor-section-height-default\" data-id=\"33bd79a4\" data-element_type=\"section\">\n\t\t\t\t\t\t<div class=\"elementor-container elementor-column-gap-default\">\n\t\t\t\t\t\t\t<div class=\"elementor-row\">\n\t\t\t\t\t<div class=\"elementor-column elementor-col-100 elementor-top-column elementor-element elementor-element-38fdea0\" data-id=\"38fdea0\" data-element_type=\"column\">\n\t\t\t<div class=\"elementor-column-wrap elementor-element-populated\">\n\t\t\t\t\t\t\t<div class=\"elementor-widget-wrap\">\n\t\t\t\t\t\t<div class=\"elementor-element elementor-element-57a8daa2 elementor-widget elementor-widget-text-editor\" data-id=\"57a8daa2\" data-element_type=\"widget\" data-widget_type=\"text-editor.default\">\n\t\t\t\t<div class=\"elementor-widget-container\">\n\t\t\t\t\t\t\t\t<div class=\"elementor-text-editor elementor-clearfix\">\n\t\t\t\t<p>Con la Les Paul SL de Epiphone, la filial del Grupo Gibson ofrece con diferencia la mejor relaci\u00f3n precio-rendimiento de la gama LP! Equipada con dos bobinas individuales internas 650SCR y 700SCT con imanes cer\u00e1micos y un puente envolvente de una sola pieza.<br \/><br \/>La Les Paul SL despierta el encanto de los modelos cl\u00e1sicos Danos y LP Special, mientras que el perfil original del cuello Slim Taper de 1960 de los \u00faltimos modelos Les Paul ofrece el familiar manejo Gibson de cabezal a cuello. <br \/><br \/>S\u00f3lidos afinadores Epiphone Premium garantizan en \u00faltima instancia una estabilidad de afinaci\u00f3n fiable y una afinaci\u00f3n sencilla.<\/p>\t\t\t\t\t<\/div>\n\t\t\t\t\t\t<\/div>\n\t\t\t\t<\/div>\n\t\t\t\t\t\t<\/div>\n\t\t\t\t\t<\/div>\n\t\t<\/div>\n\t\t\t\t\t\t\t\t<\/div>\n\t\t\t\t\t<\/div>\n\t\t<\/section>\n\t\t\t\t\t\t\t\t\t<\/div>\n\t\t\t<\/div>\n\t\t\t\t\t<\/div>\n\t\t","protected":false},"excerpt":{"rendered":"<p>Especificaciones:<br \/>\n*No incluye forro, faja ni cable*<\/p>\n<p>CUERPO<br \/>\nCorte de cuerpo: SG<br \/>\nMadera de cuerpo: Caoba<br \/>\nColor: Azul Met\u00e1lico<\/p>\n<p>M\u00c1STIL:<br \/>\nMadera de m\u00e1stil: Caoba<br \/>\nCorte de m\u00e1stil: Tipo C Custom<br \/>\nMadera de diapas\u00f3n: Lairel Indio<br \/>\nNumero de trastes: 22<br \/>\nTama\u00f1o de trastes: Medium Jumbo<br \/>\nMaterial de marcador: Graph Tech\u00ae<\/p>\n<p>HARDWARE:<br \/>\nPastillas y afinadores: Nickel<br \/>\nPuente de calibraci\u00f3n: LockTone\u2122 Tune-O-Matic\u2122<br \/>\nPuente: LockTone\u2122 Stop Bar<br \/>\nPotenciometros: Epiphone Light-weight 3+3 18:1<br \/>\nPickguard: 1-Ply; Black PVC<br \/>\nControl Knobs: Clear Speed Knobs with white numbers<br \/>\nRecubierta de pastillas: Nickel<\/p>\n<p>ELECTR\u00d3NICA:<br \/>\nPastilla de cuello: Alnico Classic PRO\u2122<br \/>\nPastilla de puente: Alnico Classic PRO\u2122<br \/>\nControles: 2 Volume with coil splitting and treble bleed, 2 Tone with phase switching<br \/>\nSelector: 3 v\u00edas Epiphone toggle<br \/>\nConector de salida: 1\/4&#8243; Heavy-Duty Epiphone<\/p>\n<p>Cuerdas Recomendadas:<br \/>\n.010, .013, .017, .026, .036, .046<\/p>\n","protected":false},"featured_media":28500,"comment_status":"open","ping_status":"closed","template":"","meta":[],"product_cat":[228],"product_tag":[254,253,229,267,255],"_links":{"self":[{"href":"https:\/\/avtech-hn.com\/blog\/wp-json\/wp\/v2\/product\/28436"}],"collection":[{"href":"https:\/\/avtech-hn.com\/blog\/wp-json\/wp\/v2\/product"}],"about":[{"href":"https:\/\/avtech-hn.com\/blog\/wp-json\/wp\/v2\/types\/product"}],"replies":[{"embeddable":true,"href":"https:\/\/avtech-hn.com\/blog\/wp-json\/wp\/v2\/comments?post=28436"}],"version-history":[{"count":5,"href":"https:\/\/avtech-hn.com\/blog\/wp-json\/wp\/v2\/product\/28436\/revisions"}],"predecessor-version":[{"id":32294,"href":"https:\/\/avtech-hn.com\/blog\/wp-json\/wp\/v2\/product\/28436\/revisions\/32294"}],"wp:featuredmedia":[{"embeddable":true,"href":"https:\/\/avtech-hn.com\/blog\/wp-json\/wp\/v2\/media\/28500"}],"wp:attachment":[{"href":"https:\/\/avtech-hn.com\/blog\/wp-json\/wp\/v2\/media?parent=28436"}],"wp:term":[{"taxonomy":"product_cat","embeddable":true,"href":"https:\/\/avtech-hn.com\/blog\/wp-json\/wp\/v2\/product_cat?post=28436"},{"taxonomy":"product_tag","embeddable":true,"href":"https:\/\/avtech-hn.com\/blog\/wp-json\/wp\/v2\/product_tag?post=28436"}],"curies":[{"name":"wp","href":"https:\/\/api.w.org\/{rel}","templated":true}]}}