{"id":28594,"date":"2020-12-18T16:32:18","date_gmt":"2020-12-18T22:32:18","guid":{"rendered":"https:\/\/avtech-hn.com\/blog\/?post_type=product&#038;p=28594"},"modified":"2021-09-22T07:39:36","modified_gmt":"2021-09-22T13:39:36","slug":"pedal-sustain-para-piano-alesis","status":"publish","type":"product","link":"https:\/\/avtech-hn.com\/blog\/product\/pedal-sustain-para-piano-alesis\/","title":{"rendered":"Pedal Sustain para piano &#8211; Alesis"},"content":{"rendered":"\t\t<div data-elementor-type=\"wp-post\" data-elementor-id=\"28594\" class=\"elementor elementor-28594\">\n\t\t\t\t\t\t<div class=\"elementor-inner\">\n\t\t\t\t<div class=\"elementor-section-wrap\">\n\t\t\t\t\t\t\t\t\t<section class=\"elementor-section elementor-top-section elementor-element elementor-element-33bd79a4 elementor-section-boxed elementor-section-height-default elementor-section-height-default\" data-id=\"33bd79a4\" data-element_type=\"section\">\n\t\t\t\t\t\t<div class=\"elementor-container elementor-column-gap-default\">\n\t\t\t\t\t\t\t<div class=\"elementor-row\">\n\t\t\t\t\t<div class=\"elementor-column elementor-col-100 elementor-top-column elementor-element elementor-element-38fdea0\" data-id=\"38fdea0\" data-element_type=\"column\">\n\t\t\t<div class=\"elementor-column-wrap elementor-element-populated\">\n\t\t\t\t\t\t\t<div class=\"elementor-widget-wrap\">\n\t\t\t\t\t\t<div class=\"elementor-element elementor-element-57a8daa2 elementor-widget elementor-widget-text-editor\" data-id=\"57a8daa2\" data-element_type=\"widget\" data-widget_type=\"text-editor.default\">\n\t\t\t\t<div class=\"elementor-widget-container\">\n\t\t\t\t\t\t\t\t<div class=\"elementor-text-editor elementor-clearfix\">\n\t\t\t\t<p id=\"tw-target-text\" class=\"tw-data-text tw-text-large XcVN5d tw-ta\" dir=\"ltr\" data-placeholder=\"Traducci\u00f3n\"><span lang=\"es\">Alesis ha revolucionado la industria de la m\u00fasica una y otra vez con su innovadora grabaci\u00f3n de estudio, percusi\u00f3n electr\u00f3nica, teclado y equipo de sonido en vivo. <br \/>Su pasi\u00f3n por la innovaci\u00f3n no tiene comparaci\u00f3n, y est\u00e1n dedicados a crear equipos que capaciten a m\u00fasicos, productores e ingenieros en todos los niveles de habilidad para liberar todo su potencial creativo en el hogar, en el escenario y en el estudio.<\/span><\/p>\t\t\t\t\t<\/div>\n\t\t\t\t\t\t<\/div>\n\t\t\t\t<\/div>\n\t\t\t\t\t\t<\/div>\n\t\t\t\t\t<\/div>\n\t\t<\/div>\n\t\t\t\t\t\t\t\t<\/div>\n\t\t\t\t\t<\/div>\n\t\t<\/section>\n\t\t\t\t\t\t\t\t\t<\/div>\n\t\t\t<\/div>\n\t\t\t\t\t<\/div>\n\t\t","protected":false},"excerpt":{"rendered":"<p>Dise\u00f1o cl\u00e1sico y duradero con aut\u00e9ntica sensaci\u00f3n de piano<br \/>\nLongitud de cable: 6&#8243;(1,82 m)<br \/>\nConector: 1\/4&#8243;(6,35 mm)<br \/>\nInterruptor de polaridad para compatibilidad con todos los teclados electr\u00f3nicos<\/p>\n","protected":false},"featured_media":28537,"comment_status":"open","ping_status":"closed","template":"","meta":[],"product_cat":[1113,1112],"product_tag":[1051,1050,1052],"_links":{"self":[{"href":"https:\/\/avtech-hn.com\/blog\/wp-json\/wp\/v2\/product\/28594"}],"collection":[{"href":"https:\/\/avtech-hn.com\/blog\/wp-json\/wp\/v2\/product"}],"about":[{"href":"https:\/\/avtech-hn.com\/blog\/wp-json\/wp\/v2\/types\/product"}],"replies":[{"embeddable":true,"href":"https:\/\/avtech-hn.com\/blog\/wp-json\/wp\/v2\/comments?post=28594"}],"version-history":[{"count":3,"href":"https:\/\/avtech-hn.com\/blog\/wp-json\/wp\/v2\/product\/28594\/revisions"}],"predecessor-version":[{"id":28648,"href":"https:\/\/avtech-hn.com\/blog\/wp-json\/wp\/v2\/product\/28594\/revisions\/28648"}],"wp:featuredmedia":[{"embeddable":true,"href":"https:\/\/avtech-hn.com\/blog\/wp-json\/wp\/v2\/media\/28537"}],"wp:attachment":[{"href":"https:\/\/avtech-hn.com\/blog\/wp-json\/wp\/v2\/media?parent=28594"}],"wp:term":[{"taxonomy":"product_cat","embeddable":true,"href":"https:\/\/avtech-hn.com\/blog\/wp-json\/wp\/v2\/product_cat?post=28594"},{"taxonomy":"product_tag","embeddable":true,"href":"https:\/\/avtech-hn.com\/blog\/wp-json\/wp\/v2\/product_tag?post=28594"}],"curies":[{"name":"wp","href":"https:\/\/api.w.org\/{rel}","templated":true}]}}