{"id":28817,"date":"2020-12-28T17:15:36","date_gmt":"2020-12-28T23:15:36","guid":{"rendered":"https:\/\/avtech-hn.com\/blog\/?post_type=product&#038;p=28817"},"modified":"2021-02-02T17:21:00","modified_gmt":"2021-02-02T23:21:00","slug":"pedal-controlador-de-2-botones-line-6-fbv2","status":"publish","type":"product","link":"https:\/\/avtech-hn.com\/blog\/product\/pedal-controlador-de-2-botones-line-6-fbv2\/","title":{"rendered":"Pedal controlador de 2 botones &#8211; Line 6 &#8211; FBV2"},"content":{"rendered":"\t\t<div data-elementor-type=\"wp-post\" data-elementor-id=\"28817\" class=\"elementor elementor-28817\">\n\t\t\t\t\t\t<div class=\"elementor-inner\">\n\t\t\t\t<div class=\"elementor-section-wrap\">\n\t\t\t\t\t\t\t\t\t<section class=\"elementor-section elementor-top-section elementor-element elementor-element-33bd79a4 elementor-section-boxed elementor-section-height-default elementor-section-height-default\" data-id=\"33bd79a4\" data-element_type=\"section\">\n\t\t\t\t\t\t<div class=\"elementor-container elementor-column-gap-default\">\n\t\t\t\t\t\t\t<div class=\"elementor-row\">\n\t\t\t\t\t<div class=\"elementor-column elementor-col-100 elementor-top-column elementor-element elementor-element-38fdea0\" data-id=\"38fdea0\" data-element_type=\"column\">\n\t\t\t<div class=\"elementor-column-wrap elementor-element-populated\">\n\t\t\t\t\t\t\t<div class=\"elementor-widget-wrap\">\n\t\t\t\t\t\t<div class=\"elementor-element elementor-element-57a8daa2 elementor-widget elementor-widget-text-editor\" data-id=\"57a8daa2\" data-element_type=\"widget\" data-widget_type=\"text-editor.default\">\n\t\t\t\t<div class=\"elementor-widget-container\">\n\t\t\t\t\t\t\t\t<div class=\"elementor-text-editor elementor-clearfix\">\n\t\t\t\t<p id=\"tw-target-text\" class=\"tw-data-text tw-text-large XcVN5d tw-ta\" dir=\"ltr\" data-placeholder=\"Traducci\u00f3n\"><span lang=\"es\">FBV MKII Controlador de pie FBV Shortboard MkII \u2122 no es un controlador de pie normal. <br \/>Es un control remoto completo que te mantiene al pie del escenario en lugar de estar atado al frente de tu amplificador Line 6 o POD\u00ae. <br \/>FBV Shortboard MkII ofrece conectividad plug-n-play lista para usar. <br \/>Pise los 13 conmutadores de pedal de acero para desplazarse r\u00e1pidamente y seleccionar los preajustes de canal, sincronizar sus efectos basados \u200b\u200ben el tiempo con Tap Tempo, activar efectos, el afinador crom\u00e1tico y m\u00e1s. <br \/>Cuando se combinan con amplificadores de guitarra Line 6, los conmutadores de pedal pueden activar muchos efectos de amplificador integrados, incluidos Quick Loop, Pitch Glide y Smart Harmony, y proporcionar hasta 128 presets creados por el usuario. <br \/>El robusto pedal de volumen \/ wah de tama\u00f1o completo se siente s\u00f3lido debajo del pie y ofrece mucho agarre. <br \/>Al hacer clic en el interruptor de pie se alterna entre el control de volumen y wah (con un LED iluminado a juego). <br \/>De gran tama\u00f1o y retroiluminada, la pantalla LCD es grande, brillante y f\u00e1cil de leer. Muestra el nombre y n\u00famero de preset activo y el sintonizador crom\u00e1tico (cuando est\u00e1 activado).<\/span><\/p>\t\t\t\t\t<\/div>\n\t\t\t\t\t\t<\/div>\n\t\t\t\t<\/div>\n\t\t\t\t\t\t<\/div>\n\t\t\t\t\t<\/div>\n\t\t<\/div>\n\t\t\t\t\t\t\t\t<\/div>\n\t\t\t\t\t<\/div>\n\t\t<\/section>\n\t\t\t\t\t\t\t\t\t<\/div>\n\t\t\t<\/div>\n\t\t\t\t\t<\/div>\n\t\t","protected":false},"excerpt":{"rendered":"<p>Funciona con Spider II, Flextone III, Vetta, Vetta II, HD147, Duoverb, PODxt, PODxt Pro, Bass PODxt y Bass PODxt Pro.<br \/>\nSe desplaza por los canales A, B, C y D.<br \/>\nAutoalimentado a trav\u00e9s del cable de bloqueo.<\/p>\n","protected":false},"featured_media":28806,"comment_status":"open","ping_status":"closed","template":"","meta":[],"product_cat":[393,209],"product_tag":[754,1092,1094,1093],"_links":{"self":[{"href":"https:\/\/avtech-hn.com\/blog\/wp-json\/wp\/v2\/product\/28817"}],"collection":[{"href":"https:\/\/avtech-hn.com\/blog\/wp-json\/wp\/v2\/product"}],"about":[{"href":"https:\/\/avtech-hn.com\/blog\/wp-json\/wp\/v2\/types\/product"}],"replies":[{"embeddable":true,"href":"https:\/\/avtech-hn.com\/blog\/wp-json\/wp\/v2\/comments?post=28817"}],"version-history":[{"count":1,"href":"https:\/\/avtech-hn.com\/blog\/wp-json\/wp\/v2\/product\/28817\/revisions"}],"predecessor-version":[{"id":28819,"href":"https:\/\/avtech-hn.com\/blog\/wp-json\/wp\/v2\/product\/28817\/revisions\/28819"}],"wp:featuredmedia":[{"embeddable":true,"href":"https:\/\/avtech-hn.com\/blog\/wp-json\/wp\/v2\/media\/28806"}],"wp:attachment":[{"href":"https:\/\/avtech-hn.com\/blog\/wp-json\/wp\/v2\/media?parent=28817"}],"wp:term":[{"taxonomy":"product_cat","embeddable":true,"href":"https:\/\/avtech-hn.com\/blog\/wp-json\/wp\/v2\/product_cat?post=28817"},{"taxonomy":"product_tag","embeddable":true,"href":"https:\/\/avtech-hn.com\/blog\/wp-json\/wp\/v2\/product_tag?post=28817"}],"curies":[{"name":"wp","href":"https:\/\/api.w.org\/{rel}","templated":true}]}}