{"id":29156,"date":"2021-02-11T12:11:23","date_gmt":"2021-02-11T18:11:23","guid":{"rendered":"https:\/\/avtech-hn.com\/blog\/?post_type=product&#038;p=29156"},"modified":"2021-02-17T10:01:21","modified_gmt":"2021-02-17T16:01:21","slug":"microfono-shure-beta57a","status":"publish","type":"product","link":"https:\/\/avtech-hn.com\/blog\/product\/microfono-shure-beta57a\/","title":{"rendered":"Micr\u00f3fono \u2013 Shure &#8211; BETA57A"},"content":{"rendered":"\t\t<div data-elementor-type=\"wp-post\" data-elementor-id=\"29156\" class=\"elementor elementor-29156\">\n\t\t\t\t\t\t<div class=\"elementor-inner\">\n\t\t\t\t<div class=\"elementor-section-wrap\">\n\t\t\t\t\t\t\t\t\t<section class=\"elementor-section elementor-top-section elementor-element elementor-element-33bd79a4 elementor-section-boxed elementor-section-height-default elementor-section-height-default\" data-id=\"33bd79a4\" data-element_type=\"section\">\n\t\t\t\t\t\t<div class=\"elementor-container elementor-column-gap-default\">\n\t\t\t\t\t\t\t<div class=\"elementor-row\">\n\t\t\t\t\t<div class=\"elementor-column elementor-col-100 elementor-top-column elementor-element elementor-element-38fdea0\" data-id=\"38fdea0\" data-element_type=\"column\">\n\t\t\t<div class=\"elementor-column-wrap elementor-element-populated\">\n\t\t\t\t\t\t\t<div class=\"elementor-widget-wrap\">\n\t\t\t\t\t\t<div class=\"elementor-element elementor-element-57a8daa2 elementor-widget elementor-widget-text-editor\" data-id=\"57a8daa2\" data-element_type=\"widget\" data-widget_type=\"text-editor.default\">\n\t\t\t\t<div class=\"elementor-widget-container\">\n\t\t\t\t\t\t\t\t<div class=\"elementor-text-editor elementor-clearfix\">\n\t\t\t\t<p>Shure fue fundado en 1925 bajo el nombre de The Shure Radio Company por un magnate del audio llamado Sidney Shure.<\/p><p>Hasta 1933, The Shure Radio Company solo se dedic\u00f3 a la fabricaci\u00f3n de componentes de radio. Desde ese momento, la compa\u00f1\u00eda expandi\u00f3 sus horizontes con micr\u00f3fonos, sistemas inal\u00e1mbricos, sistemas de monitoreo personal, cartuchos de fon\u00f3grafo, sistemas de discusi\u00f3n, mezcladores y procesadores digitales. Recientemente, la compa\u00f1\u00eda ha producido componentes de reproducci\u00f3n de sonido como auriculares.<\/p>\t\t\t\t\t<\/div>\n\t\t\t\t\t\t<\/div>\n\t\t\t\t<\/div>\n\t\t\t\t\t\t<\/div>\n\t\t\t\t\t<\/div>\n\t\t<\/div>\n\t\t\t\t\t\t\t\t<\/div>\n\t\t\t\t\t<\/div>\n\t\t<\/section>\n\t\t\t\t\t\t\t\t\t<\/div>\n\t\t\t<\/div>\n\t\t\t\t\t<\/div>\n\t\t","protected":false},"excerpt":{"rendered":"<p>\u00bfPara qu\u00e9 uso ha sido dise\u00f1ado el BETA 57A?<\/p>\n<p>Es un micro de gama alta para instrumentos que resulta perfecto para m\u00fasicos profesionales que quieran usarlo con distintos tipos de instrumentos amplificados y ac\u00fasticos como amplis de guitarra, guitarra ac\u00fastica, saxof\u00f3n, caja y metales. Tambi\u00e9n los cantantes pueden usarlo. El BETA 57A tiene la calidad y robustez ideales para su uso tanto sobre el escenario como en estudio.<\/p>\n<p>\u00bfCu\u00e1les son las caracter\u00edsticas del BETA 57A?<\/p>\n<p>Tiene una respuesta en frecuencia personalizada que ofrece calidez y presencia y mantiene un aut\u00e9ntico patr\u00f3n supercardioide en todo su rango de frecuencias. Esto asegura una alta ganancia antes de la realimentaci\u00f3n, el m\u00e1ximo aislamiento con respecto a otras fuentes de sonido y la m\u00ednima coloraci\u00f3n del sonido fuera del eje. Una rejilla de acero templado facilita el uso del efecto de proximidad y resiste cualquier tipo de uso.<\/p>\n","protected":false},"featured_media":29163,"comment_status":"open","ping_status":"closed","template":"","meta":[],"product_cat":[265],"product_tag":[660,65,335,590],"_links":{"self":[{"href":"https:\/\/avtech-hn.com\/blog\/wp-json\/wp\/v2\/product\/29156"}],"collection":[{"href":"https:\/\/avtech-hn.com\/blog\/wp-json\/wp\/v2\/product"}],"about":[{"href":"https:\/\/avtech-hn.com\/blog\/wp-json\/wp\/v2\/types\/product"}],"replies":[{"embeddable":true,"href":"https:\/\/avtech-hn.com\/blog\/wp-json\/wp\/v2\/comments?post=29156"}],"version-history":[{"count":1,"href":"https:\/\/avtech-hn.com\/blog\/wp-json\/wp\/v2\/product\/29156\/revisions"}],"predecessor-version":[{"id":29157,"href":"https:\/\/avtech-hn.com\/blog\/wp-json\/wp\/v2\/product\/29156\/revisions\/29157"}],"wp:featuredmedia":[{"embeddable":true,"href":"https:\/\/avtech-hn.com\/blog\/wp-json\/wp\/v2\/media\/29163"}],"wp:attachment":[{"href":"https:\/\/avtech-hn.com\/blog\/wp-json\/wp\/v2\/media?parent=29156"}],"wp:term":[{"taxonomy":"product_cat","embeddable":true,"href":"https:\/\/avtech-hn.com\/blog\/wp-json\/wp\/v2\/product_cat?post=29156"},{"taxonomy":"product_tag","embeddable":true,"href":"https:\/\/avtech-hn.com\/blog\/wp-json\/wp\/v2\/product_tag?post=29156"}],"curies":[{"name":"wp","href":"https:\/\/api.w.org\/{rel}","templated":true}]}}