{"id":29596,"date":"2021-04-22T12:55:18","date_gmt":"2021-04-22T18:55:18","guid":{"rendered":"https:\/\/avtech-hn.com\/blog\/?post_type=product&#038;p=29596"},"modified":"2021-10-26T13:18:34","modified_gmt":"2021-10-26T19:18:34","slug":"microfono-de-condensador-blastking-podc300","status":"publish","type":"product","link":"https:\/\/avtech-hn.com\/blog\/product\/microfono-de-condensador-blastking-podc300\/","title":{"rendered":"Micr\u00f3fono de Condensador &#8211; Blastking &#8211; PODC300"},"content":{"rendered":"\t\t<div data-elementor-type=\"wp-post\" data-elementor-id=\"29596\" class=\"elementor elementor-29596\">\n\t\t\t\t\t\t<div class=\"elementor-inner\">\n\t\t\t\t<div class=\"elementor-section-wrap\">\n\t\t\t\t\t\t\t\t\t<section class=\"elementor-section elementor-top-section elementor-element elementor-element-33bd79a4 elementor-section-boxed elementor-section-height-default elementor-section-height-default\" data-id=\"33bd79a4\" data-element_type=\"section\">\n\t\t\t\t\t\t<div class=\"elementor-container elementor-column-gap-default\">\n\t\t\t\t\t\t\t<div class=\"elementor-row\">\n\t\t\t\t\t<div class=\"elementor-column elementor-col-100 elementor-top-column elementor-element elementor-element-38fdea0\" data-id=\"38fdea0\" data-element_type=\"column\">\n\t\t\t<div class=\"elementor-column-wrap elementor-element-populated\">\n\t\t\t\t\t\t\t<div class=\"elementor-widget-wrap\">\n\t\t\t\t\t\t<div class=\"elementor-element elementor-element-57a8daa2 elementor-widget elementor-widget-text-editor\" data-id=\"57a8daa2\" data-element_type=\"widget\" data-widget_type=\"text-editor.default\">\n\t\t\t\t<div class=\"elementor-widget-container\">\n\t\t\t\t\t\t\t\t<div class=\"elementor-text-editor elementor-clearfix\">\n\t\t\t\t<p id=\"tw-target-text\" class=\"tw-data-text tw-text-large XcVN5d tw-ta\" dir=\"ltr\" data-placeholder=\"Traducci\u00f3n\"><span class=\"Y2IQFc\" lang=\"es\">BlastKing fue fundada en 1984 por el Sr. Bernard Kremen con una sola cosa en mente. Eso se convertir\u00eda en una marca de audio profesional reconocida y respetada a nivel mundial. A lo largo de las \u00faltimas tres d\u00e9cadas, BlastKing ha servido a los mercados comerciales e industriales de las Am\u00e9ricas proporcionando productos de calidad con un gran servicio. <br \/>Hoy, BlastKing es un paso m\u00e1s para hacer realidad la visi\u00f3n del Sr. Kremen. Operando en una instalaci\u00f3n de 50,000 pies cuadrados, BlastKing ha comenzado a dise\u00f1ar y fabricar productos profesionales innovadores dirigidos a los m\u00fasicos, int\u00e9rpretes y entusiastas del sonido del mundo. <br \/>Nuestro equipo de profesionales es un apasionado de la industria y comparte los mismos valores; Calidad, Servicio y Compromiso. <br \/>Esa es la base sobre la que se ha construido BlastKing. Nos esforzamos por mejorar constantemente nuestra calidad y nos enorgullecemos de ofrecer productos con valor para nuestros clientes y socios comerciales en todo el mundo. Nuestro equipo en BlastKing continuar\u00e1 trabajando arduamente para brindarle soluciones de audio profesionales para garantizar la mejor experiencia de sonido para usted y su audiencia.<\/span><\/p>\t\t\t\t\t<\/div>\n\t\t\t\t\t\t<\/div>\n\t\t\t\t<\/div>\n\t\t\t\t\t\t<\/div>\n\t\t\t\t\t<\/div>\n\t\t<\/div>\n\t\t\t\t\t\t\t\t<\/div>\n\t\t\t\t\t<\/div>\n\t\t<\/section>\n\t\t\t\t\t\t\t\t\t<\/div>\n\t\t\t<\/div>\n\t\t\t\t\t<\/div>\n\t\t","protected":false},"excerpt":{"rendered":"<p class=\"tw-data-text tw-text-large XcVN5d tw-ta\" dir=\"ltr\" data-placeholder=\"Traducci\u00f3n\">INCLUYE:<br \/>\n<span class=\"Y2IQFc\" lang=\"es\">&#8211; Micr\u00f3fono de condensador<br \/>\n&#8211; Filtro pop<br \/>\n&#8211; Montura de choque<br \/>\n&#8211; Cable XLR de 10 pies<\/p>\n<p>ESPECIFICACIONES DE MICR\u00d3FONO:<br \/>\n<\/span><\/p>\n<p id=\"tw-target-text\" class=\"tw-data-text tw-text-large XcVN5d tw-ta\" dir=\"ltr\" data-placeholder=\"Traducci\u00f3n\"><span class=\"Y2IQFc\" lang=\"es\">Elemento: Condensador de polarizaci\u00f3n permanente, placa posterior de carga fija<br \/>\nPatr\u00f3n polar: cardioide<br \/>\nRespuesta de frecuencia: 20-20.000 Hz<br \/>\nSensibilidad de circuito abierto: \u201337 dB (14,1 mV) re 1V a 1 Pa<br \/>\nImpedancia: 100 ohmios<br \/>\nNivel m\u00e1ximo de sonido de entrada: 144 dB SPL, 1 KHz a 1% T.H.D.<br \/>\nRuido: 20 dB SPL<br \/>\nRango din\u00e1mico (t\u00edpico): 124 dB, 1 KHz a Max SPL<br \/>\nRelaci\u00f3n se\u00f1al-ruido: 74 dB, 1 KHz a 1 Pa<br \/>\nRequisitos de alimentaci\u00f3n Phantom: 48 V CC, 2 mA t\u00edpico<br \/>\nConector de salida: XLRM de 3 pines chapado en oro<br \/>\n<\/span><\/p>\n<p class=\"tw-data-text tw-text-large XcVN5d tw-ta\" dir=\"ltr\" data-placeholder=\"Traducci\u00f3n\"><span class=\"Y2IQFc\" lang=\"es\">\u00a0<\/span><\/p>\n","protected":false},"featured_media":29597,"comment_status":"open","ping_status":"closed","template":"","meta":[],"product_cat":[1145],"product_tag":[1137,65,1141],"_links":{"self":[{"href":"https:\/\/avtech-hn.com\/blog\/wp-json\/wp\/v2\/product\/29596"}],"collection":[{"href":"https:\/\/avtech-hn.com\/blog\/wp-json\/wp\/v2\/product"}],"about":[{"href":"https:\/\/avtech-hn.com\/blog\/wp-json\/wp\/v2\/types\/product"}],"replies":[{"embeddable":true,"href":"https:\/\/avtech-hn.com\/blog\/wp-json\/wp\/v2\/comments?post=29596"}],"version-history":[{"count":1,"href":"https:\/\/avtech-hn.com\/blog\/wp-json\/wp\/v2\/product\/29596\/revisions"}],"predecessor-version":[{"id":29601,"href":"https:\/\/avtech-hn.com\/blog\/wp-json\/wp\/v2\/product\/29596\/revisions\/29601"}],"wp:featuredmedia":[{"embeddable":true,"href":"https:\/\/avtech-hn.com\/blog\/wp-json\/wp\/v2\/media\/29597"}],"wp:attachment":[{"href":"https:\/\/avtech-hn.com\/blog\/wp-json\/wp\/v2\/media?parent=29596"}],"wp:term":[{"taxonomy":"product_cat","embeddable":true,"href":"https:\/\/avtech-hn.com\/blog\/wp-json\/wp\/v2\/product_cat?post=29596"},{"taxonomy":"product_tag","embeddable":true,"href":"https:\/\/avtech-hn.com\/blog\/wp-json\/wp\/v2\/product_tag?post=29596"}],"curies":[{"name":"wp","href":"https:\/\/api.w.org\/{rel}","templated":true}]}}