{"id":31227,"date":"2022-01-15T13:14:51","date_gmt":"2022-01-15T19:14:51","guid":{"rendered":"https:\/\/avtech-hn.com\/blog\/?post_type=product&#038;p=31227"},"modified":"2022-07-16T00:00:13","modified_gmt":"2022-07-16T06:00:13","slug":"guitarra-clasica-4-4-ortega-color-abeto-natural","status":"publish","type":"product","link":"https:\/\/avtech-hn.com\/blog\/product\/guitarra-clasica-4-4-ortega-color-abeto-natural\/","title":{"rendered":"Guitarra Cl\u00e1sica 4\/4 &#8211; Ortega &#8211; Color Abeto Natural"},"content":{"rendered":"\t\t<div data-elementor-type=\"wp-post\" data-elementor-id=\"31227\" class=\"elementor elementor-31227\">\n\t\t\t\t\t\t<div class=\"elementor-inner\">\n\t\t\t\t<div class=\"elementor-section-wrap\">\n\t\t\t\t\t\t\t\t\t<section class=\"elementor-section elementor-top-section elementor-element elementor-element-33bd79a4 elementor-section-boxed elementor-section-height-default elementor-section-height-default\" data-id=\"33bd79a4\" data-element_type=\"section\">\n\t\t\t\t\t\t<div class=\"elementor-container elementor-column-gap-default\">\n\t\t\t\t\t\t\t<div class=\"elementor-row\">\n\t\t\t\t\t<div class=\"elementor-column elementor-col-100 elementor-top-column elementor-element elementor-element-38fdea0\" data-id=\"38fdea0\" data-element_type=\"column\">\n\t\t\t<div class=\"elementor-column-wrap elementor-element-populated\">\n\t\t\t\t\t\t\t<div class=\"elementor-widget-wrap\">\n\t\t\t\t\t\t<div class=\"elementor-element elementor-element-0ba763c elementor-widget elementor-widget-text-editor\" data-id=\"0ba763c\" data-element_type=\"widget\" data-widget_type=\"text-editor.default\">\n\t\t\t\t<div class=\"elementor-widget-container\">\n\t\t\t\t\t\t\t\t<div class=\"elementor-text-editor elementor-clearfix\">\n\t\t\t\t<p id=\"tw-target-text\" class=\"tw-data-text tw-text-large tw-ta\" dir=\"ltr\" data-placeholder=\"Traducci\u00f3n\"><span class=\"Y2IQFc\" lang=\"es\">Fundada en 1994, Ortega Guitars introdujo el dise\u00f1o alem\u00e1n en los m\u00e9todos aut\u00e9nticos y tradicionales de fabricaci\u00f3n de guitarras. Comprometidos con la innovaci\u00f3n y la calidad, nos esforzamos por mejorar lo que se espera en todos los niveles de todos nuestros instrumentos ac\u00fasticos. <\/span><\/p>\t\t\t\t\t<\/div>\n\t\t\t\t\t\t<\/div>\n\t\t\t\t<\/div>\n\t\t\t\t\t\t<\/div>\n\t\t\t\t\t<\/div>\n\t\t<\/div>\n\t\t\t\t\t\t\t\t<\/div>\n\t\t\t\t\t<\/div>\n\t\t<\/section>\n\t\t\t\t\t\t\t\t\t<\/div>\n\t\t\t<\/div>\n\t\t\t\t\t<\/div>\n\t\t","protected":false},"excerpt":{"rendered":"<p><span class=\"a-list-item\">Guitarra cl\u00e1sica R121 de tama\u00f1o completo con cuerdas de nylon<br \/>\n<\/span><span class=\"a-list-item\">Madera de tapa superior: Abeto (Spurce)<br \/>\nMadera de tapa trasera y laterales: Caoba, acabado satinado natural<br \/>\n<\/span><span class=\"a-list-item\">Madera de Cuello: caoba, acabado satinado<br \/>\nMadera de diapas\u00f3n y puente: Nogal<br \/>\n19 trastes<br \/>\nClavijas cromadas con botones de perla<br \/>\nVarilla de alma de 2 v\u00edas<br \/>\nPuente de 12 agujeros: proporciona un mayor \u00e1ngulo de rotura para un sonido m\u00e1s limpio, n\u00edtido y r\u00e1pido reemplazo de cuerda<\/span><\/p>\n","protected":false},"featured_media":31192,"comment_status":"open","ping_status":"closed","template":"","meta":[],"product_cat":[258],"product_tag":[259,1199,1200],"_links":{"self":[{"href":"https:\/\/avtech-hn.com\/blog\/wp-json\/wp\/v2\/product\/31227"}],"collection":[{"href":"https:\/\/avtech-hn.com\/blog\/wp-json\/wp\/v2\/product"}],"about":[{"href":"https:\/\/avtech-hn.com\/blog\/wp-json\/wp\/v2\/types\/product"}],"replies":[{"embeddable":true,"href":"https:\/\/avtech-hn.com\/blog\/wp-json\/wp\/v2\/comments?post=31227"}],"version-history":[{"count":2,"href":"https:\/\/avtech-hn.com\/blog\/wp-json\/wp\/v2\/product\/31227\/revisions"}],"predecessor-version":[{"id":31229,"href":"https:\/\/avtech-hn.com\/blog\/wp-json\/wp\/v2\/product\/31227\/revisions\/31229"}],"wp:featuredmedia":[{"embeddable":true,"href":"https:\/\/avtech-hn.com\/blog\/wp-json\/wp\/v2\/media\/31192"}],"wp:attachment":[{"href":"https:\/\/avtech-hn.com\/blog\/wp-json\/wp\/v2\/media?parent=31227"}],"wp:term":[{"taxonomy":"product_cat","embeddable":true,"href":"https:\/\/avtech-hn.com\/blog\/wp-json\/wp\/v2\/product_cat?post=31227"},{"taxonomy":"product_tag","embeddable":true,"href":"https:\/\/avtech-hn.com\/blog\/wp-json\/wp\/v2\/product_tag?post=31227"}],"curies":[{"name":"wp","href":"https:\/\/api.w.org\/{rel}","templated":true}]}}