{"id":31291,"date":"2022-01-18T16:42:30","date_gmt":"2022-01-18T22:42:30","guid":{"rendered":"https:\/\/avtech-hn.com\/blog\/?post_type=product&#038;p=31291"},"modified":"2023-02-07T11:06:11","modified_gmt":"2023-02-07T17:06:11","slug":"subwoofer-activo-elx118p-electro-voice-700w-rms","status":"publish","type":"product","link":"https:\/\/avtech-hn.com\/blog\/product\/subwoofer-activo-elx118p-electro-voice-700w-rms\/","title":{"rendered":"Subwoofer Activo ELX118P &#8211; Electro-Voice &#8211; 700W RMS"},"content":{"rendered":"\t\t<div data-elementor-type=\"wp-post\" data-elementor-id=\"31291\" class=\"elementor elementor-31291\">\n\t\t\t\t\t\t<div class=\"elementor-inner\">\n\t\t\t\t<div class=\"elementor-section-wrap\">\n\t\t\t\t\t\t\t\t\t<section class=\"elementor-section elementor-top-section elementor-element elementor-element-33bd79a4 elementor-section-boxed elementor-section-height-default elementor-section-height-default\" data-id=\"33bd79a4\" data-element_type=\"section\">\n\t\t\t\t\t\t<div class=\"elementor-container elementor-column-gap-default\">\n\t\t\t\t\t\t\t<div class=\"elementor-row\">\n\t\t\t\t\t<div class=\"elementor-column elementor-col-100 elementor-top-column elementor-element elementor-element-38fdea0\" data-id=\"38fdea0\" data-element_type=\"column\">\n\t\t\t<div class=\"elementor-column-wrap elementor-element-populated\">\n\t\t\t\t\t\t\t<div class=\"elementor-widget-wrap\">\n\t\t\t\t\t\t<div class=\"elementor-element elementor-element-57a8daa2 elementor-widget elementor-widget-text-editor\" data-id=\"57a8daa2\" data-element_type=\"widget\" data-widget_type=\"text-editor.default\">\n\t\t\t\t<div class=\"elementor-widget-container\">\n\t\t\t\t\t\t\t\t<div class=\"elementor-text-editor elementor-clearfix\">\n\t\t\t\t<p>Electro-Voice se distingue como una de las pocas compa\u00f1\u00edas que dise\u00f1a todos los componentes de forma interna: <br \/>gabinetes, gu\u00edas de onda, controladores, lo que garantiza una excelente calidad para cada aplicaci\u00f3n de audio, desde un altavoz independiente hasta un sistema de sonido en red. <\/p><p>Nuestros productos literalmente hablan por s\u00ed mismos: nos esforzamos por lograr una transparencia y linealidad completas en nuestros transductores, por lo que se minimiza la necesidad de procesamiento externo. <\/p><p>En definitiva, es nuestro historial de patentes lo que demuestra el punto: inventamos, otros imitan.<\/p>\t\t\t\t\t<\/div>\n\t\t\t\t\t\t<\/div>\n\t\t\t\t<\/div>\n\t\t\t\t\t\t<\/div>\n\t\t\t\t\t<\/div>\n\t\t<\/div>\n\t\t\t\t\t\t\t\t<\/div>\n\t\t\t\t\t<\/div>\n\t\t<\/section>\n\t\t\t\t\t\t\t\t\t<\/div>\n\t\t\t<\/div>\n\t\t\t\t\t<\/div>\n\t\t","protected":false},"excerpt":{"rendered":"<p>ESPECIFICACIONES:<\/p>\n<p>Estructura de madera.<br \/>\n700W (clase D) por unidad.<br \/>\n134 dB m\u00e1x. SPL; 42 Hz &#8211; 20 kHz<br \/>\n<span class=\"Y2IQFc\" lang=\"es\">1 EVS-18K, altavoz de graves de 457 mm (18&#8243;)<\/span><\/p>\n<p>31.3 kg (68.9 lbs)<\/p>\n<p>(1) XLR\/TRS Combo Jack,<br \/>\n(1) XLR Link Output<br \/>\n<span lang=\"es\"><br \/>\nDimensiones: 661mm x 507mm x 574mm (26.02&#8243; x 19.98&#8243; x 22.60&#8243;)<\/span><\/p>\n","protected":false},"featured_media":31292,"comment_status":"open","ping_status":"closed","template":"","meta":[],"product_cat":[93],"product_tag":[53,55,72,56,61],"_links":{"self":[{"href":"https:\/\/avtech-hn.com\/blog\/wp-json\/wp\/v2\/product\/31291"}],"collection":[{"href":"https:\/\/avtech-hn.com\/blog\/wp-json\/wp\/v2\/product"}],"about":[{"href":"https:\/\/avtech-hn.com\/blog\/wp-json\/wp\/v2\/types\/product"}],"replies":[{"embeddable":true,"href":"https:\/\/avtech-hn.com\/blog\/wp-json\/wp\/v2\/comments?post=31291"}],"version-history":[{"count":6,"href":"https:\/\/avtech-hn.com\/blog\/wp-json\/wp\/v2\/product\/31291\/revisions"}],"predecessor-version":[{"id":33278,"href":"https:\/\/avtech-hn.com\/blog\/wp-json\/wp\/v2\/product\/31291\/revisions\/33278"}],"wp:featuredmedia":[{"embeddable":true,"href":"https:\/\/avtech-hn.com\/blog\/wp-json\/wp\/v2\/media\/31292"}],"wp:attachment":[{"href":"https:\/\/avtech-hn.com\/blog\/wp-json\/wp\/v2\/media?parent=31291"}],"wp:term":[{"taxonomy":"product_cat","embeddable":true,"href":"https:\/\/avtech-hn.com\/blog\/wp-json\/wp\/v2\/product_cat?post=31291"},{"taxonomy":"product_tag","embeddable":true,"href":"https:\/\/avtech-hn.com\/blog\/wp-json\/wp\/v2\/product_tag?post=31291"}],"curies":[{"name":"wp","href":"https:\/\/api.w.org\/{rel}","templated":true}]}}