{"id":31401,"date":"2022-02-03T11:04:25","date_gmt":"2022-02-03T17:04:25","guid":{"rendered":"https:\/\/avtech-hn.com\/blog\/?post_type=product&#038;p=31401"},"modified":"2022-02-03T13:02:26","modified_gmt":"2022-02-03T19:02:26","slug":"pedestal-para-guitarra-gator-gfw-series","status":"publish","type":"product","link":"https:\/\/avtech-hn.com\/blog\/product\/pedestal-para-guitarra-gator-gfw-series\/","title":{"rendered":"Pedestal para guitarra &#8211; Gator &#8211; GFW 1000 Series"},"content":{"rendered":"\t\t<div data-elementor-type=\"wp-post\" data-elementor-id=\"31401\" class=\"elementor elementor-31401\">\n\t\t\t\t\t\t<div class=\"elementor-inner\">\n\t\t\t\t<div class=\"elementor-section-wrap\">\n\t\t\t\t\t\t\t\t\t<section class=\"elementor-section elementor-top-section elementor-element elementor-element-33bd79a4 elementor-section-boxed elementor-section-height-default elementor-section-height-default\" data-id=\"33bd79a4\" data-element_type=\"section\">\n\t\t\t\t\t\t<div class=\"elementor-container elementor-column-gap-default\">\n\t\t\t\t\t\t\t<div class=\"elementor-row\">\n\t\t\t\t\t<div class=\"elementor-column elementor-col-100 elementor-top-column elementor-element elementor-element-38fdea0\" data-id=\"38fdea0\" data-element_type=\"column\">\n\t\t\t<div class=\"elementor-column-wrap elementor-element-populated\">\n\t\t\t\t\t\t\t<div class=\"elementor-widget-wrap\">\n\t\t\t\t\t\t<div class=\"elementor-element elementor-element-57a8daa2 elementor-widget elementor-widget-text-editor\" data-id=\"57a8daa2\" data-element_type=\"widget\" data-widget_type=\"text-editor.default\">\n\t\t\t\t<div class=\"elementor-widget-container\">\n\t\t\t\t\t\t\t\t<div class=\"elementor-text-editor elementor-clearfix\">\n\t\t\t\t<p class=\"gator\">Gator Cases fue fundada en 2000 por el equipo de padre e hija Jerry Freed y Crystal Morris en Tampa, Florida. Inicialmente, se lanzaron con una peque\u00f1a oferta de fundas de guitarra de pl\u00e1stico moldeadas en el show Summer NAMM en Nashville, Tennessee. Desde all\u00ed, expandieron la l\u00ednea de productos para incluir soluciones de fundas y bolsas para audio profesional, TI, audio visual, utilidad general, instrumento de banda y percusi\u00f3n. La l\u00ednea ahora consta de m\u00e1s de 1000 soluciones diferentes que est\u00e1n hechas de pl\u00e1sticos moldeados al vac\u00edo, pl\u00e1sticos moldeados por rotaci\u00f3n, madera, cosidos y materiales de EVA.<\/p><p class=\"gator\">Aprovechando la experiencia de la empresa en el dise\u00f1o y la fabricaci\u00f3n de estuches, Gator tambi\u00e9n ha desarrollado una divisi\u00f3n OEM completa que trabaja con empresas l\u00edderes de todo el mundo para dise\u00f1ar y fabricar estuches a medida para fabricantes de equipos originales.<\/p>\t\t\t\t\t<\/div>\n\t\t\t\t\t\t<\/div>\n\t\t\t\t<\/div>\n\t\t\t\t\t\t<\/div>\n\t\t\t\t\t<\/div>\n\t\t<\/div>\n\t\t\t\t\t\t\t\t<\/div>\n\t\t\t\t\t<\/div>\n\t\t<\/section>\n\t\t\t\t\t\t\t\t\t<\/div>\n\t\t\t<\/div>\n\t\t\t\t\t<\/div>\n\t\t","protected":false},"excerpt":{"rendered":"<p>Soporte de guitarra simple de Frameworks con tubo resistente y acolchado de goma compatible con el acabado de instrumentos<\/p>\n","protected":false},"featured_media":31417,"comment_status":"open","ping_status":"closed","template":"","meta":[],"product_cat":[364],"product_tag":[1213,369],"_links":{"self":[{"href":"https:\/\/avtech-hn.com\/blog\/wp-json\/wp\/v2\/product\/31401"}],"collection":[{"href":"https:\/\/avtech-hn.com\/blog\/wp-json\/wp\/v2\/product"}],"about":[{"href":"https:\/\/avtech-hn.com\/blog\/wp-json\/wp\/v2\/types\/product"}],"replies":[{"embeddable":true,"href":"https:\/\/avtech-hn.com\/blog\/wp-json\/wp\/v2\/comments?post=31401"}],"version-history":[{"count":1,"href":"https:\/\/avtech-hn.com\/blog\/wp-json\/wp\/v2\/product\/31401\/revisions"}],"predecessor-version":[{"id":31405,"href":"https:\/\/avtech-hn.com\/blog\/wp-json\/wp\/v2\/product\/31401\/revisions\/31405"}],"wp:featuredmedia":[{"embeddable":true,"href":"https:\/\/avtech-hn.com\/blog\/wp-json\/wp\/v2\/media\/31417"}],"wp:attachment":[{"href":"https:\/\/avtech-hn.com\/blog\/wp-json\/wp\/v2\/media?parent=31401"}],"wp:term":[{"taxonomy":"product_cat","embeddable":true,"href":"https:\/\/avtech-hn.com\/blog\/wp-json\/wp\/v2\/product_cat?post=31401"},{"taxonomy":"product_tag","embeddable":true,"href":"https:\/\/avtech-hn.com\/blog\/wp-json\/wp\/v2\/product_tag?post=31401"}],"curies":[{"name":"wp","href":"https:\/\/api.w.org\/{rel}","templated":true}]}}