{"id":32246,"date":"2022-07-12T13:59:56","date_gmt":"2022-07-12T19:59:56","guid":{"rendered":"https:\/\/avtech-hn.com\/blog\/?post_type=product&#038;p=32246"},"modified":"2023-02-22T17:45:19","modified_gmt":"2023-02-22T23:45:19","slug":"pedal-de-sustain-cascha","status":"publish","type":"product","link":"https:\/\/avtech-hn.com\/blog\/product\/pedal-de-sustain-cascha\/","title":{"rendered":"Pedal de Sustain &#8211; Cascha"},"content":{"rendered":"\t\t<div data-elementor-type=\"wp-post\" data-elementor-id=\"32246\" class=\"elementor elementor-32246\">\n\t\t\t\t\t\t<div class=\"elementor-inner\">\n\t\t\t\t<div class=\"elementor-section-wrap\">\n\t\t\t\t\t\t\t\t\t<section class=\"elementor-section elementor-top-section elementor-element elementor-element-33bd79a4 elementor-section-boxed elementor-section-height-default elementor-section-height-default\" data-id=\"33bd79a4\" data-element_type=\"section\">\n\t\t\t\t\t\t<div class=\"elementor-container elementor-column-gap-default\">\n\t\t\t\t\t\t\t<div class=\"elementor-row\">\n\t\t\t\t\t<div class=\"elementor-column elementor-col-100 elementor-top-column elementor-element elementor-element-38fdea0\" data-id=\"38fdea0\" data-element_type=\"column\">\n\t\t\t<div class=\"elementor-column-wrap elementor-element-populated\">\n\t\t\t\t\t\t\t<div class=\"elementor-widget-wrap\">\n\t\t\t\t\t\t<div class=\"elementor-element elementor-element-57a8daa2 elementor-widget elementor-widget-text-editor\" data-id=\"57a8daa2\" data-element_type=\"widget\" data-widget_type=\"text-editor.default\">\n\t\t\t\t<div class=\"elementor-widget-container\">\n\t\t\t\t\t\t\t\t<div class=\"elementor-text-editor elementor-clearfix\">\n\t\t\t\t<p dir=\"ltr\" data-placeholder=\"Traducci\u00f3n\"><span class=\"Y2IQFc\" lang=\"es\">Los instrumentos musicales, los accesorios y los sets de Cascha son la introducci\u00f3n perfecta al fascinante mundo de la m\u00fasica. <br \/>La gama de productos incluye los instrumentos b\u00e1sicos m\u00e1s populares, como ukelele, guitarra, flauta dulce, arm\u00f3nica, instrumentos de percusi\u00f3n y mucho m\u00e1s. <br \/>Los instrumentos de Cascha ofrecen a los m\u00fasicos principiantes y avanzados una excelente calidad y un gran sonido a una relaci\u00f3n precio\/rendimiento inmejorable. Esta es la raz\u00f3n por la que los instrumentos Cascha se utilizan a menudo en las lecciones de m\u00fasica y en la educaci\u00f3n musical temprana.<\/span><\/p>\t\t\t\t\t<\/div>\n\t\t\t\t\t\t<\/div>\n\t\t\t\t<\/div>\n\t\t\t\t\t\t<\/div>\n\t\t\t\t\t<\/div>\n\t\t<\/div>\n\t\t\t\t\t\t\t\t<\/div>\n\t\t\t\t\t<\/div>\n\t\t<\/section>\n\t\t\t\t\t\t\t\t\t<\/div>\n\t\t\t<\/div>\n\t\t\t\t\t<\/div>\n\t\t","protected":false},"excerpt":{"rendered":"<p>El pedal Cascha Sustain produce un agradable sostenido similar al de un piano.\u00a0Al presionar el pedal, las notas tocadas suenan m\u00e1s tiempo.\u00a0De esta forma, se puede dar una variedad adicional a una melod\u00eda.\u00a0El pedal de sostenido impresiona por su f\u00e1cil respuesta y su est\u00e9tica discreta.\u00a0El pedal es robusto y compacto.\u00a0Se pega al suelo gracias a la goma adherida a la parte inferior.\u00a0Se puede conectar o desconectar f\u00e1cilmente de un teclado o piano digital en cualquier momento.\u00a0Disfruta de sonidos de pedal realistas con el potente pedal de sostenido de Cascha.<\/p>\n","protected":false},"featured_media":32248,"comment_status":"open","ping_status":"closed","template":"","meta":[],"product_cat":[1113,1112],"product_tag":[1242,1248,1249,1247],"_links":{"self":[{"href":"https:\/\/avtech-hn.com\/blog\/wp-json\/wp\/v2\/product\/32246"}],"collection":[{"href":"https:\/\/avtech-hn.com\/blog\/wp-json\/wp\/v2\/product"}],"about":[{"href":"https:\/\/avtech-hn.com\/blog\/wp-json\/wp\/v2\/types\/product"}],"replies":[{"embeddable":true,"href":"https:\/\/avtech-hn.com\/blog\/wp-json\/wp\/v2\/comments?post=32246"}],"version-history":[{"count":2,"href":"https:\/\/avtech-hn.com\/blog\/wp-json\/wp\/v2\/product\/32246\/revisions"}],"predecessor-version":[{"id":32253,"href":"https:\/\/avtech-hn.com\/blog\/wp-json\/wp\/v2\/product\/32246\/revisions\/32253"}],"wp:featuredmedia":[{"embeddable":true,"href":"https:\/\/avtech-hn.com\/blog\/wp-json\/wp\/v2\/media\/32248"}],"wp:attachment":[{"href":"https:\/\/avtech-hn.com\/blog\/wp-json\/wp\/v2\/media?parent=32246"}],"wp:term":[{"taxonomy":"product_cat","embeddable":true,"href":"https:\/\/avtech-hn.com\/blog\/wp-json\/wp\/v2\/product_cat?post=32246"},{"taxonomy":"product_tag","embeddable":true,"href":"https:\/\/avtech-hn.com\/blog\/wp-json\/wp\/v2\/product_tag?post=32246"}],"curies":[{"name":"wp","href":"https:\/\/api.w.org\/{rel}","templated":true}]}}