{"id":32816,"date":"2022-11-11T14:21:33","date_gmt":"2022-11-11T20:21:33","guid":{"rendered":"https:\/\/avtech-hn.com\/blog\/?post_type=product&#038;p=32816"},"modified":"2022-11-21T14:13:19","modified_gmt":"2022-11-21T20:13:19","slug":"cuerda-suelta-para-bajo-daddario-xb045sl-045","status":"publish","type":"product","link":"https:\/\/avtech-hn.com\/blog\/product\/cuerda-suelta-para-bajo-daddario-xb045sl-045\/","title":{"rendered":"Cuerda suelta para bajo &#8211; D&#8217;Addario &#8211; XB045SL &#8211; .045"},"content":{"rendered":"\t\t<div data-elementor-type=\"wp-post\" data-elementor-id=\"32816\" class=\"elementor elementor-32816\">\n\t\t\t\t\t\t<div class=\"elementor-inner\">\n\t\t\t\t<div class=\"elementor-section-wrap\">\n\t\t\t\t\t\t\t\t\t<section class=\"elementor-section elementor-top-section elementor-element elementor-element-33bd79a4 elementor-section-boxed elementor-section-height-default elementor-section-height-default\" data-id=\"33bd79a4\" data-element_type=\"section\">\n\t\t\t\t\t\t<div class=\"elementor-container elementor-column-gap-default\">\n\t\t\t\t\t\t\t<div class=\"elementor-row\">\n\t\t\t\t\t<div class=\"elementor-column elementor-col-100 elementor-top-column elementor-element elementor-element-38fdea0\" data-id=\"38fdea0\" data-element_type=\"column\">\n\t\t\t<div class=\"elementor-column-wrap elementor-element-populated\">\n\t\t\t\t\t\t\t<div class=\"elementor-widget-wrap\">\n\t\t\t\t\t\t<div class=\"elementor-element elementor-element-57a8daa2 elementor-widget elementor-widget-text-editor\" data-id=\"57a8daa2\" data-element_type=\"widget\" data-widget_type=\"text-editor.default\">\n\t\t\t\t<div class=\"elementor-widget-container\">\n\t\t\t\t\t\t\t\t<div class=\"elementor-text-editor elementor-clearfix\">\n\t\t\t\t<p id=\"tw-target-text\" class=\"tw-data-text tw-text-large tw-ta\" dir=\"ltr\" data-placeholder=\"Traducci\u00f3n\">En D\u2019Addario nos arriesgamos en expriementar con materiales, m\u00e1quinas y procesos de fabricaci\u00f3n patentados, nunca dejamos de probar y so\u00f1ar con mejores formas de superar las expectativas de los m\u00fasicos.<br \/><br \/>Ya sea experimentando con nuevos materiales o incursionando en nuevas l\u00edneas de productos, continuamente imaginamos nuevas formas de inspirar a los m\u00fasicos en todas \u00e1reas.<\/p>\t\t\t\t\t<\/div>\n\t\t\t\t\t\t<\/div>\n\t\t\t\t<\/div>\n\t\t\t\t\t\t<\/div>\n\t\t\t\t\t<\/div>\n\t\t<\/div>\n\t\t\t\t\t\t\t\t<\/div>\n\t\t\t\t\t<\/div>\n\t\t<\/section>\n\t\t\t\t\t\t\t\t\t<\/div>\n\t\t\t<\/div>\n\t\t\t\t\t<\/div>\n\t\t","protected":false},"excerpt":{"rendered":"<p><span class=\"a-list-item\">Cuerda entorchada en n\u00edquel calibre .045 para bajo<\/span><\/p>\n<p><span class=\"a-list-item\">Tono brillante caracter\u00edstico con bases claras<\/span><\/p>\n<p><span class=\"a-list-item\">Aptas para bajos de escala extra larga con una longitud de escala de la cuerda de hasta 38 pulgadas<\/span><\/p>\n<p><span class=\"a-list-item\">Perfecta como cuerda de repuesto o para armar juegos personalizados<\/span><\/p>\n<p><span class=\"a-list-item\">M\u00e1xima calidad y rendimiento<\/span><\/p>\n","protected":false},"featured_media":32804,"comment_status":"open","ping_status":"closed","template":"","meta":[],"product_cat":[95],"product_tag":[1266,1267,1201],"_links":{"self":[{"href":"https:\/\/avtech-hn.com\/blog\/wp-json\/wp\/v2\/product\/32816"}],"collection":[{"href":"https:\/\/avtech-hn.com\/blog\/wp-json\/wp\/v2\/product"}],"about":[{"href":"https:\/\/avtech-hn.com\/blog\/wp-json\/wp\/v2\/types\/product"}],"replies":[{"embeddable":true,"href":"https:\/\/avtech-hn.com\/blog\/wp-json\/wp\/v2\/comments?post=32816"}],"version-history":[{"count":3,"href":"https:\/\/avtech-hn.com\/blog\/wp-json\/wp\/v2\/product\/32816\/revisions"}],"predecessor-version":[{"id":32819,"href":"https:\/\/avtech-hn.com\/blog\/wp-json\/wp\/v2\/product\/32816\/revisions\/32819"}],"wp:featuredmedia":[{"embeddable":true,"href":"https:\/\/avtech-hn.com\/blog\/wp-json\/wp\/v2\/media\/32804"}],"wp:attachment":[{"href":"https:\/\/avtech-hn.com\/blog\/wp-json\/wp\/v2\/media?parent=32816"}],"wp:term":[{"taxonomy":"product_cat","embeddable":true,"href":"https:\/\/avtech-hn.com\/blog\/wp-json\/wp\/v2\/product_cat?post=32816"},{"taxonomy":"product_tag","embeddable":true,"href":"https:\/\/avtech-hn.com\/blog\/wp-json\/wp\/v2\/product_tag?post=32816"}],"curies":[{"name":"wp","href":"https:\/\/api.w.org\/{rel}","templated":true}]}}