{"id":33080,"date":"2022-12-29T17:51:04","date_gmt":"2022-12-29T23:51:04","guid":{"rendered":"https:\/\/avtech-hn.com\/blog\/?post_type=product&#038;p=33080"},"modified":"2022-12-29T18:01:45","modified_gmt":"2022-12-30T00:01:45","slug":"sujetador-de-body-pack-para-brazo-fitness-audio-talla-m","status":"publish","type":"product","link":"https:\/\/avtech-hn.com\/blog\/product\/sujetador-de-body-pack-para-brazo-fitness-audio-talla-m\/","title":{"rendered":"Sujetador de Body Pack para Brazo &#8211; Fitness Audio &#8211; Talla M"},"content":{"rendered":"\t\t<div data-elementor-type=\"wp-post\" data-elementor-id=\"33080\" class=\"elementor elementor-33080\">\n\t\t\t\t\t\t<div class=\"elementor-inner\">\n\t\t\t\t<div class=\"elementor-section-wrap\">\n\t\t\t\t\t\t\t\t\t<section class=\"elementor-section elementor-top-section elementor-element elementor-element-33bd79a4 elementor-section-boxed elementor-section-height-default elementor-section-height-default\" data-id=\"33bd79a4\" data-element_type=\"section\">\n\t\t\t\t\t\t<div class=\"elementor-container elementor-column-gap-default\">\n\t\t\t\t\t\t\t<div class=\"elementor-row\">\n\t\t\t\t\t<div class=\"elementor-column elementor-col-100 elementor-top-column elementor-element elementor-element-38fdea0\" data-id=\"38fdea0\" data-element_type=\"column\">\n\t\t\t<div class=\"elementor-column-wrap elementor-element-populated\">\n\t\t\t\t\t\t\t<div class=\"elementor-widget-wrap\">\n\t\t\t\t\t\t<div class=\"elementor-element elementor-element-57a8daa2 elementor-widget elementor-widget-text-editor\" data-id=\"57a8daa2\" data-element_type=\"widget\" data-widget_type=\"text-editor.default\">\n\t\t\t\t<div class=\"elementor-widget-container\">\n\t\t\t\t\t\t\t\t<div class=\"elementor-text-editor elementor-clearfix\">\n\t\t\t\t<p>\u00a1Fitness Audio, fuente n\u00famero uno de soluciones de audio para la industria del fitness! Est\u00e1n dedicados a brindar las mejores soluciones de audio para gimnasios. Su enfoque est\u00e1 en la calidad, la confiabilidad y una excelente experiencia para el cliente.<\/p>\t\t\t\t\t<\/div>\n\t\t\t\t\t\t<\/div>\n\t\t\t\t<\/div>\n\t\t\t\t\t\t<\/div>\n\t\t\t\t\t<\/div>\n\t\t<\/div>\n\t\t\t\t\t\t\t\t<\/div>\n\t\t\t\t\t<\/div>\n\t\t<\/section>\n\t\t\t\t\t\t\t\t\t<\/div>\n\t\t\t<\/div>\n\t\t\t\t\t<\/div>\n\t\t","protected":false},"excerpt":{"rendered":"<div class=\"woocommerce-product-details__short-description\">\n<p>Esta atractiva bolsa negra para el brazo que refleja la luz sostendr\u00e1 su transmisor Bodypack si es un instructor de fitness<br \/>\n<label class=\"screen-reader-text\" for=\"quantity_63acc19839500\"><\/label><\/p>\n<\/div>\n","protected":false},"featured_media":33082,"comment_status":"open","ping_status":"closed","template":"","meta":[],"product_cat":[1146],"product_tag":[1286,1287],"_links":{"self":[{"href":"https:\/\/avtech-hn.com\/blog\/wp-json\/wp\/v2\/product\/33080"}],"collection":[{"href":"https:\/\/avtech-hn.com\/blog\/wp-json\/wp\/v2\/product"}],"about":[{"href":"https:\/\/avtech-hn.com\/blog\/wp-json\/wp\/v2\/types\/product"}],"replies":[{"embeddable":true,"href":"https:\/\/avtech-hn.com\/blog\/wp-json\/wp\/v2\/comments?post=33080"}],"version-history":[{"count":2,"href":"https:\/\/avtech-hn.com\/blog\/wp-json\/wp\/v2\/product\/33080\/revisions"}],"predecessor-version":[{"id":33084,"href":"https:\/\/avtech-hn.com\/blog\/wp-json\/wp\/v2\/product\/33080\/revisions\/33084"}],"wp:featuredmedia":[{"embeddable":true,"href":"https:\/\/avtech-hn.com\/blog\/wp-json\/wp\/v2\/media\/33082"}],"wp:attachment":[{"href":"https:\/\/avtech-hn.com\/blog\/wp-json\/wp\/v2\/media?parent=33080"}],"wp:term":[{"taxonomy":"product_cat","embeddable":true,"href":"https:\/\/avtech-hn.com\/blog\/wp-json\/wp\/v2\/product_cat?post=33080"},{"taxonomy":"product_tag","embeddable":true,"href":"https:\/\/avtech-hn.com\/blog\/wp-json\/wp\/v2\/product_tag?post=33080"}],"curies":[{"name":"wp","href":"https:\/\/api.w.org\/{rel}","templated":true}]}}