{"id":33182,"date":"2023-01-30T14:24:55","date_gmt":"2023-01-30T20:24:55","guid":{"rendered":"https:\/\/avtech-hn.com\/blog\/?post_type=product&#038;p=33182"},"modified":"2023-01-30T14:25:58","modified_gmt":"2023-01-30T20:25:58","slug":"par-de-baquetas-vic-firth-ensemble-color-aqua-b15bxl","status":"publish","type":"product","link":"https:\/\/avtech-hn.com\/blog\/product\/par-de-baquetas-vic-firth-ensemble-color-aqua-b15bxl\/","title":{"rendered":"Par de Baquetas &#8211; Vic Firth &#8211; Ensemble Color Aqua &#8211; B15BXL"},"content":{"rendered":"\t\t<div data-elementor-type=\"wp-post\" data-elementor-id=\"33182\" class=\"elementor elementor-33182\">\n\t\t\t\t\t\t<div class=\"elementor-inner\">\n\t\t\t\t<div class=\"elementor-section-wrap\">\n\t\t\t\t\t\t\t\t\t<section class=\"elementor-section elementor-top-section elementor-element elementor-element-33bd79a4 elementor-section-boxed elementor-section-height-default elementor-section-height-default\" data-id=\"33bd79a4\" data-element_type=\"section\">\n\t\t\t\t\t\t<div class=\"elementor-container elementor-column-gap-default\">\n\t\t\t\t\t\t\t<div class=\"elementor-row\">\n\t\t\t\t\t<div class=\"elementor-column elementor-col-100 elementor-top-column elementor-element elementor-element-38fdea0\" data-id=\"38fdea0\" data-element_type=\"column\">\n\t\t\t<div class=\"elementor-column-wrap elementor-element-populated\">\n\t\t\t\t\t\t\t<div class=\"elementor-widget-wrap\">\n\t\t\t\t\t\t<div class=\"elementor-element elementor-element-57a8daa2 elementor-widget elementor-widget-text-editor\" data-id=\"57a8daa2\" data-element_type=\"widget\" data-widget_type=\"text-editor.default\">\n\t\t\t\t<div class=\"elementor-widget-container\">\n\t\t\t\t\t\t\t\t<div class=\"elementor-text-editor elementor-clearfix\">\n\t\t\t\t<p class=\"tw-data-text tw-text-large tw-ta\" dir=\"ltr\" data-placeholder=\"Traducci\u00f3n\">Durante casi 60 a\u00f1os, en Vic Firth Company nos hemos centrado en desarrollar y fabricar lo que se ha convertido en las baquetas, mazos, implementos alternativos y accesorios m\u00e1s populares del mundo&#8230; con la mejor durabilidad, sensaci\u00f3n y opciones de sonido, en la m\u00e1s amplia variedad de g\u00e9neros y estilos.<\/p><p class=\"tw-data-text tw-text-large tw-ta\" dir=\"ltr\" data-placeholder=\"Traducci\u00f3n\">Como bateristas, sabemos que cada par de manos que tiene un \u00abVic\u00bb es diferente, y tener el m\u00e1s amplio espectro de productos para permitirle encontrar ese \u00abpar perfecto\u00bb es tan importante para nosotros como lo es para usted. Porque lo sabemos, tener una herramienta en la que pueda confiar le permite estar en su zona y desbloquear un nivel diferente de rendimiento.<\/p><p>A tu manera, a tu estilo: tenemos lo que necesitas para hacer el trabajo. Despu\u00e9s de todo, esa b\u00fasqueda de la perfecci\u00f3n es la raz\u00f3n por la cual Vic Firth comenz\u00f3 su compa\u00f1\u00eda en primer lugar.<\/p>\t\t\t\t\t<\/div>\n\t\t\t\t\t\t<\/div>\n\t\t\t\t<\/div>\n\t\t\t\t\t\t<\/div>\n\t\t\t\t\t<\/div>\n\t\t<\/div>\n\t\t\t\t\t\t\t\t<\/div>\n\t\t\t\t\t<\/div>\n\t\t<\/section>\n\t\t\t\t\t\t\t\t\t<\/div>\n\t\t\t<\/div>\n\t\t\t\t\t<\/div>\n\t\t","protected":false},"excerpt":{"rendered":"<p>Dise\u00f1ado y pensado en conjuntos de percusi\u00f3n, orquesta y viento para ofrecer un sonido de calidad con m\u00e1s proyecci\u00f3n.<\/p>\n<p>Parche de hilo duro m\u00e1s grande, ideal para las dos octavas superiores de la marimba<\/p>\n<p>Dise\u00f1ado para ser muy articulado.<\/p>\n<p>Disponible con mango de abedul o rat\u00e1n<\/p>\n","protected":false},"featured_media":33162,"comment_status":"open","ping_status":"closed","template":"","meta":[],"product_cat":[387],"product_tag":[375,1291],"_links":{"self":[{"href":"https:\/\/avtech-hn.com\/blog\/wp-json\/wp\/v2\/product\/33182"}],"collection":[{"href":"https:\/\/avtech-hn.com\/blog\/wp-json\/wp\/v2\/product"}],"about":[{"href":"https:\/\/avtech-hn.com\/blog\/wp-json\/wp\/v2\/types\/product"}],"replies":[{"embeddable":true,"href":"https:\/\/avtech-hn.com\/blog\/wp-json\/wp\/v2\/comments?post=33182"}],"version-history":[{"count":1,"href":"https:\/\/avtech-hn.com\/blog\/wp-json\/wp\/v2\/product\/33182\/revisions"}],"predecessor-version":[{"id":33183,"href":"https:\/\/avtech-hn.com\/blog\/wp-json\/wp\/v2\/product\/33182\/revisions\/33183"}],"wp:featuredmedia":[{"embeddable":true,"href":"https:\/\/avtech-hn.com\/blog\/wp-json\/wp\/v2\/media\/33162"}],"wp:attachment":[{"href":"https:\/\/avtech-hn.com\/blog\/wp-json\/wp\/v2\/media?parent=33182"}],"wp:term":[{"taxonomy":"product_cat","embeddable":true,"href":"https:\/\/avtech-hn.com\/blog\/wp-json\/wp\/v2\/product_cat?post=33182"},{"taxonomy":"product_tag","embeddable":true,"href":"https:\/\/avtech-hn.com\/blog\/wp-json\/wp\/v2\/product_tag?post=33182"}],"curies":[{"name":"wp","href":"https:\/\/api.w.org\/{rel}","templated":true}]}}