{"id":33188,"date":"2023-01-30T14:35:48","date_gmt":"2023-01-30T20:35:48","guid":{"rendered":"https:\/\/avtech-hn.com\/blog\/?post_type=product&#038;p=33188"},"modified":"2023-01-30T14:35:48","modified_gmt":"2023-01-30T20:35:48","slug":"pedestal-para-microfono-con-boom-km25400","status":"publish","type":"product","link":"https:\/\/avtech-hn.com\/blog\/product\/pedestal-para-microfono-con-boom-km25400\/","title":{"rendered":"Pedestal para micr\u00f3fono con Boom &#8211; KM25400"},"content":{"rendered":"","protected":false},"excerpt":{"rendered":"<p><span>Soporte de micr\u00f3fono econ\u00f3mico y b\u00e1sico.\u00a0<\/span><\/p>\n<p><span>La pr\u00e1ctica articulaci\u00f3n giratoria permite que el brazo de pluma de una pieza se posicione simult\u00e1neamente para la inclinaci\u00f3n y la longitud.\u00a0<\/span><\/p>\n<p><span>Gracias a su bajo peso de solo 1,84 kg, es especialmente adecuado para el m\u00fasico m\u00f3vil.\u00a0<\/span><\/p>\n<p><span>El soporte requiere poco espacio ya que el di\u00e1metro de su base es de solo 660 mm.\u00a0<\/span><\/p>\n<p><span>Las grandes tapas de los pies ayudan a estabilizar el soporte y reducen el molesto ruido de transmisi\u00f3n<\/span><\/p>\n","protected":false},"featured_media":33168,"comment_status":"open","ping_status":"closed","template":"","meta":[],"product_cat":[373],"product_tag":[1292,374],"_links":{"self":[{"href":"https:\/\/avtech-hn.com\/blog\/wp-json\/wp\/v2\/product\/33188"}],"collection":[{"href":"https:\/\/avtech-hn.com\/blog\/wp-json\/wp\/v2\/product"}],"about":[{"href":"https:\/\/avtech-hn.com\/blog\/wp-json\/wp\/v2\/types\/product"}],"replies":[{"embeddable":true,"href":"https:\/\/avtech-hn.com\/blog\/wp-json\/wp\/v2\/comments?post=33188"}],"version-history":[{"count":1,"href":"https:\/\/avtech-hn.com\/blog\/wp-json\/wp\/v2\/product\/33188\/revisions"}],"predecessor-version":[{"id":33189,"href":"https:\/\/avtech-hn.com\/blog\/wp-json\/wp\/v2\/product\/33188\/revisions\/33189"}],"wp:featuredmedia":[{"embeddable":true,"href":"https:\/\/avtech-hn.com\/blog\/wp-json\/wp\/v2\/media\/33168"}],"wp:attachment":[{"href":"https:\/\/avtech-hn.com\/blog\/wp-json\/wp\/v2\/media?parent=33188"}],"wp:term":[{"taxonomy":"product_cat","embeddable":true,"href":"https:\/\/avtech-hn.com\/blog\/wp-json\/wp\/v2\/product_cat?post=33188"},{"taxonomy":"product_tag","embeddable":true,"href":"https:\/\/avtech-hn.com\/blog\/wp-json\/wp\/v2\/product_tag?post=33188"}],"curies":[{"name":"wp","href":"https:\/\/api.w.org\/{rel}","templated":true}]}}