{"id":33312,"date":"2023-02-13T09:38:05","date_gmt":"2023-02-13T15:38:05","guid":{"rendered":"https:\/\/avtech-hn.com\/blog\/?post_type=product&#038;p=33312"},"modified":"2023-02-13T09:56:17","modified_gmt":"2023-02-13T15:56:17","slug":"doble-pedal-para-bombo-gibraltar-5000-series","status":"publish","type":"product","link":"https:\/\/avtech-hn.com\/blog\/product\/doble-pedal-para-bombo-gibraltar-5000-series\/","title":{"rendered":"Doble Pedal para Bombo &#8211; Gibraltar &#8211; 5000 Series"},"content":{"rendered":"\t\t<div data-elementor-type=\"wp-post\" data-elementor-id=\"33312\" class=\"elementor elementor-33312\">\n\t\t\t\t\t\t<div class=\"elementor-inner\">\n\t\t\t\t<div class=\"elementor-section-wrap\">\n\t\t\t\t\t\t\t\t\t<section class=\"elementor-section elementor-top-section elementor-element elementor-element-33bd79a4 elementor-section-boxed elementor-section-height-default elementor-section-height-default\" data-id=\"33bd79a4\" data-element_type=\"section\">\n\t\t\t\t\t\t<div class=\"elementor-container elementor-column-gap-default\">\n\t\t\t\t\t\t\t<div class=\"elementor-row\">\n\t\t\t\t\t<div class=\"elementor-column elementor-col-100 elementor-top-column elementor-element elementor-element-38fdea0\" data-id=\"38fdea0\" data-element_type=\"column\">\n\t\t\t<div class=\"elementor-column-wrap elementor-element-populated\">\n\t\t\t\t\t\t\t<div class=\"elementor-widget-wrap\">\n\t\t\t\t\t\t<div class=\"elementor-element elementor-element-57a8daa2 elementor-widget elementor-widget-text-editor\" data-id=\"57a8daa2\" data-element_type=\"widget\" data-widget_type=\"text-editor.default\">\n\t\t\t\t<div class=\"elementor-widget-container\">\n\t\t\t\t\t\t\t\t<div class=\"elementor-text-editor elementor-clearfix\">\n\t\t\t\t<p id=\"tw-target-text\" class=\"tw-data-text tw-text-large tw-ta\" dir=\"ltr\" data-placeholder=\"Traducci\u00f3n\"><span class=\"Y2IQFc\" lang=\"es\">Una combinaci\u00f3n de pedal de contrabajo del tambor que combina la estabilidad de una placa de roca con la simplicidad de una transmisi\u00f3n de cadena \u00fanica. Con pedal esclavo a juego, conector ajustable y dos mazos de doble superficie. <br \/>Las nuevas caracter\u00edsticas incluyen un dise\u00f1o de tablero de pedal G de toque r\u00e1pido y un batidor pesado de 90 g de doble superficie balanceado de doble superficie. <br \/>Marco fundido con acabado negro texturizado. <br \/>Placas estabilizadoras de roca de acero.<br \/><\/span><\/p>\t\t\t\t\t<\/div>\n\t\t\t\t\t\t<\/div>\n\t\t\t\t<\/div>\n\t\t\t\t\t\t<\/div>\n\t\t\t\t\t<\/div>\n\t\t<\/div>\n\t\t\t\t\t\t\t\t<\/div>\n\t\t\t\t\t<\/div>\n\t\t<\/section>\n\t\t\t\t\t\t\t\t\t<\/div>\n\t\t\t<\/div>\n\t\t\t\t\t<\/div>\n\t\t","protected":false},"excerpt":{"rendered":"<p class=\"title\">Double Bass Pedal Chain Drive &#8211; 5711DB 5000 Series\uff5cGibraltar<\/p>\n","protected":false},"featured_media":33313,"comment_status":"open","ping_status":"closed","template":"","meta":[],"product_cat":[387],"product_tag":[1158,1298,928],"_links":{"self":[{"href":"https:\/\/avtech-hn.com\/blog\/wp-json\/wp\/v2\/product\/33312"}],"collection":[{"href":"https:\/\/avtech-hn.com\/blog\/wp-json\/wp\/v2\/product"}],"about":[{"href":"https:\/\/avtech-hn.com\/blog\/wp-json\/wp\/v2\/types\/product"}],"replies":[{"embeddable":true,"href":"https:\/\/avtech-hn.com\/blog\/wp-json\/wp\/v2\/comments?post=33312"}],"version-history":[{"count":7,"href":"https:\/\/avtech-hn.com\/blog\/wp-json\/wp\/v2\/product\/33312\/revisions"}],"predecessor-version":[{"id":33320,"href":"https:\/\/avtech-hn.com\/blog\/wp-json\/wp\/v2\/product\/33312\/revisions\/33320"}],"wp:featuredmedia":[{"embeddable":true,"href":"https:\/\/avtech-hn.com\/blog\/wp-json\/wp\/v2\/media\/33313"}],"wp:attachment":[{"href":"https:\/\/avtech-hn.com\/blog\/wp-json\/wp\/v2\/media?parent=33312"}],"wp:term":[{"taxonomy":"product_cat","embeddable":true,"href":"https:\/\/avtech-hn.com\/blog\/wp-json\/wp\/v2\/product_cat?post=33312"},{"taxonomy":"product_tag","embeddable":true,"href":"https:\/\/avtech-hn.com\/blog\/wp-json\/wp\/v2\/product_tag?post=33312"}],"curies":[{"name":"wp","href":"https:\/\/api.w.org\/{rel}","templated":true}]}}